{"id":4126,"date":"2021-09-09T10:05:38","date_gmt":"2021-09-09T14:05:38","guid":{"rendered":"https:\/\/platform.enroll-hd.org\/?page_id=4126"},"modified":"2021-11-19T13:24:44","modified_gmt":"2021-11-19T18:24:44","slug":"about-hd","status":"publish","type":"page","link":"https:\/\/enroll-hd.org\/it\/for-hd-families\/about-hd\/","title":{"rendered":"A proposito della MH"},"content":{"rendered":"<style>.elementor-4126 .elementor-element.elementor-element-ac7e2bb > .elementor-container{max-width:500px;}.elementor-4126 .elementor-element.elementor-element-ac7e2bb:not(.elementor-motion-effects-element-type-background), .elementor-4126 .elementor-element.elementor-element-ac7e2bb > .elementor-motion-effects-container > .elementor-motion-effects-layer{background-image:url(\"https:\/\/enroll-hd.org\/wp-content\/uploads\/2021\/11\/about-hd-header-1.jpg\");background-position:center center;background-repeat:no-repeat;background-size:cover;}.elementor-4126 .elementor-element.elementor-element-ac7e2bb > .elementor-background-overlay{background-color:#063089;opacity:0.3;transition:background 0.3s, border-radius 0.3s, opacity 0.3s;}.elementor-4126 .elementor-element.elementor-element-ac7e2bb{transition:background 0.3s, border 0.3s, border-radius 0.3s, box-shadow 0.3s;margin-top:0px;margin-bottom:0px;padding:5% 0% 5% 0%;}.elementor-4126 .elementor-element.elementor-element-b549693.elementor-column > .elementor-widget-wrap{justify-content:center;}.elementor-4126 .elementor-element.elementor-element-b549693 > .elementor-element-populated >  .elementor-background-overlay{background-color:var( --e-global-color-primary );opacity:0.8;}.elementor-4126 .elementor-element.elementor-element-b549693 > .elementor-element-populated{transition:background 0.3s, border 0.3s, border-radius 0.3s, box-shadow 0.3s;padding:40px 0px 40px 0px;}.elementor-4126 .elementor-element.elementor-element-b549693 > .elementor-element-populated > .elementor-background-overlay{transition:background 0.3s, border-radius 0.3s, opacity 0.3s;}.elementor-4126 .elementor-element.elementor-element-74185ad{text-align:center;}.elementor-4126 .elementor-element.elementor-element-74185ad .elementor-heading-title{font-family:var( --e-global-typography-51cde77-font-family ), Sans-serif;font-size:var( --e-global-typography-51cde77-font-size );font-weight:var( --e-global-typography-51cde77-font-weight );line-height:var( --e-global-typography-51cde77-line-height );letter-spacing:var( --e-global-typography-51cde77-letter-spacing );word-spacing:var( --e-global-typography-51cde77-word-spacing );color:#FFFFFF;}.elementor-4126 .elementor-element.elementor-element-eb2a925 .jeg-elementor-kit.jkit-button{text-align:center;}.elementor-4126 .elementor-element.elementor-element-eb2a925 .jeg-elementor-kit.jkit-button .jkit-button-wrapper{padding:0px 0px 0px 0px;font-family:var( --e-global-typography-6cb29b0-font-family ), Sans-serif;font-size:var( --e-global-typography-6cb29b0-font-size );font-weight:var( --e-global-typography-6cb29b0-font-weight );line-height:var( --e-global-typography-6cb29b0-line-height );letter-spacing:var( --e-global-typography-6cb29b0-letter-spacing );word-spacing:var( --e-global-typography-6cb29b0-word-spacing );color:#FFFFFF;background-color:#02010100;}.elementor-4126 .elementor-element.elementor-element-eb2a925 .jeg-elementor-kit.jkit-button .jkit-button-wrapper svg{fill:#FFFFFF;width:15px;}.elementor-4126 .elementor-element.elementor-element-eb2a925 .jeg-elementor-kit.jkit-button .jkit-button-wrapper i{font-size:15px;}.elementor-4126 .elementor-element.elementor-element-eb2a925 .jeg-elementor-kit.jkit-button.icon-position-before .jkit-button-wrapper i, .elementor-4126 .elementor-element.elementor-element-eb2a925 .jeg-elementor-kit.jkit-button.icon-position-before .jkit-button-wrapper svg{margin-right:10px;}.elementor-4126 .elementor-element.elementor-element-eb2a925 .jeg-elementor-kit.jkit-button.icon-position-after .jkit-button-wrapper i, .elementor-4126 .elementor-element.elementor-element-eb2a925 .jeg-elementor-kit.jkit-button.icon-position-after .jkit-button-wrapper svg{margin-left:10px;}.elementor-4126 .elementor-element.elementor-element-eb2a925 > .elementor-widget-container{margin:0px 10px 0px 0px;}.elementor-4126 .elementor-element.elementor-element-eb2a925{width:auto;max-width:auto;}.elementor-4126 .elementor-element.elementor-element-445ef07 .jeg-elementor-kit.jkit-button{text-align:center;}.elementor-4126 .elementor-element.elementor-element-445ef07 .jeg-elementor-kit.jkit-button .jkit-button-wrapper{padding:0px 0px 0px 0px;font-family:var( --e-global-typography-6cb29b0-font-family ), Sans-serif;font-size:var( --e-global-typography-6cb29b0-font-size );font-weight:var( --e-global-typography-6cb29b0-font-weight );line-height:var( --e-global-typography-6cb29b0-line-height );letter-spacing:var( --e-global-typography-6cb29b0-letter-spacing );word-spacing:var( --e-global-typography-6cb29b0-word-spacing );color:#FFFFFF;background-color:#02010100;}.elementor-4126 .elementor-element.elementor-element-445ef07 .jeg-elementor-kit.jkit-button .jkit-button-wrapper svg{fill:#FFFFFF;width:15px;}.elementor-4126 .elementor-element.elementor-element-445ef07 .jeg-elementor-kit.jkit-button .jkit-button-wrapper i{font-size:15px;}.elementor-4126 .elementor-element.elementor-element-445ef07 .jeg-elementor-kit.jkit-button.icon-position-before .jkit-button-wrapper i, .elementor-4126 .elementor-element.elementor-element-445ef07 .jeg-elementor-kit.jkit-button.icon-position-before .jkit-button-wrapper svg{margin-right:10px;}.elementor-4126 .elementor-element.elementor-element-445ef07 .jeg-elementor-kit.jkit-button.icon-position-after .jkit-button-wrapper i, .elementor-4126 .elementor-element.elementor-element-445ef07 .jeg-elementor-kit.jkit-button.icon-position-after .jkit-button-wrapper svg{margin-left:10px;}.elementor-4126 .elementor-element.elementor-element-445ef07 > .elementor-widget-container{margin:0px 10px 0px 0px;}.elementor-4126 .elementor-element.elementor-element-445ef07{width:auto;max-width:auto;}.elementor-4126 .elementor-element.elementor-element-7c0e0bc .elementor-heading-title{font-family:var( --e-global-typography-6cb29b0-font-family ), Sans-serif;font-size:var( --e-global-typography-6cb29b0-font-size );font-weight:var( --e-global-typography-6cb29b0-font-weight );line-height:var( --e-global-typography-6cb29b0-line-height );letter-spacing:var( --e-global-typography-6cb29b0-letter-spacing );word-spacing:var( --e-global-typography-6cb29b0-word-spacing );color:#FFFFFF;}.elementor-4126 .elementor-element.elementor-element-7c0e0bc{width:auto;max-width:auto;align-self:center;}.elementor-4126 .elementor-element.elementor-element-c2392cb{color:var( --e-global-color-text );padding:50px 0px 50px 0px;}.elementor-4126 .elementor-element.elementor-element-c2392cb a{color:var( --e-global-color-primary );}.elementor-4126 .elementor-element.elementor-element-72184db .elementor-heading-title{font-family:var( --e-global-typography-45ff652-font-family ), Sans-serif;font-size:var( --e-global-typography-45ff652-font-size );font-weight:var( --e-global-typography-45ff652-font-weight );text-transform:var( --e-global-typography-45ff652-text-transform );line-height:var( --e-global-typography-45ff652-line-height );letter-spacing:var( --e-global-typography-45ff652-letter-spacing );word-spacing:var( --e-global-typography-45ff652-word-spacing );color:var( --e-global-color-primary );}.elementor-4126 .elementor-element.elementor-element-72184db > .elementor-widget-container{padding:25px 0px 0px 0px;}:root{--page-title-display:none;}@media(max-width:1024px) and (min-width:768px){.elementor-4126 .elementor-element.elementor-element-b549693{width:100%;}}@media(max-width:1024px){.elementor-4126 .elementor-element.elementor-element-ac7e2bb:not(.elementor-motion-effects-element-type-background), .elementor-4126 .elementor-element.elementor-element-ac7e2bb > .elementor-motion-effects-container > .elementor-motion-effects-layer{background-position:center center;}.elementor-4126 .elementor-element.elementor-element-ac7e2bb{padding:10% 0% 10% 0%;}.elementor-4126 .elementor-element.elementor-element-b549693 > .elementor-element-populated{margin:0px 0px 0px 0px;--e-column-margin-right:0px;--e-column-margin-left:0px;}.elementor-4126 .elementor-element.elementor-element-74185ad .elementor-heading-title{font-size:var( --e-global-typography-51cde77-font-size );line-height:var( --e-global-typography-51cde77-line-height );letter-spacing:var( --e-global-typography-51cde77-letter-spacing );word-spacing:var( --e-global-typography-51cde77-word-spacing );}.elementor-4126 .elementor-element.elementor-element-eb2a925 .jeg-elementor-kit.jkit-button .jkit-button-wrapper{font-size:var( --e-global-typography-6cb29b0-font-size );line-height:var( --e-global-typography-6cb29b0-line-height );letter-spacing:var( --e-global-typography-6cb29b0-letter-spacing );word-spacing:var( --e-global-typography-6cb29b0-word-spacing );}.elementor-4126 .elementor-element.elementor-element-eb2a925 .jeg-elementor-kit.jkit-button.icon-position-before .jkit-button-wrapper i, .elementor-4126 .elementor-element.elementor-element-eb2a925 .jeg-elementor-kit.jkit-button.icon-position-before .jkit-button-wrapper svg{margin-right:10px;}.elementor-4126 .elementor-element.elementor-element-eb2a925 .jeg-elementor-kit.jkit-button.icon-position-after .jkit-button-wrapper i, .elementor-4126 .elementor-element.elementor-element-eb2a925 .jeg-elementor-kit.jkit-button.icon-position-after .jkit-button-wrapper svg{margin-left:10px;}.elementor-4126 .elementor-element.elementor-element-445ef07 .jeg-elementor-kit.jkit-button .jkit-button-wrapper{font-size:var( --e-global-typography-6cb29b0-font-size );line-height:var( --e-global-typography-6cb29b0-line-height );letter-spacing:var( --e-global-typography-6cb29b0-letter-spacing );word-spacing:var( --e-global-typography-6cb29b0-word-spacing );}.elementor-4126 .elementor-element.elementor-element-445ef07 .jeg-elementor-kit.jkit-button.icon-position-before .jkit-button-wrapper i, .elementor-4126 .elementor-element.elementor-element-445ef07 .jeg-elementor-kit.jkit-button.icon-position-before .jkit-button-wrapper svg{margin-right:10px;}.elementor-4126 .elementor-element.elementor-element-445ef07 .jeg-elementor-kit.jkit-button.icon-position-after .jkit-button-wrapper i, .elementor-4126 .elementor-element.elementor-element-445ef07 .jeg-elementor-kit.jkit-button.icon-position-after .jkit-button-wrapper svg{margin-left:10px;}.elementor-4126 .elementor-element.elementor-element-7c0e0bc .elementor-heading-title{font-size:var( --e-global-typography-6cb29b0-font-size );line-height:var( --e-global-typography-6cb29b0-line-height );letter-spacing:var( --e-global-typography-6cb29b0-letter-spacing );word-spacing:var( --e-global-typography-6cb29b0-word-spacing );}.elementor-4126 .elementor-element.elementor-element-7c0e0bc > .elementor-widget-container{margin:2px 0px 0px 0px;}.elementor-4126 .elementor-element.elementor-element-72184db .elementor-heading-title{font-size:var( --e-global-typography-45ff652-font-size );line-height:var( --e-global-typography-45ff652-line-height );letter-spacing:var( --e-global-typography-45ff652-letter-spacing );word-spacing:var( --e-global-typography-45ff652-word-spacing );}}@media(max-width:767px){.elementor-4126 .elementor-element.elementor-element-ac7e2bb:not(.elementor-motion-effects-element-type-background), .elementor-4126 .elementor-element.elementor-element-ac7e2bb > .elementor-motion-effects-container > .elementor-motion-effects-layer{background-position:center center;}.elementor-4126 .elementor-element.elementor-element-ac7e2bb{margin-top:0px;margin-bottom:0px;padding:15% 0% 15% 0%;}.elementor-4126 .elementor-element.elementor-element-b549693 > .elementor-element-populated{margin:0px 20px 0px 20px;--e-column-margin-right:20px;--e-column-margin-left:20px;}.elementor-4126 .elementor-element.elementor-element-74185ad .elementor-heading-title{font-size:var( --e-global-typography-51cde77-font-size );line-height:var( --e-global-typography-51cde77-line-height );letter-spacing:var( --e-global-typography-51cde77-letter-spacing );word-spacing:var( --e-global-typography-51cde77-word-spacing );}.elementor-4126 .elementor-element.elementor-element-eb2a925 .jeg-elementor-kit.jkit-button .jkit-button-wrapper{font-size:var( --e-global-typography-6cb29b0-font-size );line-height:var( --e-global-typography-6cb29b0-line-height );letter-spacing:var( --e-global-typography-6cb29b0-letter-spacing );word-spacing:var( --e-global-typography-6cb29b0-word-spacing );}.elementor-4126 .elementor-element.elementor-element-eb2a925 .jeg-elementor-kit.jkit-button.icon-position-before .jkit-button-wrapper i, .elementor-4126 .elementor-element.elementor-element-eb2a925 .jeg-elementor-kit.jkit-button.icon-position-before .jkit-button-wrapper svg{margin-right:10px;}.elementor-4126 .elementor-element.elementor-element-eb2a925 .jeg-elementor-kit.jkit-button.icon-position-after .jkit-button-wrapper i, .elementor-4126 .elementor-element.elementor-element-eb2a925 .jeg-elementor-kit.jkit-button.icon-position-after .jkit-button-wrapper svg{margin-left:10px;}.elementor-4126 .elementor-element.elementor-element-445ef07 .jeg-elementor-kit.jkit-button .jkit-button-wrapper{font-size:var( --e-global-typography-6cb29b0-font-size );line-height:var( --e-global-typography-6cb29b0-line-height );letter-spacing:var( --e-global-typography-6cb29b0-letter-spacing );word-spacing:var( --e-global-typography-6cb29b0-word-spacing );}.elementor-4126 .elementor-element.elementor-element-445ef07 .jeg-elementor-kit.jkit-button.icon-position-before .jkit-button-wrapper i, .elementor-4126 .elementor-element.elementor-element-445ef07 .jeg-elementor-kit.jkit-button.icon-position-before .jkit-button-wrapper svg{margin-right:10px;}.elementor-4126 .elementor-element.elementor-element-445ef07 .jeg-elementor-kit.jkit-button.icon-position-after .jkit-button-wrapper i, .elementor-4126 .elementor-element.elementor-element-445ef07 .jeg-elementor-kit.jkit-button.icon-position-after .jkit-button-wrapper svg{margin-left:10px;}.elementor-4126 .elementor-element.elementor-element-7c0e0bc .elementor-heading-title{font-size:var( --e-global-typography-6cb29b0-font-size );line-height:var( --e-global-typography-6cb29b0-line-height );letter-spacing:var( --e-global-typography-6cb29b0-letter-spacing );word-spacing:var( --e-global-typography-6cb29b0-word-spacing );}.elementor-4126 .elementor-element.elementor-element-7c0e0bc > .elementor-widget-container{margin:0px 0px 0px 0px;}.elementor-4126 .elementor-element.elementor-element-72184db .elementor-heading-title{font-size:var( --e-global-typography-45ff652-font-size );line-height:var( --e-global-typography-45ff652-line-height );letter-spacing:var( --e-global-typography-45ff652-letter-spacing );word-spacing:var( --e-global-typography-45ff652-word-spacing );}}<\/style>\t\t<div data-elementor-type=\"wp-page\" data-elementor-id=\"4126\" class=\"elementor elementor-4126\" data-elementor-post-type=\"page\">\n\t\t\t\t\t\t<section class=\"elementor-section elementor-top-section elementor-element elementor-element-ac7e2bb elementor-section-boxed elementor-section-height-default elementor-section-height-default\" data-id=\"ac7e2bb\" data-element_type=\"section\" data-e-type=\"section\" data-settings=\"{&quot;background_background&quot;:&quot;classic&quot;}\">\n\t\t\t\t\t\t\t<div class=\"elementor-background-overlay\"><\/div>\n\t\t\t\t\t\t\t<div class=\"elementor-container elementor-column-gap-default\">\n\t\t\t\t\t<div class=\"elementor-column elementor-col-100 elementor-top-column elementor-element elementor-element-b549693\" data-id=\"b549693\" data-element_type=\"column\" data-e-type=\"column\" data-settings=\"{&quot;background_background&quot;:&quot;classic&quot;}\">\n\t\t\t<div class=\"elementor-widget-wrap elementor-element-populated\">\n\t\t\t\t\t<div class=\"elementor-background-overlay\"><\/div>\n\t\t\t\t\t\t<div class=\"elementor-element elementor-element-74185ad elementor-widget elementor-widget-heading\" data-id=\"74185ad\" data-element_type=\"widget\" data-e-type=\"widget\" data-widget_type=\"heading.default\">\n\t\t\t\t<div class=\"elementor-widget-container\">\n\t\t\t\t\t<h2 class=\"elementor-heading-title elementor-size-default\">A proposito della MH<\/h2>\t\t\t\t<\/div>\n\t\t\t\t<\/div>\n\t\t\t\t<div class=\"elementor-element elementor-element-eb2a925 elementor-widget__width-auto elementor-widget elementor-widget-jkit_button\" data-id=\"eb2a925\" data-element_type=\"widget\" data-e-type=\"widget\" data-widget_type=\"jkit_button.default\">\n\t\t\t\t<div class=\"elementor-widget-container\">\n\t\t\t\t\t<div  class=\"jeg-elementor-kit jkit-button  icon-position-after jeg_module___69ddd6055d238\" ><a href=\"https:\/\/enroll-hd.org\/it\/for-participants\/\" class=\"jkit-button-wrapper\">Famiglie HD<i aria-hidden=\"true\" class=\"fas fa-chevron-right\"><\/i><\/a><\/div>\t\t\t\t<\/div>\n\t\t\t\t<\/div>\n\t\t\t\t<div class=\"elementor-element elementor-element-445ef07 elementor-widget__width-auto elementor-widget elementor-widget-jkit_button\" data-id=\"445ef07\" data-element_type=\"widget\" data-e-type=\"widget\" data-widget_type=\"jkit_button.default\">\n\t\t\t\t<div class=\"elementor-widget-container\">\n\t\t\t\t\t<div  class=\"jeg-elementor-kit jkit-button  icon-position-after jeg_module__1_69ddd6055e217\" ><a href=\"#\" class=\"jkit-button-wrapper\">Imparare<i aria-hidden=\"true\" class=\"fas fa-chevron-right\"><\/i><\/a><\/div>\t\t\t\t<\/div>\n\t\t\t\t<\/div>\n\t\t\t\t<div class=\"elementor-element elementor-element-7c0e0bc elementor-widget__width-auto elementor-widget elementor-widget-heading\" data-id=\"7c0e0bc\" data-element_type=\"widget\" data-e-type=\"widget\" data-widget_type=\"heading.default\">\n\t\t\t\t<div class=\"elementor-widget-container\">\n\t\t\t\t\t<h2 class=\"elementor-heading-title elementor-size-default\">A proposito della MH<\/h2>\t\t\t\t<\/div>\n\t\t\t\t<\/div>\n\t\t\t\t\t<\/div>\n\t\t<\/div>\n\t\t\t\t\t<\/div>\n\t\t<\/section>\n\t\t\t\t<section class=\"elementor-section elementor-top-section elementor-element elementor-element-c2392cb elementor-section-boxed elementor-section-height-default elementor-section-height-default\" data-id=\"c2392cb\" data-element_type=\"section\" data-e-type=\"section\">\n\t\t\t\t\t\t<div class=\"elementor-container elementor-column-gap-default\">\n\t\t\t\t\t<div class=\"elementor-column elementor-col-100 elementor-top-column elementor-element elementor-element-4620bc6\" data-id=\"4620bc6\" data-element_type=\"column\" data-e-type=\"column\">\n\t\t\t<div class=\"elementor-widget-wrap elementor-element-populated\">\n\t\t\t\t\t\t<div class=\"elementor-element elementor-element-0acae51 elementor-widget elementor-widget-text-editor\" data-id=\"0acae51\" data-element_type=\"widget\" data-e-type=\"widget\" data-widget_type=\"text-editor.default\">\n\t\t\t\t<div class=\"elementor-widget-container\">\n\t\t\t\t\t\t\t\t\t<h3>Cos'\u00e8 la MH?<\/h3><p>La malattia di Huntington \u00e8 una malattia cerebrale causata da una mutazione che espande il numero delle ripetizioni della tripletta CAG nel gene dell'huntingtina. Questo gene mutato dell\u2019huntingtina provoca la morte graduale delle cellule nervose in particolari aree del cervello, colpendo sia la mente che il corpo. I sintomi della MH di solito compaiono per la prima volta nelle persone di et\u00e0 compresa tra 30 e 50 anni e progrediscono fino a diventare pi\u00f9 gravi nel tempo.<\/p><h3><br \/>Quali sono i sintomi?<\/h3><p>La MH colpisce il corpo, causando problemi di movimento come goffaggine, scarso equilibrio, gesti involontari e, successivamente, difficolt\u00e0 nel parlare e nella deglutizione. Pu\u00f2 influenzare la cognizione, come la capacit\u00e0 di comprendere e conservare le informazioni. Le persone con la MH possono diventare smemorate e avere problemi di concentrazione e di prendere decisioni. La MH pu\u00f2 anche causare problemi dell\u2019umore come depressione, rabbia e irritabilit\u00e0. Persone diverse manifestano sintomi diversi, anche all\u2019interno della stessa famiglia, e i problemi possono cambiare nel tempo. La MH solitamente peggiora in un periodo compreso tra 10 e 25 anni e alla fine \u00e8 fatale.<\/p><h3><br \/>Chi viene colpito dalla MH?<\/h3><p>Sia gli uomini che le donne e le persone di qualsiasi origine razziale o etnica possono contrarre la MH, sebbene sia pi\u00f9 comune tra coloro che hanno origini europee. La malattia non pu\u00f2 essere \"contratta\" o trasmessa tramite contatto da persona a persona perch\u00e9 \u00e8 causata da una mutazione nel gene dell'huntingtina. Quasi tutti i soggetti affetti dalla MH hanno ereditato il gene difettoso da un genitore, anche se in casi molto rari la mutazione genetica si verifica in una persona che non ha un background familiare della malattia. Le persone che soffrono di MH nascono con il gene dell'huntingtina mutato, ma di solito non causa segni o sintomi fino all'et\u00e0 adulta per ragioni che non comprendiamo ancora appieno.<\/p><h3><br \/>Come faccio a sapere se sono a rischio?<\/h3><p>Se uno dei tuoi genitori ha o ha avuto la MH, hai una probabilit\u00e0 del 50% di ereditare il gene. Un test genetico pu\u00f2 dirti se sei portatore o meno del gene, ma non pu\u00f2 dirti quando svilupperai i sintomi.<\/p><h3><br \/>Come viene trattato?<\/h3><p>Attualmente non esistono farmaci in grado di prevenire o rallentare la progressione della malattia. Tuttavia, alcuni medicinali e altre terapie possono aiutare con alcuni segni e sintomi della MH, quindi \u00e8 importante farsi curare da un medico esperto nel trattamento delle persone affette da MH. Lo scopo di Enroll-HD \u00e8 quello di accelerare il progresso della ricerca in modo che nuovi trattamenti pi\u00f9 efficaci siano disponibili il prima possibile e che la cura per i pazienti affetti da MH venga migliorata.<\/p>\t\t\t\t\t\t\t\t<\/div>\n\t\t\t\t<\/div>\n\t\t\t\t<div class=\"elementor-element elementor-element-72184db elementor-widget elementor-widget-heading\" data-id=\"72184db\" data-element_type=\"widget\" data-e-type=\"widget\" data-widget_type=\"heading.default\">\n\t\t\t\t<div class=\"elementor-widget-container\">\n\t\t\t\t\t<h5 class=\"elementor-heading-title elementor-size-default\">RISORSE<\/h5>\t\t\t\t<\/div>\n\t\t\t\t<\/div>\n\t\t\t\t<div class=\"elementor-element elementor-element-32779a3 elementor-widget elementor-widget-text-editor\" data-id=\"32779a3\" data-element_type=\"widget\" data-e-type=\"widget\" data-widget_type=\"text-editor.default\">\n\t\t\t\t<div class=\"elementor-widget-container\">\n\t\t\t\t\t\t\t\t\t<h3>Ulteriori informazioni sulla MH<\/h3><p class=\"translation-block\">Per ulteriori informazioni sull&#039;HD, visitare i siti Web organizzativi elencati nella pagina <a href=\"\/it\/for-participants\/resources\/\" target=\"_self\">Risorse<\/a> .<\/p>\t\t\t\t\t\t\t\t<\/div>\n\t\t\t\t<\/div>\n\t\t\t\t\t<\/div>\n\t\t<\/div>\n\t\t\t\t\t<\/div>\n\t\t<\/section>\n\t\t\t\t<\/div>","protected":false},"excerpt":{"rendered":"<p>About HD HD Families Learn About HD What is HD? Huntington\u2019s disease is a brain disorder caused by a mutation that expands the size of the CAG repeat in the huntingtin gene. This mutated huntingtin gene causes nerve cells in particular areas of the brain to gradually die off, affecting both the mind and the [&hellip;]<\/p>\n","protected":false},"author":1,"featured_media":0,"parent":697,"menu_order":0,"comment_status":"closed","ping_status":"closed","template":"","meta":{"footnotes":"","_links_to":"","_links_to_target":""},"class_list":["post-4126","page","type-page","status-publish","hentry"],"_links":{"self":[{"href":"https:\/\/enroll-hd.org\/it\/wp-json\/wp\/v2\/pages\/4126","targetHints":{"allow":["GET"]}}],"collection":[{"href":"https:\/\/enroll-hd.org\/it\/wp-json\/wp\/v2\/pages"}],"about":[{"href":"https:\/\/enroll-hd.org\/it\/wp-json\/wp\/v2\/types\/page"}],"author":[{"embeddable":true,"href":"https:\/\/enroll-hd.org\/it\/wp-json\/wp\/v2\/users\/1"}],"replies":[{"embeddable":true,"href":"https:\/\/enroll-hd.org\/it\/wp-json\/wp\/v2\/comments?post=4126"}],"version-history":[{"count":61,"href":"https:\/\/enroll-hd.org\/it\/wp-json\/wp\/v2\/pages\/4126\/revisions"}],"predecessor-version":[{"id":11032,"href":"https:\/\/enroll-hd.org\/it\/wp-json\/wp\/v2\/pages\/4126\/revisions\/11032"}],"up":[{"embeddable":true,"href":"https:\/\/enroll-hd.org\/it\/wp-json\/wp\/v2\/pages\/697"}],"wp:attachment":[{"href":"https:\/\/enroll-hd.org\/it\/wp-json\/wp\/v2\/media?parent=4126"}],"curies":[{"name":"wp","href":"https:\/\/api.w.org\/{rel}","templated":true}]}}