{"id":16849,"date":"2024-08-06T09:34:35","date_gmt":"2024-08-06T13:34:35","guid":{"rendered":"https:\/\/3.84.221.207\/?page_id=16849"},"modified":"2024-09-04T12:43:24","modified_gmt":"2024-09-04T16:43:24","slug":"gsid","status":"publish","type":"page","link":"https:\/\/enroll-hd.org\/it\/gsid\/","title":{"rendered":"IDGS"},"content":{"rendered":"<style>.elementor-16849 .elementor-element.elementor-element-c3c3af6 a{color:var( --e-global-color-primary );}.elementor-16849 .elementor-element.elementor-element-b05d391{padding:0px 0px 50px 0px;}.elementor-16849 .elementor-element.elementor-element-bfea09d .jeg-elementor-kit.jkit-button{text-align:center;}.elementor-16849 .elementor-element.elementor-element-bfea09d .jeg-elementor-kit.jkit-button .jkit-button-wrapper{background-color:var( --e-global-color-primary );}.elementor-16849 .elementor-element.elementor-element-bfea09d .jeg-elementor-kit.jkit-button.icon-position-before .jkit-button-wrapper i, .elementor-16849 .elementor-element.elementor-element-bfea09d .jeg-elementor-kit.jkit-button.icon-position-before .jkit-button-wrapper svg{margin-right:5px;}.elementor-16849 .elementor-element.elementor-element-bfea09d .jeg-elementor-kit.jkit-button.icon-position-after .jkit-button-wrapper i, .elementor-16849 .elementor-element.elementor-element-bfea09d .jeg-elementor-kit.jkit-button.icon-position-after .jkit-button-wrapper svg{margin-left:5px;}:root{--page-title-display:none;}<\/style>\t\t<div data-elementor-type=\"wp-page\" data-elementor-id=\"16849\" class=\"elementor elementor-16849\" data-elementor-post-type=\"page\">\n\t\t\t\t\t\t<section class=\"elementor-section elementor-top-section elementor-element elementor-element-c3c3af6 elementor-section-boxed elementor-section-height-default elementor-section-height-default\" data-id=\"c3c3af6\" data-element_type=\"section\" data-e-type=\"section\">\n\t\t\t\t\t\t<div class=\"elementor-container elementor-column-gap-default\">\n\t\t\t\t\t<div class=\"elementor-column elementor-col-100 elementor-top-column elementor-element elementor-element-3feaf65\" data-id=\"3feaf65\" data-element_type=\"column\" data-e-type=\"column\">\n\t\t\t<div class=\"elementor-widget-wrap elementor-element-populated\">\n\t\t\t\t\t\t<div class=\"elementor-element elementor-element-6c93611 elementor-widget elementor-widget-heading\" data-id=\"6c93611\" data-element_type=\"widget\" data-e-type=\"widget\" data-widget_type=\"heading.default\">\n\t\t\t\t<div class=\"elementor-widget-container\">\n\t\t\t\t\t<h2 class=\"elementor-heading-title elementor-size-default\">Database globale degli investigatori del sito per la malattia di Huntington (GSID)<\/h2>\t\t\t\t<\/div>\n\t\t\t\t<\/div>\n\t\t\t\t<div class=\"elementor-element elementor-element-de75b56 elementor-widget elementor-widget-text-editor\" data-id=\"de75b56\" data-element_type=\"widget\" data-e-type=\"widget\" data-widget_type=\"text-editor.default\">\n\t\t\t\t<div class=\"elementor-widget-container\">\n\t\t\t\t\t\t\t\t\t<p>Il Global Site Investigator Database for Huntington&#039;s disease (GSID) \u00e8 uno strumento gestito da CHDI Foundation, Inc (CHDI). \u00c8 progettato per assistere gli sponsor clinici degli studi HD nell&#039;identificazione di siti con risorse appropriate per partecipare a studi e sperimentazioni specifiche, supportare analisi di fattibilit\u00e0 in silico, assistere con le attivit\u00e0 di avvio del sito e consentire la valutazione dell&#039;idoneit\u00e0 dei siti a partecipare al programma di certificazione dei siti di sperimentazione clinica HD Enroll-HD.<\/p><p>Il GSID \u00e8 popolato dai siti di studio e copre diverse aree di risorse principali, tra cui: Generale (contiene informazioni sull&#039;istituzione e sulla clinica HD), Contatti, Esperienza di sperimentazione e studio, Popolazione HD, Strutture e procedure, Neuroimaging e Approvazioni e contratti.<\/p><p>Il GSID contiene anche questionari di fattibilit\u00e0 separati, specifici per ogni studio, che possono utilizzare e sviluppare ulteriormente le informazioni contenute nelle sezioni principali.<\/p><p><strong>Perch\u00e9 i siti dovrebbero completare il GSID?<\/strong><\/p><p>L&#039;obiettivo del GSID \u00e8 creare un database completo delle capacit\u00e0 del sito; il completamento del GSID potrebbe offrire al tuo sito maggiori opportunit\u00e0 di partecipare a futuri progetti di ricerca. <br \/>Ai siti viene chiesto di completare le domande in ciascuna delle sezioni principali. Ci\u00f2 potrebbe richiedere del tempo, ma una volta completato, gli aggiornamenti dovranno essere effettuati solo se qualcosa cambia nel tuo sito (i responsabili del GSID invieranno un promemoria annuale per rivedere i dettagli) o se sono richieste informazioni aggiuntive specifiche da parte tua. Ad esempio, ai siti potrebbe essere richiesto di completare sezioni aggiuntive del GSID per la fattibilit\u00e0 specifica dello studio (ad esempio, Enroll-HD 2.0; studi di piattaforma), a seconda dei requisiti dello studio.<\/p><p><em>Nota bene: il completamento del GSID \u00e8 un requisito per tutti i siti Enroll-HD, compresi i siti interessati a diventare siti Enroll-HD.<\/em><\/p><p><strong>Chi ha accesso al GSID?<\/strong><\/p><p>Le informazioni nel GSID saranno disponibili direttamente ai team di studio Enroll-HD e CHDI. Ogni sito ha anche accesso ai propri dati. Gli sponsor e gli investigatori di studi e sperimentazioni accademici e industriali devono richiedere l&#039;accesso al GSID; tale accesso \u00e8 soggetto all&#039;approvazione del Governance Committee Enroll-HD e deve essere finalizzato all&#039;identificazione dei siti che dispongono di strutture, esperienza e risorse appropriate per uno studio o una sperimentazione specifici.<\/p><p><strong>Ulteriori informazioni<\/strong><\/p><p><em>Siti Enroll-HD:<\/em><\/p><p>Abbiamo recentemente trasferito il GSID a una nuova piattaforma (Core GSID). Se il tuo sito ha gi\u00e0 un profilo GSID, le informazioni rilevanti verranno migrate al nuovo Core GSID. Contatta il tuo Site Manager Enroll-HD o LANCO se hai domande. Se il tuo sito non ha un record GSID, inviaci un messaggio tramite <a href=\"\/it\/contact-us\/\">Modulo di contatto<\/a>.<\/p><p>Se riscontri problemi nell&#039;accesso al tuo profilo GSID o hai domande, contattaci <a href=\"mailto:gsid@enroll-hd.org\">gsid@enroll-hd.org<\/a>.<\/p><p><em>Sponsor dello studio clinico:<\/em><\/p><p>Per discutere l&#039;accesso alle informazioni contenute nel GSID, ti preghiamo di inviarci un messaggio tramite <a href=\"\/it\/contact-us\/\">Modulo di contatto<\/a>.<\/p>\t\t\t\t\t\t\t\t<\/div>\n\t\t\t\t<\/div>\n\t\t\t\t\t<\/div>\n\t\t<\/div>\n\t\t\t\t\t<\/div>\n\t\t<\/section>\n\t\t\t\t<section class=\"elementor-section elementor-top-section elementor-element elementor-element-b05d391 elementor-section-boxed elementor-section-height-default elementor-section-height-default\" data-id=\"b05d391\" data-element_type=\"section\" data-e-type=\"section\">\n\t\t\t\t\t\t<div class=\"elementor-container elementor-column-gap-default\">\n\t\t\t\t\t<div class=\"elementor-column elementor-col-100 elementor-top-column elementor-element elementor-element-7cd5bfb\" data-id=\"7cd5bfb\" data-element_type=\"column\" data-e-type=\"column\">\n\t\t\t<div class=\"elementor-widget-wrap elementor-element-populated\">\n\t\t\t\t\t\t<div class=\"elementor-element elementor-element-bfea09d elementor-widget elementor-widget-jkit_button\" data-id=\"bfea09d\" data-element_type=\"widget\" data-e-type=\"widget\" data-widget_type=\"jkit_button.default\">\n\t\t\t\t<div class=\"elementor-widget-container\">\n\t\t\t\t\t<div  class=\"jeg-elementor-kit jkit-button  icon-position-before jeg_module___69db50cf45113\" ><a href=\"https:\/\/i.knack.com\/clinic-locations#gsid-login\/auth\/Auth\" class=\"jkit-button-wrapper\" target=\"_blank\">Apri GSID in una nuova finestra<\/a><\/div>\t\t\t\t<\/div>\n\t\t\t\t<\/div>\n\t\t\t\t\t<\/div>\n\t\t<\/div>\n\t\t\t\t\t<\/div>\n\t\t<\/section>\n\t\t\t\t<\/div>","protected":false},"excerpt":{"rendered":"<p>Global Site Investigator Database for Huntington\u2019s Disease (GSID) The Global Site Investigator Database for Huntington\u2019s disease (GSID) is a tool maintained by CHDI Foundation, Inc (CHDI). It is designed to assist clinical sponsors of HD studies in identifying sites with appropriate resources for participating in specific studies and trials, support in silico feasibility analyses, assist [&hellip;]<\/p>\n","protected":false},"author":5,"featured_media":0,"parent":0,"menu_order":0,"comment_status":"closed","ping_status":"closed","template":"","meta":{"footnotes":"","_links_to":"","_links_to_target":""},"class_list":["post-16849","page","type-page","status-publish","hentry"],"_links":{"self":[{"href":"https:\/\/enroll-hd.org\/it\/wp-json\/wp\/v2\/pages\/16849","targetHints":{"allow":["GET"]}}],"collection":[{"href":"https:\/\/enroll-hd.org\/it\/wp-json\/wp\/v2\/pages"}],"about":[{"href":"https:\/\/enroll-hd.org\/it\/wp-json\/wp\/v2\/types\/page"}],"author":[{"embeddable":true,"href":"https:\/\/enroll-hd.org\/it\/wp-json\/wp\/v2\/users\/5"}],"replies":[{"embeddable":true,"href":"https:\/\/enroll-hd.org\/it\/wp-json\/wp\/v2\/comments?post=16849"}],"version-history":[{"count":61,"href":"https:\/\/enroll-hd.org\/it\/wp-json\/wp\/v2\/pages\/16849\/revisions"}],"predecessor-version":[{"id":16962,"href":"https:\/\/enroll-hd.org\/it\/wp-json\/wp\/v2\/pages\/16849\/revisions\/16962"}],"wp:attachment":[{"href":"https:\/\/enroll-hd.org\/it\/wp-json\/wp\/v2\/media?parent=16849"}],"curies":[{"name":"wp","href":"https:\/\/api.w.org\/{rel}","templated":true}]}}