{"id":16624,"date":"2024-06-03T13:34:29","date_gmt":"2024-06-03T17:34:29","guid":{"rendered":"https:\/\/3.84.221.207\/?page_id=16624"},"modified":"2024-06-03T13:38:30","modified_gmt":"2024-06-03T17:38:30","slug":"terms-of-use","status":"publish","type":"page","link":"https:\/\/enroll-hd.org\/it\/terms-of-use\/","title":{"rendered":"Termini di utilizzo"},"content":{"rendered":"<p><strong>Termini di utilizzo<\/strong><\/p>\n\n\n\n<p>Le presenti Condizioni d&#039;uso si applicano al tuo utilizzo di Enroll-HD.org, di tutti i suoi sottodomini e di tutti i servizi associati inclusi, ma non limitati a, e-mail ricevute da Enroll-HD.org, qualsiasi dei nostri sistemi informatici, database o reti connesse a Enroll-HD .org e tutti i suoi sottodomini (collettivamente, il \u201cSito Web\u201d). Il sito Web viene reso disponibile per l&#039;utilizzo da parte di <a href=\"https:\/\/chdifoundation.org\" target=\"_blank\" rel=\"noreferrer noopener\">Fondazione CHDI, Inc.<\/a> Se navighi o utilizzi in altro modo il Sito, accetti le presenti Condizioni d&#039;Uso.&nbsp;<\/p>\n\n\n\n<p>L&#039;utilizzo di determinate aree e\/o sottodomini del Sito Web pu\u00f2 essere soggetto a termini di utilizzo aggiuntivi, termini che sostituiscono i presenti Termini di utilizzo o altri accordi (collettivamente, i &quot;Termini di utilizzo aggiuntivi&quot;). Verrai informato di tali Termini d&#039;uso aggiuntivi quando visiti tali aree e\/o sottodomini del sito web. Utilizzando tali aree e\/o sottodomini, o parte di essi, accetti di essere vincolato da tali Condizioni d&#039;Uso Aggiuntive.<\/p>\n\n\n\n<p>Ci riserviamo il diritto di modificare le presenti Condizioni d&#039;uso e le eventuali Condizioni d&#039;uso aggiuntive in qualsiasi momento pubblicando tali modifiche nelle presenti Condizioni d&#039;uso o nelle Condizioni d&#039;uso aggiuntive, a seconda dei casi. L&#039;uso continuato del Sito Web o di altre aree e\/o sottodomini, a seconda dei casi, dopo che tali modifiche sono state apportate costituisce l&#039;accettazione e l&#039;accettazione di essere vincolati dai Termini di utilizzo e\/o da eventuali Termini di utilizzo aggiuntivi, come modificato. Se non sei d&#039;accordo con le presenti Condizioni d&#039;uso e\/o eventuali Condizioni d&#039;uso aggiuntive, ti preghiamo di non accedere o utilizzare il Sito Web o altre aree e\/o sottodomini, a seconda dei casi.<\/p>\n\n\n\n<p><strong>Limitazioni all&#039;uso<\/strong><\/p>\n\n\n\n<p>Ci riserviamo il diritto, a nostra esclusiva discrezione, senza alcun obbligo o obbligo di preavviso, di sospendere o negare l&#039;accesso al Sito per qualsiasi motivo, inclusa manutenzione programmata o non programmata, aggiornamenti, miglioramenti o correzioni.<\/p>\n\n\n\n<p>Non \u00e8 possibile tentare di ottenere l&#039;accesso non autorizzato al Sito Web, tramite hacking, password mining o qualsiasi altro mezzo per eludere le procedure di sicurezza del Sito Web. Non \u00e8 possibile utilizzare il sito Web (i) in alcun modo che possa danneggiare, disabilitare, sovraccaricare o compromettere il sito Web o qualsiasi servizio fornito tramite il sito Web, o interferire con l&#039;utilizzo e il godimento del sito Web o di qualsiasi servizio fornito tramite il sito Web da parte di qualsiasi altro utente. o (ii) per qualsiasi scopo illegale o proibito dalle presenti Condizioni d&#039;uso o, a seconda dei casi, da eventuali Condizioni d&#039;uso aggiuntive. Non \u00e8 possibile utilizzare il sito Web o qualsiasi servizio fornito tramite il sito Web per falsificare intestazioni di posta elettronica o inviare messaggi di posta elettronica non richiesti in massa.<\/p>\n\n\n\n<p><strong>politica sulla riservatezza<\/strong><\/p>\n\n\n\n<p>Le presenti Condizioni d&#039;uso includono il ns <a href=\"https:\/\/enroll-hd.org\/it\/privacy-policy\/\" data-type=\"page\" data-id=\"3\" target=\"_blank\" rel=\"noreferrer noopener\">politica sulla riservatezza<\/a>, che descrive come utilizziamo le tue informazioni personali.<\/p>\n\n\n\n<p><strong>Accuratezza dei contenuti<\/strong><\/p>\n\n\n\n<p>Qualsiasi contenuto che forniamo o pubblichiamo sul sito Web pu\u00f2 contenere errori o imprecisioni, inclusi errori tipografici e sostanziali. Ci riserviamo il diritto, a nostra esclusiva discrezione e per qualsiasi motivo, senza alcun obbligo o obbligo di preavviso, di interrompere, modificare, migliorare o correggere il contenuto che forniamo o pubblichiamo sul sito web. Qualsiasi contenuto datato che forniamo o pubblichiamo sul sito Web viene pubblicato solo a partire dalla sua data e non abbiamo alcuna responsabilit\u00e0 di aggiornare o modificare tale contenuto.<\/p>\n\n\n\n<p>\u00c8 tua esclusiva responsabilit\u00e0 valutare l&#039;accuratezza, la completezza o l&#039;utilit\u00e0 di qualsiasi contenuto fornito o pubblicato sul sito web.<\/p>\n\n\n\n<p><strong>Collegamenti ad altri siti web<\/strong><\/p>\n\n\n\n<p>Le presenti Condizioni d&#039;uso e le eventuali Condizioni d&#039;uso aggiuntive si applicano solo al Sito web. Forniamo collegamenti ad altri siti Web, ma non controlliamo il contenuto di tali siti Web o le loro pratiche. Non siamo responsabili del contenuto di altri siti Web, delle pratiche di raccolta delle informazioni o dell&#039;uso delle informazioni da loro raccolte. I collegamenti ad altri siti Web non costituiscono un&#039;approvazione da parte nostra di tali siti Web o dei loro contenuti, proprietari o autori.<\/p>\n\n\n\n<p><strong>Il tuo utilizzo dei contenuti presenti sul sito web<\/strong><\/p>\n\n\n\n<p>L&#039;intero sito web \u00e8 protetto da copyright. Alcuni contenuti, come articoli e\/o altri materiali che potresti trovare all&#039;interno del sito web, potrebbero anche essere protetti da copyright separatamente da noi o da altri.<\/p>\n\n\n\n<p>Salvo ove diversamente espressamente indicato o contemplato, tutti i contenuti forniti o pubblicati sul sito Web vengono resi disponibili all&#039;utente esclusivamente allo scopo di fornire informazioni su Enroll-HD e le sue pratiche e progressi o per fornire accesso a dati e\/o materiali.<\/p>\n\n\n\n<p>Salvo laddove diversamente espressamente indicato o contemplato sul sito Web o in eventuali Condizioni d&#039;uso aggiuntive, ti concediamo una licenza per utilizzare qualsiasi contenuto che abbiamo fornito o pubblicato sul sito Web con una licenza Creative Commons Attribution 3.0. Alcuni contenuti che abbiamo fornito o pubblicato sul sito Web potrebbero anche essere soggetti all&#039;accettazione da parte dell&#039;utente di Termini d&#039;uso aggiuntivi che coprono specificamente tali contenuti.<\/p>\n\n\n\n<p>Riconosci e accetti che l&#039;autorizzazione concessa in questa sezione non costituisce un&#039;approvazione da parte nostra di te o del tuo utilizzo di tali contenuti. Ti invitiamo a contattarci direttamente per ottenere autorizzazioni di copyright diverse da quelle espressamente concesse nelle presenti Condizioni d&#039;uso o in eventuali Condizioni d&#039;uso aggiuntive.<\/p>\n\n\n\n<p><strong>Le password<\/strong><\/p>\n\n\n\n<p>L&#039;utilizzo di determinate parti del sito Web e l&#039;accesso a determinati contenuti richiedono una password. Quando crei tale password, devi fornire alcune informazioni personali. Chiunque sia a conoscenza della tua password pu\u00f2 accedere a tali parti riservate del sito Web e ai contenuti riservati, nonch\u00e9 alle tue informazioni personali. Di conseguenza, \u00e8 necessario mantenere segreta la password. Accettando le presenti Condizioni d&#039;uso e eventuali Condizioni d&#039;uso aggiuntive, accetti di essere l&#039;unico responsabile della riservatezza e dell&#039;uso della tua password, nonch\u00e9 di qualsiasi comunicazione effettuata tramite il Sito Web utilizzando la tua password. Accetti di avvisarci immediatamente se vieni a conoscenza di qualsiasi perdita o furto della tua password o di qualsiasi uso non autorizzato della tua password. Ci riserviamo il diritto di eliminare o modificare una password in qualsiasi momento e per qualsiasi motivo.<\/p>\n\n\n\n<p><strong>Esclusione di garanzie, non sostitutiva della consulenza medica e limitazione di responsabilit\u00e0<\/strong><\/p>\n\n\n\n<p>IL SITO WEB VIENE FORNITO \u201cCOS\u00cc COME \u00c8\u201d E \u201cCOME DISPONIBILE\u201d. NOI E I NOSTRI AFFILIATI E AGENTI NON FORNISCONO DICHIARAZIONI, GARANZIE O CONDIZIONI DI ALCUN TIPO, ESPLICITE O IMPLICITE, INCLUSE GARANZIE DI COMMERCIABILIT\u00c0, IDONEIT\u00c0 PER UNO SCOPO PARTICOLARE, NON VIOLAZIONE O ALTRIMENTI, IN MERITO AL FUNZIONAMENTO DEL SITO WEB, O ALL&#039;ACCURATEZZA, TEMPESTIVIT\u00c0 O COMPLETEZZA DEI CONTENUTI O DEI SERVIZI INCLUSI NEL SITO WEB. ACCETTI ESPRESSAMENTE CHE L&#039;UTILIZZO DEL SITO WEB E DI QUALSIASI CONTENUTO O SERVIZIO INCLUSO NEL SITO WEB \u00c8 A TUO ESCLUSIVO RISCHIO.<\/p>\n\n\n\n<p>TUTTI I CONTENUTI INCLUSI NEL SITO WEB, QUALI TESTI, TRATTAMENTI, DATI, DOSAGGI, RISULTATI, GRAFICI, PROFILI DEI PAZIENTI, GRAFICA, FOTOGRAFIE, IMMAGINI, CONSIGLI, MESSAGGI, PUBBLICAZIONI SUL FORUM E QUALSIASI ALTRO CONTENUTO FORNITO SUL SITO WEB SONO SOLO A SCOPO INFORMATIVO E NON SOSTITUISCONO UN CONSIGLIO O UN TRATTAMENTO MEDICO PROFESSIONALE. DOVREBBE SEMPRE CHIEDERE IL CONSIGLIO DEL VOSTRO MEDICO O ALTRO OPERATORE SANITARIO QUALIFICATO PER QUALSIASI DOMANDA CHE POTRESTE AVERE RIGUARDO LA VOSTRA SALUTE. NON IGNORARE MAI IL CONSIGLIO MEDICO PROFESSIONALE O RITARDARE NEL RICERCARLO A CAUSA DI QUALCOSA CHE HAI LETTO SU QUESTO SITO. SE PENSI DI AVERE UN&#039;EMERGENZA MEDICA, CHIAMA IMMEDIATAMENTE IL TUO MEDICO O I 911. NON RACCOMANDIAMO O APPROVIAMO ALCUN TEST, MEDICI, PRODOTTI, PROCEDURE, OPINIONI O ALTRI CONTENUTI SPECIFICI CHE POSSONO ESSERE MENZIONATI SUL SITO WEB.<\/p>\n\n\n\n<p>ACCETTI ESPRESSAMENTE CHE N\u00c9 NOI N\u00c9 I NOSTRI AFFILIATI E AGENTI SIAMO RESPONSABILI PER EVENTUALI DANNI DI QUALSIASI TIPO DERIVANTI O RISULTANTI DAL TUO UTILIZZO DEL SITO WEB O DI QUALSIASI CONTENUTO O SERVIZIO INCLUSO NEL SITO WEB, INCLUSI, MA NON LIMITATI A, DIRETTI, INDIRETTI, ACCIDENTALI DANNI PUNITIVI E CONSEQUENZIALI.<\/p>\n\n\n\n<p><strong>Politica sul diritto d&#039;autore<\/strong><\/p>\n\n\n\n<p>Rispettiamo la propriet\u00e0 intellettuale degli altri e chiediamo agli utenti del Sito di fare lo stesso. In conformit\u00e0 con il Digital Millennium Copyright Act (&quot;DMCA&quot;) e altre leggi applicabili, abbiamo adottato una politica che, in circostanze appropriate e a nostra esclusiva discrezione, interrompe gli utenti del sito Web ritenuti trasgressori recidivi. Possiamo inoltre, a nostra esclusiva discrezione, limitare l&#039;accesso al Sito Web a qualsiasi utente del Sito Web che violi i diritti di propriet\u00e0 intellettuale di altri, indipendentemente dal fatto che vi sia o meno una violazione ripetuta.<br><br><em><strong>Procedura per notificarci reclami di violazione del copyright<\/strong><\/em><\/p>\n\n\n\n<p>Se ritieni che qualsiasi contenuto fornito o pubblicato sul sito Web violi qualsiasi diritto d&#039;autore di tua propriet\u00e0 o controllo, o che qualsiasi collegamento su questo sito Web indirizzi gli utenti a un altro sito Web che contiene contenuti o descrizioni che violano qualsiasi diritto d&#039;autore di tua propriet\u00e0 o controllo, \u00e8 possibile inviarci una notifica di tale violazione come indicato di seguito. Le notifiche di presunta violazione del copyright devono essere inviate all&#039;attenzione di: CHDI Foundation, Inc., c\/o CHDI Management, 350 Seventh Avenue, Suite 200, New York, NY 10001, All&#039;attenzione di: David P. Rankin, Chief Legal Officer.<\/p>\n\n\n\n<p><em><strong>Legge governativa<\/strong><\/em><\/p>\n\n\n\n<p>Le presenti Condizioni d&#039;uso e le eventuali Condizioni d&#039;uso aggiuntive saranno regolate e interpretate in conformit\u00e0 con le leggi nazionali dello Stato di New York, Stati Uniti, senza dare effetto ad alcuna scelta o disposizione o regola di conflitto di leggi (sia dello Stato di New York, USA o qualsiasi altra giurisdizione) che comporterebbe l&#039;applicazione delle leggi di qualsiasi giurisdizione diversa dallo Stato di New York, USA.<\/p>\n\n\n\n<p><a href=\"https:\/\/chdifoundation.org\" target=\"_blank\" rel=\"noreferrer noopener\">Fondazione CHDI, Inc.<\/a>  \u2013 <a href=\"https:\/\/enroll-hd.org\/it\/\">www.Enroll-HD.org<\/a> - Termini di utilizzo<\/p>\n\n\n\n<p>Revisione N. 004 (In vigore dal 08\/09\/2016)<\/p>\n\n\n\n<p><a href=\"https:\/\/enroll-hd.org\/enrollhd_documents\/Enroll-HDWebsite_TermsOfUse_RevNo004.pdf\" target=\"_blank\" rel=\"noreferrer noopener\">Scarica questa politica<\/a><\/p>","protected":false},"excerpt":{"rendered":"<p>Terms of Use These Terms of Use apply to your use of Enroll-HD.org, all its sub-domains and all associated services including, but not limited to, e-mail received from Enroll-HD.org, any of our computer systems, databases or networks connected to Enroll-HD.org and all its sub-domains (collectively, the &#8220;Website&#8221;). The Website is being made available for your [&hellip;]<\/p>\n","protected":false},"author":2,"featured_media":0,"parent":0,"menu_order":0,"comment_status":"closed","ping_status":"closed","template":"","meta":{"footnotes":"","_links_to":"","_links_to_target":""},"class_list":["post-16624","page","type-page","status-publish","hentry"],"_links":{"self":[{"href":"https:\/\/enroll-hd.org\/it\/wp-json\/wp\/v2\/pages\/16624","targetHints":{"allow":["GET"]}}],"collection":[{"href":"https:\/\/enroll-hd.org\/it\/wp-json\/wp\/v2\/pages"}],"about":[{"href":"https:\/\/enroll-hd.org\/it\/wp-json\/wp\/v2\/types\/page"}],"author":[{"embeddable":true,"href":"https:\/\/enroll-hd.org\/it\/wp-json\/wp\/v2\/users\/2"}],"replies":[{"embeddable":true,"href":"https:\/\/enroll-hd.org\/it\/wp-json\/wp\/v2\/comments?post=16624"}],"version-history":[{"count":2,"href":"https:\/\/enroll-hd.org\/it\/wp-json\/wp\/v2\/pages\/16624\/revisions"}],"predecessor-version":[{"id":16626,"href":"https:\/\/enroll-hd.org\/it\/wp-json\/wp\/v2\/pages\/16624\/revisions\/16626"}],"wp:attachment":[{"href":"https:\/\/enroll-hd.org\/it\/wp-json\/wp\/v2\/media?parent=16624"}],"curies":[{"name":"wp","href":"https:\/\/api.w.org\/{rel}","templated":true}]}}