{"id":4126,"date":"2021-09-09T10:05:38","date_gmt":"2021-09-09T14:05:38","guid":{"rendered":"https:\/\/platform.enroll-hd.org\/?page_id=4126"},"modified":"2021-11-19T13:24:44","modified_gmt":"2021-11-19T18:24:44","slug":"about-hd","status":"publish","type":"page","link":"https:\/\/enroll-hd.org\/fr\/for-hd-families\/about-hd\/","title":{"rendered":"\u00c0 propos de la MH"},"content":{"rendered":"<style>.elementor-4126 .elementor-element.elementor-element-ac7e2bb > .elementor-container{max-width:500px;}.elementor-4126 .elementor-element.elementor-element-ac7e2bb:not(.elementor-motion-effects-element-type-background), .elementor-4126 .elementor-element.elementor-element-ac7e2bb > .elementor-motion-effects-container > .elementor-motion-effects-layer{background-image:url(\"https:\/\/enroll-hd.org\/wp-content\/uploads\/2021\/11\/about-hd-header-1.jpg\");background-position:center center;background-repeat:no-repeat;background-size:cover;}.elementor-4126 .elementor-element.elementor-element-ac7e2bb > .elementor-background-overlay{background-color:#063089;opacity:0.3;transition:background 0.3s, border-radius 0.3s, opacity 0.3s;}.elementor-4126 .elementor-element.elementor-element-ac7e2bb{transition:background 0.3s, border 0.3s, border-radius 0.3s, box-shadow 0.3s;margin-top:0px;margin-bottom:0px;padding:5% 0% 5% 0%;}.elementor-4126 .elementor-element.elementor-element-b549693.elementor-column > .elementor-widget-wrap{justify-content:center;}.elementor-4126 .elementor-element.elementor-element-b549693 > .elementor-element-populated >  .elementor-background-overlay{background-color:var( --e-global-color-primary );opacity:0.8;}.elementor-4126 .elementor-element.elementor-element-b549693 > .elementor-element-populated{transition:background 0.3s, border 0.3s, border-radius 0.3s, box-shadow 0.3s;padding:40px 0px 40px 0px;}.elementor-4126 .elementor-element.elementor-element-b549693 > .elementor-element-populated > .elementor-background-overlay{transition:background 0.3s, border-radius 0.3s, opacity 0.3s;}.elementor-4126 .elementor-element.elementor-element-74185ad{text-align:center;}.elementor-4126 .elementor-element.elementor-element-74185ad .elementor-heading-title{font-family:var( --e-global-typography-51cde77-font-family ), Sans-serif;font-size:var( --e-global-typography-51cde77-font-size );font-weight:var( --e-global-typography-51cde77-font-weight );line-height:var( --e-global-typography-51cde77-line-height );letter-spacing:var( --e-global-typography-51cde77-letter-spacing );word-spacing:var( --e-global-typography-51cde77-word-spacing );color:#FFFFFF;}.elementor-4126 .elementor-element.elementor-element-eb2a925 .jeg-elementor-kit.jkit-button{text-align:center;}.elementor-4126 .elementor-element.elementor-element-eb2a925 .jeg-elementor-kit.jkit-button .jkit-button-wrapper{padding:0px 0px 0px 0px;font-family:var( --e-global-typography-6cb29b0-font-family ), Sans-serif;font-size:var( --e-global-typography-6cb29b0-font-size );font-weight:var( --e-global-typography-6cb29b0-font-weight );line-height:var( --e-global-typography-6cb29b0-line-height );letter-spacing:var( --e-global-typography-6cb29b0-letter-spacing );word-spacing:var( --e-global-typography-6cb29b0-word-spacing );color:#FFFFFF;background-color:#02010100;}.elementor-4126 .elementor-element.elementor-element-eb2a925 .jeg-elementor-kit.jkit-button .jkit-button-wrapper svg{fill:#FFFFFF;width:15px;}.elementor-4126 .elementor-element.elementor-element-eb2a925 .jeg-elementor-kit.jkit-button .jkit-button-wrapper i{font-size:15px;}.elementor-4126 .elementor-element.elementor-element-eb2a925 .jeg-elementor-kit.jkit-button.icon-position-before .jkit-button-wrapper i, .elementor-4126 .elementor-element.elementor-element-eb2a925 .jeg-elementor-kit.jkit-button.icon-position-before .jkit-button-wrapper svg{margin-right:10px;}.elementor-4126 .elementor-element.elementor-element-eb2a925 .jeg-elementor-kit.jkit-button.icon-position-after .jkit-button-wrapper i, .elementor-4126 .elementor-element.elementor-element-eb2a925 .jeg-elementor-kit.jkit-button.icon-position-after .jkit-button-wrapper svg{margin-left:10px;}.elementor-4126 .elementor-element.elementor-element-eb2a925 > .elementor-widget-container{margin:0px 10px 0px 0px;}.elementor-4126 .elementor-element.elementor-element-eb2a925{width:auto;max-width:auto;}.elementor-4126 .elementor-element.elementor-element-445ef07 .jeg-elementor-kit.jkit-button{text-align:center;}.elementor-4126 .elementor-element.elementor-element-445ef07 .jeg-elementor-kit.jkit-button .jkit-button-wrapper{padding:0px 0px 0px 0px;font-family:var( --e-global-typography-6cb29b0-font-family ), Sans-serif;font-size:var( --e-global-typography-6cb29b0-font-size );font-weight:var( --e-global-typography-6cb29b0-font-weight );line-height:var( --e-global-typography-6cb29b0-line-height );letter-spacing:var( --e-global-typography-6cb29b0-letter-spacing );word-spacing:var( --e-global-typography-6cb29b0-word-spacing );color:#FFFFFF;background-color:#02010100;}.elementor-4126 .elementor-element.elementor-element-445ef07 .jeg-elementor-kit.jkit-button .jkit-button-wrapper svg{fill:#FFFFFF;width:15px;}.elementor-4126 .elementor-element.elementor-element-445ef07 .jeg-elementor-kit.jkit-button .jkit-button-wrapper i{font-size:15px;}.elementor-4126 .elementor-element.elementor-element-445ef07 .jeg-elementor-kit.jkit-button.icon-position-before .jkit-button-wrapper i, .elementor-4126 .elementor-element.elementor-element-445ef07 .jeg-elementor-kit.jkit-button.icon-position-before .jkit-button-wrapper svg{margin-right:10px;}.elementor-4126 .elementor-element.elementor-element-445ef07 .jeg-elementor-kit.jkit-button.icon-position-after .jkit-button-wrapper i, .elementor-4126 .elementor-element.elementor-element-445ef07 .jeg-elementor-kit.jkit-button.icon-position-after .jkit-button-wrapper svg{margin-left:10px;}.elementor-4126 .elementor-element.elementor-element-445ef07 > .elementor-widget-container{margin:0px 10px 0px 0px;}.elementor-4126 .elementor-element.elementor-element-445ef07{width:auto;max-width:auto;}.elementor-4126 .elementor-element.elementor-element-7c0e0bc .elementor-heading-title{font-family:var( --e-global-typography-6cb29b0-font-family ), Sans-serif;font-size:var( --e-global-typography-6cb29b0-font-size );font-weight:var( --e-global-typography-6cb29b0-font-weight );line-height:var( --e-global-typography-6cb29b0-line-height );letter-spacing:var( --e-global-typography-6cb29b0-letter-spacing );word-spacing:var( --e-global-typography-6cb29b0-word-spacing );color:#FFFFFF;}.elementor-4126 .elementor-element.elementor-element-7c0e0bc{width:auto;max-width:auto;align-self:center;}.elementor-4126 .elementor-element.elementor-element-c2392cb{color:var( --e-global-color-text );padding:50px 0px 50px 0px;}.elementor-4126 .elementor-element.elementor-element-c2392cb a{color:var( --e-global-color-primary );}.elementor-4126 .elementor-element.elementor-element-72184db .elementor-heading-title{font-family:var( --e-global-typography-45ff652-font-family ), Sans-serif;font-size:var( --e-global-typography-45ff652-font-size );font-weight:var( --e-global-typography-45ff652-font-weight );text-transform:var( --e-global-typography-45ff652-text-transform );line-height:var( --e-global-typography-45ff652-line-height );letter-spacing:var( --e-global-typography-45ff652-letter-spacing );word-spacing:var( --e-global-typography-45ff652-word-spacing );color:var( --e-global-color-primary );}.elementor-4126 .elementor-element.elementor-element-72184db > .elementor-widget-container{padding:25px 0px 0px 0px;}:root{--page-title-display:none;}@media(max-width:1024px) and (min-width:768px){.elementor-4126 .elementor-element.elementor-element-b549693{width:100%;}}@media(max-width:1024px){.elementor-4126 .elementor-element.elementor-element-ac7e2bb:not(.elementor-motion-effects-element-type-background), .elementor-4126 .elementor-element.elementor-element-ac7e2bb > .elementor-motion-effects-container > .elementor-motion-effects-layer{background-position:center center;}.elementor-4126 .elementor-element.elementor-element-ac7e2bb{padding:10% 0% 10% 0%;}.elementor-4126 .elementor-element.elementor-element-b549693 > .elementor-element-populated{margin:0px 0px 0px 0px;--e-column-margin-right:0px;--e-column-margin-left:0px;}.elementor-4126 .elementor-element.elementor-element-74185ad .elementor-heading-title{font-size:var( --e-global-typography-51cde77-font-size );line-height:var( --e-global-typography-51cde77-line-height );letter-spacing:var( --e-global-typography-51cde77-letter-spacing );word-spacing:var( --e-global-typography-51cde77-word-spacing );}.elementor-4126 .elementor-element.elementor-element-eb2a925 .jeg-elementor-kit.jkit-button .jkit-button-wrapper{font-size:var( --e-global-typography-6cb29b0-font-size );line-height:var( --e-global-typography-6cb29b0-line-height );letter-spacing:var( --e-global-typography-6cb29b0-letter-spacing );word-spacing:var( --e-global-typography-6cb29b0-word-spacing );}.elementor-4126 .elementor-element.elementor-element-eb2a925 .jeg-elementor-kit.jkit-button.icon-position-before .jkit-button-wrapper i, .elementor-4126 .elementor-element.elementor-element-eb2a925 .jeg-elementor-kit.jkit-button.icon-position-before .jkit-button-wrapper svg{margin-right:10px;}.elementor-4126 .elementor-element.elementor-element-eb2a925 .jeg-elementor-kit.jkit-button.icon-position-after .jkit-button-wrapper i, .elementor-4126 .elementor-element.elementor-element-eb2a925 .jeg-elementor-kit.jkit-button.icon-position-after .jkit-button-wrapper svg{margin-left:10px;}.elementor-4126 .elementor-element.elementor-element-445ef07 .jeg-elementor-kit.jkit-button .jkit-button-wrapper{font-size:var( --e-global-typography-6cb29b0-font-size );line-height:var( --e-global-typography-6cb29b0-line-height );letter-spacing:var( --e-global-typography-6cb29b0-letter-spacing );word-spacing:var( --e-global-typography-6cb29b0-word-spacing );}.elementor-4126 .elementor-element.elementor-element-445ef07 .jeg-elementor-kit.jkit-button.icon-position-before .jkit-button-wrapper i, .elementor-4126 .elementor-element.elementor-element-445ef07 .jeg-elementor-kit.jkit-button.icon-position-before .jkit-button-wrapper svg{margin-right:10px;}.elementor-4126 .elementor-element.elementor-element-445ef07 .jeg-elementor-kit.jkit-button.icon-position-after .jkit-button-wrapper i, .elementor-4126 .elementor-element.elementor-element-445ef07 .jeg-elementor-kit.jkit-button.icon-position-after .jkit-button-wrapper svg{margin-left:10px;}.elementor-4126 .elementor-element.elementor-element-7c0e0bc .elementor-heading-title{font-size:var( --e-global-typography-6cb29b0-font-size );line-height:var( --e-global-typography-6cb29b0-line-height );letter-spacing:var( --e-global-typography-6cb29b0-letter-spacing );word-spacing:var( --e-global-typography-6cb29b0-word-spacing );}.elementor-4126 .elementor-element.elementor-element-7c0e0bc > .elementor-widget-container{margin:2px 0px 0px 0px;}.elementor-4126 .elementor-element.elementor-element-72184db .elementor-heading-title{font-size:var( --e-global-typography-45ff652-font-size );line-height:var( --e-global-typography-45ff652-line-height );letter-spacing:var( --e-global-typography-45ff652-letter-spacing );word-spacing:var( --e-global-typography-45ff652-word-spacing );}}@media(max-width:767px){.elementor-4126 .elementor-element.elementor-element-ac7e2bb:not(.elementor-motion-effects-element-type-background), .elementor-4126 .elementor-element.elementor-element-ac7e2bb > .elementor-motion-effects-container > .elementor-motion-effects-layer{background-position:center center;}.elementor-4126 .elementor-element.elementor-element-ac7e2bb{margin-top:0px;margin-bottom:0px;padding:15% 0% 15% 0%;}.elementor-4126 .elementor-element.elementor-element-b549693 > .elementor-element-populated{margin:0px 20px 0px 20px;--e-column-margin-right:20px;--e-column-margin-left:20px;}.elementor-4126 .elementor-element.elementor-element-74185ad .elementor-heading-title{font-size:var( --e-global-typography-51cde77-font-size );line-height:var( --e-global-typography-51cde77-line-height );letter-spacing:var( --e-global-typography-51cde77-letter-spacing );word-spacing:var( --e-global-typography-51cde77-word-spacing );}.elementor-4126 .elementor-element.elementor-element-eb2a925 .jeg-elementor-kit.jkit-button .jkit-button-wrapper{font-size:var( --e-global-typography-6cb29b0-font-size );line-height:var( --e-global-typography-6cb29b0-line-height );letter-spacing:var( --e-global-typography-6cb29b0-letter-spacing );word-spacing:var( --e-global-typography-6cb29b0-word-spacing );}.elementor-4126 .elementor-element.elementor-element-eb2a925 .jeg-elementor-kit.jkit-button.icon-position-before .jkit-button-wrapper i, .elementor-4126 .elementor-element.elementor-element-eb2a925 .jeg-elementor-kit.jkit-button.icon-position-before .jkit-button-wrapper svg{margin-right:10px;}.elementor-4126 .elementor-element.elementor-element-eb2a925 .jeg-elementor-kit.jkit-button.icon-position-after .jkit-button-wrapper i, .elementor-4126 .elementor-element.elementor-element-eb2a925 .jeg-elementor-kit.jkit-button.icon-position-after .jkit-button-wrapper svg{margin-left:10px;}.elementor-4126 .elementor-element.elementor-element-445ef07 .jeg-elementor-kit.jkit-button .jkit-button-wrapper{font-size:var( --e-global-typography-6cb29b0-font-size );line-height:var( --e-global-typography-6cb29b0-line-height );letter-spacing:var( --e-global-typography-6cb29b0-letter-spacing );word-spacing:var( --e-global-typography-6cb29b0-word-spacing );}.elementor-4126 .elementor-element.elementor-element-445ef07 .jeg-elementor-kit.jkit-button.icon-position-before .jkit-button-wrapper i, .elementor-4126 .elementor-element.elementor-element-445ef07 .jeg-elementor-kit.jkit-button.icon-position-before .jkit-button-wrapper svg{margin-right:10px;}.elementor-4126 .elementor-element.elementor-element-445ef07 .jeg-elementor-kit.jkit-button.icon-position-after .jkit-button-wrapper i, .elementor-4126 .elementor-element.elementor-element-445ef07 .jeg-elementor-kit.jkit-button.icon-position-after .jkit-button-wrapper svg{margin-left:10px;}.elementor-4126 .elementor-element.elementor-element-7c0e0bc .elementor-heading-title{font-size:var( --e-global-typography-6cb29b0-font-size );line-height:var( --e-global-typography-6cb29b0-line-height );letter-spacing:var( --e-global-typography-6cb29b0-letter-spacing );word-spacing:var( --e-global-typography-6cb29b0-word-spacing );}.elementor-4126 .elementor-element.elementor-element-7c0e0bc > .elementor-widget-container{margin:0px 0px 0px 0px;}.elementor-4126 .elementor-element.elementor-element-72184db .elementor-heading-title{font-size:var( --e-global-typography-45ff652-font-size );line-height:var( --e-global-typography-45ff652-line-height );letter-spacing:var( --e-global-typography-45ff652-letter-spacing );word-spacing:var( --e-global-typography-45ff652-word-spacing );}}<\/style>\t\t<div data-elementor-type=\"wp-page\" data-elementor-id=\"4126\" class=\"elementor elementor-4126\" data-elementor-post-type=\"page\">\n\t\t\t\t\t\t<section class=\"elementor-section elementor-top-section elementor-element elementor-element-ac7e2bb elementor-section-boxed elementor-section-height-default elementor-section-height-default\" data-id=\"ac7e2bb\" data-element_type=\"section\" data-e-type=\"section\" data-settings=\"{&quot;background_background&quot;:&quot;classic&quot;}\">\n\t\t\t\t\t\t\t<div class=\"elementor-background-overlay\"><\/div>\n\t\t\t\t\t\t\t<div class=\"elementor-container elementor-column-gap-default\">\n\t\t\t\t\t<div class=\"elementor-column elementor-col-100 elementor-top-column elementor-element elementor-element-b549693\" data-id=\"b549693\" data-element_type=\"column\" data-e-type=\"column\" data-settings=\"{&quot;background_background&quot;:&quot;classic&quot;}\">\n\t\t\t<div class=\"elementor-widget-wrap elementor-element-populated\">\n\t\t\t\t\t<div class=\"elementor-background-overlay\"><\/div>\n\t\t\t\t\t\t<div class=\"elementor-element elementor-element-74185ad elementor-widget elementor-widget-heading\" data-id=\"74185ad\" data-element_type=\"widget\" data-e-type=\"widget\" data-widget_type=\"heading.default\">\n\t\t\t\t<div class=\"elementor-widget-container\">\n\t\t\t\t\t<h2 class=\"elementor-heading-title elementor-size-default\">\u00c0 propos de la MH<\/h2>\t\t\t\t<\/div>\n\t\t\t\t<\/div>\n\t\t\t\t<div class=\"elementor-element elementor-element-eb2a925 elementor-widget__width-auto elementor-widget elementor-widget-jkit_button\" data-id=\"eb2a925\" data-element_type=\"widget\" data-e-type=\"widget\" data-widget_type=\"jkit_button.default\">\n\t\t\t\t<div class=\"elementor-widget-container\">\n\t\t\t\t\t<div  class=\"jeg-elementor-kit jkit-button  icon-position-after jeg_module___69d2aa051e9ce\" ><a href=\"https:\/\/enroll-hd.org\/fr\/for-participants\/\" class=\"jkit-button-wrapper\">Familles MH<i aria-hidden=\"true\" class=\"fas fa-chevron-right\"><\/i><\/a><\/div>\t\t\t\t<\/div>\n\t\t\t\t<\/div>\n\t\t\t\t<div class=\"elementor-element elementor-element-445ef07 elementor-widget__width-auto elementor-widget elementor-widget-jkit_button\" data-id=\"445ef07\" data-element_type=\"widget\" data-e-type=\"widget\" data-widget_type=\"jkit_button.default\">\n\t\t\t\t<div class=\"elementor-widget-container\">\n\t\t\t\t\t<div  class=\"jeg-elementor-kit jkit-button  icon-position-after jeg_module__1_69d2aa051f90e\" ><a href=\"#\" class=\"jkit-button-wrapper\">Apprendre<i aria-hidden=\"true\" class=\"fas fa-chevron-right\"><\/i><\/a><\/div>\t\t\t\t<\/div>\n\t\t\t\t<\/div>\n\t\t\t\t<div class=\"elementor-element elementor-element-7c0e0bc elementor-widget__width-auto elementor-widget elementor-widget-heading\" data-id=\"7c0e0bc\" data-element_type=\"widget\" data-e-type=\"widget\" data-widget_type=\"heading.default\">\n\t\t\t\t<div class=\"elementor-widget-container\">\n\t\t\t\t\t<h2 class=\"elementor-heading-title elementor-size-default\">\u00c0 propos de la MH<\/h2>\t\t\t\t<\/div>\n\t\t\t\t<\/div>\n\t\t\t\t\t<\/div>\n\t\t<\/div>\n\t\t\t\t\t<\/div>\n\t\t<\/section>\n\t\t\t\t<section class=\"elementor-section elementor-top-section elementor-element elementor-element-c2392cb elementor-section-boxed elementor-section-height-default elementor-section-height-default\" data-id=\"c2392cb\" data-element_type=\"section\" data-e-type=\"section\">\n\t\t\t\t\t\t<div class=\"elementor-container elementor-column-gap-default\">\n\t\t\t\t\t<div class=\"elementor-column elementor-col-100 elementor-top-column elementor-element elementor-element-4620bc6\" data-id=\"4620bc6\" data-element_type=\"column\" data-e-type=\"column\">\n\t\t\t<div class=\"elementor-widget-wrap elementor-element-populated\">\n\t\t\t\t\t\t<div class=\"elementor-element elementor-element-0acae51 elementor-widget elementor-widget-text-editor\" data-id=\"0acae51\" data-element_type=\"widget\" data-e-type=\"widget\" data-widget_type=\"text-editor.default\">\n\t\t\t\t<div class=\"elementor-widget-container\">\n\t\t\t\t\t\t\t\t\t<h3>Qu\u2019est-ce que la MH?<\/h3><p>La maladie de Huntington est un trouble c\u00e9r\u00e9bral provoqu\u00e9 par une mutation qui augmente la taille de la r\u00e9p\u00e9tition CAG du g\u00e8ne huntingtine. Ce g\u00e8ne huntingtine mut\u00e9 provoque la mort progressive de cellules nerveuses dans des zones particuli\u00e8res du cerveau, affectant \u00e0 la fois l\u2019esprit et le corps. Les sympt\u00f4mes de la MH apparaissent g\u00e9n\u00e9ralement pour la premi\u00e8re fois chez les personnes \u00e2g\u00e9es de 30 \u00e0 50 ans et progressent pour s'aggraver avec le temps.<\/p><h3><br \/>Quels sont les sympt\u00f4mes?<\/h3><p>La MH affecte le corps, provoquant des probl\u00e8mes de mouvement tels que des maladresses, un mauvais \u00e9quilibre, des gestes involontaires et, plus tard, des difficult\u00e9s \u00e0 parler et \u00e0 avaler. Cela peut affecter la cognition, comme la capacit\u00e9 \u00e0 comprendre et \u00e0 retenir des informations. Les personnes atteintes de MH peuvent perdre la m\u00e9moire et avoir des difficult\u00e9s \u00e0 se concentrer et \u00e0 prendre des d\u00e9cisions. La MH peut \u00e9galement provoquer des probl\u00e8mes d\u2019humeur tels que la d\u00e9pression, la col\u00e8re et l\u2019irritabilit\u00e9. Diff\u00e9rentes personnes pr\u00e9sentent des sympt\u00f4mes diff\u00e9rents, m\u00eame au sein d\u2019une m\u00eame famille, et les probl\u00e8mes peuvent \u00e9voluer avec le temps. La MH s&#039;aggrave g\u00e9n\u00e9ralement sur une p\u00e9riode de 10 \u00e0 25 ans et finit par \u00eatre mortelle.<\/p><h3><br \/>Qui peut \u00eatre atteint par la MH ?<\/h3><p>Les hommes, les femmes et les personnes de toute origine raciale ou ethnique peuvent souffrir de la MH, bien qu'elle soit plus fr\u00e9quente chez les personnes d'origine europ\u00e9enne. Il ne peut pas \u00eatre \u00ab attrap\u00e9 \u00bb ou transmis par contact de personne \u00e0 personne car il est caus\u00e9 par un g\u00e8ne huntingtine mut\u00e9. Presque toutes les personnes atteintes de MH ont h\u00e9rit\u00e9 du g\u00e8ne d\u00e9fectueux d'un parent, bien que dans de tr\u00e8s rares cas, la mutation g\u00e9n\u00e9tique se produise chez une personne qui n'a pas d'ant\u00e9c\u00e9dents familiaux li\u00e9s \u00e0 la maladie. Les personnes atteintes de MH naissent avec le g\u00e8ne huntingtine mut\u00e9, mais celui-ci ne provoque g\u00e9n\u00e9ralement pas de signes ou de sympt\u00f4mes jusqu'\u00e0 l'\u00e2ge adulte pour des raisons que nous ne comprenons pas encore enti\u00e8rement.<\/p><h3><br \/>Comment savoir si je suis \u00e0 risque ?<\/h3><p>Si l\u2019un de vos parents est atteint ou a eu la MH, vous avez 50 % de risques d\u2019h\u00e9riter du g\u00e8ne. Un test g\u00e9n\u00e9tique peut vous dire si vous \u00eates porteur ou non du g\u00e8ne, mais il ne peut pas vous dire quand vous d\u00e9velopperez des sympt\u00f4mes.<\/p><h3><br \/>Comment est-elle trait\u00e9e ?<\/h3><p>\u00c0 l\u2019heure actuelle, il n\u2019existe aucun m\u00e9dicament permettant de pr\u00e9venir ou de ralentir la progression de la maladie. Cependant, certains m\u00e9dicaments et autres th\u00e9rapies peuvent soulager certains signes et sympt\u00f4mes de la MH. Il est donc important d'\u00eatre trait\u00e9 par un m\u00e9decin exp\u00e9riment\u00e9 dans le traitement des personnes atteintes de MH. L\u2019objectif d'Enroll-HD est d\u2019acc\u00e9l\u00e9rer les progr\u00e8s de la recherche afin que de nouveaux traitements plus efficaces soient disponibles le plus rapidement possible et que la prise en charge des patients MH soit am\u00e9lior\u00e9e.<\/p>\t\t\t\t\t\t\t\t<\/div>\n\t\t\t\t<\/div>\n\t\t\t\t<div class=\"elementor-element elementor-element-72184db elementor-widget elementor-widget-heading\" data-id=\"72184db\" data-element_type=\"widget\" data-e-type=\"widget\" data-widget_type=\"heading.default\">\n\t\t\t\t<div class=\"elementor-widget-container\">\n\t\t\t\t\t<h5 class=\"elementor-heading-title elementor-size-default\">RESSOURCES<\/h5>\t\t\t\t<\/div>\n\t\t\t\t<\/div>\n\t\t\t\t<div class=\"elementor-element elementor-element-32779a3 elementor-widget elementor-widget-text-editor\" data-id=\"32779a3\" data-element_type=\"widget\" data-e-type=\"widget\" data-widget_type=\"text-editor.default\">\n\t\t\t\t<div class=\"elementor-widget-container\">\n\t\t\t\t\t\t\t\t\t<h3>Informations suppl\u00e9mentaires sur la MH<\/h3><p class=\"translation-block\">Pour plus d'informations sur la MH, veuillez visiter les sites Web des organisations r\u00e9pertori\u00e9s sur la page <a href=\"\/fr\/for-participants\/resources\/\" target=\"_self\">Ressources<\/a>.<\/p>\t\t\t\t\t\t\t\t<\/div>\n\t\t\t\t<\/div>\n\t\t\t\t\t<\/div>\n\t\t<\/div>\n\t\t\t\t\t<\/div>\n\t\t<\/section>\n\t\t\t\t<\/div>","protected":false},"excerpt":{"rendered":"<p>\u00c0 propos de la HD Familles HD En savoir plus sur la HD Qu&#039;est-ce que la HD ? La maladie de Huntington est un trouble c\u00e9r\u00e9bral provoqu\u00e9 par une mutation qui augmente la taille de la r\u00e9p\u00e9tition CAG du g\u00e8ne huntingtin. Ce g\u00e8ne huntingtin mut\u00e9 provoque la mort progressive de cellules nerveuses dans des zones particuli\u00e8res du cerveau, affectant \u00e0 la fois l&#039;esprit et le [\u2026]<\/p>","protected":false},"author":1,"featured_media":0,"parent":697,"menu_order":0,"comment_status":"closed","ping_status":"closed","template":"","meta":{"footnotes":"","_links_to":"","_links_to_target":""},"class_list":["post-4126","page","type-page","status-publish","hentry"],"_links":{"self":[{"href":"https:\/\/enroll-hd.org\/fr\/wp-json\/wp\/v2\/pages\/4126","targetHints":{"allow":["GET"]}}],"collection":[{"href":"https:\/\/enroll-hd.org\/fr\/wp-json\/wp\/v2\/pages"}],"about":[{"href":"https:\/\/enroll-hd.org\/fr\/wp-json\/wp\/v2\/types\/page"}],"author":[{"embeddable":true,"href":"https:\/\/enroll-hd.org\/fr\/wp-json\/wp\/v2\/users\/1"}],"replies":[{"embeddable":true,"href":"https:\/\/enroll-hd.org\/fr\/wp-json\/wp\/v2\/comments?post=4126"}],"version-history":[{"count":61,"href":"https:\/\/enroll-hd.org\/fr\/wp-json\/wp\/v2\/pages\/4126\/revisions"}],"predecessor-version":[{"id":11032,"href":"https:\/\/enroll-hd.org\/fr\/wp-json\/wp\/v2\/pages\/4126\/revisions\/11032"}],"up":[{"embeddable":true,"href":"https:\/\/enroll-hd.org\/fr\/wp-json\/wp\/v2\/pages\/697"}],"wp:attachment":[{"href":"https:\/\/enroll-hd.org\/fr\/wp-json\/wp\/v2\/media?parent=4126"}],"curies":[{"name":"wp","href":"https:\/\/api.w.org\/{rel}","templated":true}]}}