{"id":16624,"date":"2024-06-03T13:34:29","date_gmt":"2024-06-03T17:34:29","guid":{"rendered":"https:\/\/3.84.221.207\/?page_id=16624"},"modified":"2024-06-03T13:38:30","modified_gmt":"2024-06-03T17:38:30","slug":"terms-of-use","status":"publish","type":"page","link":"https:\/\/enroll-hd.org\/fr\/terms-of-use\/","title":{"rendered":"Conditions d&#039;utilisation"},"content":{"rendered":"<p><strong>Conditions d&#039;utilisation<\/strong><\/p>\n\n\n\n<p>Ces conditions d&#039;utilisation s&#039;appliquent \u00e0 votre utilisation de Enroll-HD.org, de tous ses sous-domaines et de tous les services associ\u00e9s, y compris, mais sans s&#039;y limiter, les e-mails re\u00e7us de Enroll-HD.org, l&#039;un de nos syst\u00e8mes informatiques, bases de donn\u00e9es ou r\u00e9seaux connect\u00e9s \u00e0 Enroll-HD. .org et tous ses sous-domaines (collectivement, le \u00ab Site Web \u00bb). Le site Web est mis \u00e0 votre disposition par <a href=\"https:\/\/chdifoundation.org\" target=\"_blank\" rel=\"noreferrer noopener\">Fondation CHDI, Inc.<\/a> Si vous naviguez ou utilisez autrement le site Web, vous acceptez ces conditions d&#039;utilisation.&nbsp;<\/p>\n\n\n\n<p>Votre utilisation de certaines zones et\/ou sous-domaines du site Web peut \u00eatre soumise \u00e0 des conditions d&#039;utilisation suppl\u00e9mentaires, \u00e0 des conditions qui remplacent les pr\u00e9sentes conditions d&#039;utilisation ou \u00e0 d&#039;autres accords (collectivement, les \u00ab\u00a0Conditions d&#039;utilisation suppl\u00e9mentaires\u00a0\u00bb). Vous serez inform\u00e9 de ces conditions d\u2019utilisation suppl\u00e9mentaires lorsque vous visiterez ces zones et\/ou sous-domaines du site Web. En utilisant ces zones et\/ou sous-domaines, ou toute partie de ceux-ci, vous acceptez d&#039;\u00eatre li\u00e9 par ces conditions d&#039;utilisation suppl\u00e9mentaires.<\/p>\n\n\n\n<p>Nous nous r\u00e9servons le droit de modifier ces conditions d&#039;utilisation et toutes conditions d&#039;utilisation suppl\u00e9mentaires \u00e0 tout moment en publiant de telles modifications dans ces conditions d&#039;utilisation ou dans ces conditions d&#039;utilisation suppl\u00e9mentaires, le cas \u00e9ch\u00e9ant. Votre utilisation continue du site Web ou d&#039;autres zones et\/ou sous-domaines, le cas \u00e9ch\u00e9ant, apr\u00e8s que de telles modifications ont \u00e9t\u00e9 apport\u00e9es, constitue votre acceptation et votre accord d&#039;\u00eatre li\u00e9 par les conditions d&#039;utilisation et\/ou toutes conditions d&#039;utilisation suppl\u00e9mentaires, tel que modifi\u00e9. Si vous n&#039;acceptez pas les pr\u00e9sentes conditions d&#039;utilisation et\/ou les conditions d&#039;utilisation suppl\u00e9mentaires, veuillez ne pas acc\u00e9der ou utiliser le site Web ou d&#039;autres zones et\/ou sous-domaines, le cas \u00e9ch\u00e9ant.<\/p>\n\n\n\n<p><strong>Limites d&#039;utilisation<\/strong><\/p>\n\n\n\n<p>Nous nous r\u00e9servons le droit, \u00e0 notre seule discr\u00e9tion, sans aucune obligation ni exigence de pr\u00e9avis, de suspendre ou de refuser votre acc\u00e8s au site Web pour quelque raison que ce soit, y compris pour une maintenance, des mises \u00e0 niveau, des am\u00e9liorations ou des corrections programm\u00e9es ou non.<\/p>\n\n\n\n<p>Vous ne pouvez pas tenter d&#039;obtenir un acc\u00e8s non autoris\u00e9 au site Web, par le biais d&#039;un piratage, d&#039;une extraction de mots de passe ou de tout autre moyen visant \u00e0 contourner les proc\u00e9dures de s\u00e9curit\u00e9 du site Web. Vous ne pouvez pas utiliser le site Web (i) d&#039;une mani\u00e8re qui pourrait endommager, d\u00e9sactiver, surcharger ou d\u00e9t\u00e9riorer le site Web ou tout service fourni via le site Web, ou interf\u00e9rer avec l&#039;utilisation et la jouissance par tout autre utilisateur du site Web ou de tout service fourni via le site Web. ou (ii) \u00e0 des fins ill\u00e9gales ou interdites par les pr\u00e9sentes conditions d&#039;utilisation ou, le cas \u00e9ch\u00e9ant, par toutes conditions d&#039;utilisation suppl\u00e9mentaires. Vous ne pouvez pas utiliser le site Web ou tout service fourni via le site Web pour falsifier des en-t\u00eates de courrier \u00e9lectronique ou envoyer des messages \u00e9lectroniques non sollicit\u00e9s en masse.<\/p>\n\n\n\n<p><strong>politique de confidentialit\u00e9<\/strong><\/p>\n\n\n\n<p>Ces conditions d&#039;utilisation incluent notre <a href=\"https:\/\/enroll-hd.org\/fr\/privacy-policy\/\" data-type=\"page\" data-id=\"3\" target=\"_blank\" rel=\"noreferrer noopener\">politique de confidentialit\u00e9<\/a>, qui d\u00e9crit la mani\u00e8re dont nous utilisons vos informations personnelles.<\/p>\n\n\n\n<p><strong>Exactitude du contenu<\/strong><\/p>\n\n\n\n<p>Tout contenu que nous fournissons ou publions sur le site Web peut contenir des erreurs ou des inexactitudes, y compris des erreurs typographiques et substantielles. Nous nous r\u00e9servons le droit, \u00e0 notre seule discr\u00e9tion et pour quelque raison que ce soit, sans aucune obligation ni pr\u00e9avis, d&#039;interrompre, de modifier, d&#039;am\u00e9liorer ou de corriger le contenu que nous fournissons ou publions sur le site Web. Tout contenu dat\u00e9 que nous fournissons ou publions sur le site Web est publi\u00e9 \u00e0 compter de sa date uniquement et nous n&#039;avons aucune responsabilit\u00e9 de mettre \u00e0 jour ou de modifier ce contenu.<\/p>\n\n\n\n<p>Il est de votre seule responsabilit\u00e9 d&#039;\u00e9valuer l&#039;exactitude, l&#039;exhaustivit\u00e9 ou l&#039;utilit\u00e9 de tout contenu fourni ou publi\u00e9 sur le site Web.<\/p>\n\n\n\n<p><strong>Liens vers d&#039;autres sites Web<\/strong><\/p>\n\n\n\n<p>Les pr\u00e9sentes conditions d&#039;utilisation et toutes conditions d&#039;utilisation suppl\u00e9mentaires s&#039;appliquent uniquement au site Web. Nous fournissons des liens vers d&#039;autres sites Web, mais nous ne contr\u00f4lons pas le contenu de ces sites Web ni leurs pratiques. Nous ne sommes pas responsables du contenu des autres sites Web, des pratiques de collecte d&#039;informations ou de l&#039;utilisation des informations qu&#039;ils collectent. Les liens vers d&#039;autres sites Web ne constituent pas une approbation de notre part de ces sites Web ou de leur contenu, de leurs propri\u00e9taires ou de leurs affiches.<\/p>\n\n\n\n<p><strong>Votre utilisation du contenu contenu sur le site Web<\/strong><\/p>\n\n\n\n<p>L&#039;ensemble du site Web est prot\u00e9g\u00e9 par le droit d&#039;auteur. Certains contenus, tels que les articles et\/ou autres documents que vous pouvez trouver sur le site Web, peuvent \u00e9galement \u00eatre prot\u00e9g\u00e9s s\u00e9par\u00e9ment par nous ou par des tiers.<\/p>\n\n\n\n<p>Sauf indication contraire expresse ou envisag\u00e9e, tout le contenu fourni ou publi\u00e9 sur le site Web est mis \u00e0 votre disposition uniquement dans le but de fournir des informations sur Enroll-HD, ses pratiques et ses progr\u00e8s ou pour vous donner acc\u00e8s \u00e0 des donn\u00e9es et\/ou du mat\u00e9riel.<\/p>\n\n\n\n<p>Sauf indication contraire expresse ou envisag\u00e9e sur le site Web ou dans les conditions d&#039;utilisation suppl\u00e9mentaires, nous vous accordons une licence pour utiliser tout contenu que nous avons fourni ou publi\u00e9 sur le site Web sous une licence Creative Commons Attribution 3.0. Certains contenus que nous avons fournis ou publi\u00e9s sur le site Web peuvent \u00e9galement \u00eatre soumis \u00e0 votre acceptation de conditions d&#039;utilisation suppl\u00e9mentaires couvrant sp\u00e9cifiquement ce contenu.<\/p>\n\n\n\n<p>Vous reconnaissez et acceptez que l&#039;autorisation accord\u00e9e dans cette section ne constitue pas une approbation de notre part de vous ou de votre utilisation d&#039;un tel contenu. Veuillez nous contacter directement pour obtenir des autorisations de droits d&#039;auteur autres que celles express\u00e9ment accord\u00e9es dans les pr\u00e9sentes conditions d&#039;utilisation ou dans toute condition d&#039;utilisation suppl\u00e9mentaire.<\/p>\n\n\n\n<p><strong>Mots de passe<\/strong><\/p>\n\n\n\n<p>Votre utilisation de certaines parties du site Web et l&#039;acc\u00e8s \u00e0 certains contenus n\u00e9cessitent un mot de passe. Lors de la cr\u00e9ation d&#039;un tel mot de passe, vous devez fournir certaines informations personnelles. Toute personne connaissant votre mot de passe peut acc\u00e9der \u00e0 ces parties restreintes du site Web et \u00e0 ce contenu restreint ainsi qu&#039;\u00e0 vos informations personnelles. Par cons\u00e9quent, vous devez garder votre mot de passe secret. En acceptant les pr\u00e9sentes conditions d&#039;utilisation et toutes conditions d&#039;utilisation suppl\u00e9mentaires, vous acceptez d&#039;\u00eatre seul responsable de la confidentialit\u00e9 et de l&#039;utilisation de votre mot de passe, ainsi que de toute communication saisie via le site Web \u00e0 l&#039;aide de votre mot de passe. Vous vous engagez \u00e0 nous informer imm\u00e9diatement si vous avez connaissance d&#039;une perte ou d&#039;un vol de votre mot de passe ou de toute utilisation non autoris\u00e9e de votre mot de passe. Nous nous r\u00e9servons le droit de supprimer ou de modifier un mot de passe \u00e0 tout moment et pour quelque raison que ce soit.<\/p>\n\n\n\n<p><strong>Exon\u00e9ration de garantie, ne remplace pas un avis m\u00e9dical et limitation de responsabilit\u00e9<\/strong><\/p>\n\n\n\n<p>LE SITE WEB EST FOURNI \u00ab TEL QUEL \u00bb ET \u00ab SELON LA DISPONIBILIT\u00c9 \u00bb. NOUS ET NOS FILIALES ET AGENTS NE FAISONS AUCUNE D\u00c9CLARATION, GARANTIE OU CONDITION D&#039;AUCUNE SORTE, EXPRESSE OU IMPLICITE, Y COMPRIS LES GARANTIES DE QUALIT\u00c9 MARCHANDE, D&#039;ADAPTATION \u00c0 UN USAGE PARTICULIER, DE NON-VIOLATION OU AUTRE, QUANT AU FONCTIONNEMENT DU SITE WEB OU \u00c0 L&#039;EXACTITUDE, OPPORTUNIT\u00c9 OU EXHAUSTIVIT\u00c9 DU CONTENU OU DES SERVICES INCLUS SUR LE SITE WEB. VOUS ACCEPTEZ EXPRESS\u00c9MENT QUE VOTRE UTILISATION DU SITE WEB ET DE TOUT CONTENU OU SERVICES INCLUS SUR LE SITE WEB EST \u00c0 VOS PROPRES RISQUES.<\/p>\n\n\n\n<p>TOUT LE CONTENU INCLUS SUR LE SITE WEB, TEL QUE TEXTES, TRAITEMENTS, DONN\u00c9ES, DOSAGES, R\u00c9SULTATS, GRAPHIQUES, PROFILS DE PATIENTS, GRAPHIQUES, PHOTOGRAPHIES, IMAGES, CONSEILS, MESSAGES, AFFICHAGES SUR LE FORUM ET TOUT AUTRE CONTENU FOURNI SUR LE SITE WEB SONT \u00c0 DES FINS D&#039;INFORMATION UNIQUEMENT ET NE REMPLACENT PAS UN CONSEIL OU UN TRAITEMENT M\u00c9DICAL PROFESSIONNEL. VOUS DEVEZ TOUJOURS DEMANDER L&#039;AVIS DE VOTRE M\u00c9DECIN OU AUTRE FOURNISSEUR DE SANT\u00c9 QUALIFI\u00c9 POUR TOUTE QUESTION QUE VOUS POUVEZ AVOIR CONCERNANT VOTRE SANT\u00c9. NE JAMAIS D\u00c9GARDER LES CONSEILS M\u00c9DICAUX PROFESSIONNELS OU RETARDER \u00c0 LES RECHERCHER EN RAISON DE QUELQUE CHOSE QUE VOUS AVEZ LU SUR CE SITE WEB. SI VOUS PENSEZ AVOIR UNE URGENCE M\u00c9DICALE, APPELEZ VOTRE M\u00c9DECIN OU LE 911 IMM\u00c9DIATEMENT. NOUS NE RECOMMANDONS NI N&#039;APPROUVONS AUCUN TEST, M\u00c9DECIN, PRODUIT, PROC\u00c9DURE, AVIS OU AUTRE CONTENU SP\u00c9CIFIQUES POUVANT \u00caTRE MENTIONN\u00c9S SUR LE SITE WEB.<\/p>\n\n\n\n<p>VOUS ACCEPTEZ EXPRESS\u00c9MENT QUE NI NOUS NI NOS AFFILI\u00c9S ET AGENTS NE SOMMES RESPONSABLES DE TOUT DOMMAGE DE QUELQUE NATURE QUE CE SOIT D\u00c9COULANT OU R\u00c9SULTANT DE VOTRE UTILISATION DU SITE WEB OU DE TOUT CONTENU OU SERVICES INCLUS SUR LE SITE WEB, Y COMPRIS, MAIS SANS S&#039;Y LIMITER, DIRECTS, INDIRECTS, ACCESSOIRES , DOMMAGES PUNITIFS ET CONS\u00c9CUTIFS.<\/p>\n\n\n\n<p><strong>Politique de droits d&#039;auteur<\/strong><\/p>\n\n\n\n<p>Nous respectons la propri\u00e9t\u00e9 intellectuelle d&#039;autrui et nous demandons aux utilisateurs du Site Web de faire de m\u00eame. Conform\u00e9ment au Digital Millennium Copyright Act (\u00ab DMCA \u00bb) et aux autres lois applicables, nous avons adopt\u00e9 une politique consistant, dans des circonstances appropri\u00e9es et \u00e0 notre seule discr\u00e9tion, \u00e0 mettre fin aux utilisateurs du site Web qui sont consid\u00e9r\u00e9s comme des contrevenants r\u00e9p\u00e9t\u00e9s. Nous pouvons \u00e9galement, \u00e0 notre seule discr\u00e9tion, limiter l&#039;acc\u00e8s au site Web de tout utilisateur du site Web qui enfreint les droits de propri\u00e9t\u00e9 intellectuelle d&#039;autrui, qu&#039;il y ait ou non une violation r\u00e9p\u00e9t\u00e9e.<br><br><em><strong>Proc\u00e9dure pour nous informer des r\u00e9clamations pour violation du droit d&#039;auteur<\/strong><\/em><\/p>\n\n\n\n<p>Si vous pensez qu&#039;un contenu fourni ou publi\u00e9 sur le site Web enfreint un droit d&#039;auteur que vous poss\u00e9dez ou contr\u00f4lez, ou qu&#039;un lien sur ce site Web dirige les utilisateurs vers un autre site Web contenant un contenu ou des descriptions qui enfreignent un droit d&#039;auteur que vous poss\u00e9dez ou contr\u00f4lez, vous pouvez d\u00e9poser une notification d&#039;une telle infraction aupr\u00e8s de nous comme indiqu\u00e9 ci-dessous. Les notifications de violation pr\u00e9sum\u00e9e du droit d&#039;auteur doivent \u00eatre envoy\u00e9es \u00e0 l&#039;attention de : CHDI Foundation, Inc., c\/o CHDI Management, 350 Seventh Avenue, Suite 200, New York, NY 10001, \u00e0 l&#039;attention de : David P. Rankin, directeur juridique.<\/p>\n\n\n\n<p><em><strong>Loi applicable<\/strong><\/em><\/p>\n\n\n\n<p>Ces conditions d&#039;utilisation et toutes conditions d&#039;utilisation suppl\u00e9mentaires seront r\u00e9gies et interpr\u00e9t\u00e9es conform\u00e9ment aux lois nationales de l&#039;\u00c9tat de New York, \u00c9tats-Unis, sans donner effet \u00e0 aucun choix ou conflit de disposition ou r\u00e8gle de loi (que ce soit de l&#039;\u00c9tat de New York, \u00c9tats-Unis). York, \u00c9tats-Unis ou toute autre juridiction) qui entra\u00eenerait l&#039;application des lois de toute juridiction autre que l&#039;\u00c9tat de New York, \u00c9tats-Unis.<\/p>\n\n\n\n<p><a href=\"https:\/\/chdifoundation.org\" target=\"_blank\" rel=\"noreferrer noopener\">Fondation CHDI, Inc.<\/a>  \u2013 <a href=\"https:\/\/enroll-hd.org\/fr\/\">www.Enroll-HD.org<\/a> - Conditions d&#039;utilisation<\/p>\n\n\n\n<p>R\u00e9vision n\u00b0004 (En vigueur le 08\/09\/2016)<\/p>\n\n\n\n<p><a href=\"https:\/\/enroll-hd.org\/enrollhd_documents\/Enroll-HDWebsite_TermsOfUse_RevNo004.pdf\" target=\"_blank\" rel=\"noreferrer noopener\">T\u00e9l\u00e9chargez cette politique<\/a><\/p>","protected":false},"excerpt":{"rendered":"<p>Conditions d&#039;utilisation Ces conditions d&#039;utilisation s&#039;appliquent \u00e0 votre utilisation de Enroll-HD.org, de tous ses sous-domaines et de tous les services associ\u00e9s, y compris, mais sans s&#039;y limiter, les e-mails re\u00e7us de Enroll-HD.org, l&#039;un de nos syst\u00e8mes informatiques, bases de donn\u00e9es ou r\u00e9seaux. connect\u00e9 \u00e0 Enroll-HD.org et \u00e0 tous ses sous-domaines (collectivement, le \u00ab Site Web \u00bb). Le site Web est mis \u00e0 disposition pour votre [\u2026]<\/p>","protected":false},"author":2,"featured_media":0,"parent":0,"menu_order":0,"comment_status":"closed","ping_status":"closed","template":"","meta":{"footnotes":"","_links_to":"","_links_to_target":""},"class_list":["post-16624","page","type-page","status-publish","hentry"],"_links":{"self":[{"href":"https:\/\/enroll-hd.org\/fr\/wp-json\/wp\/v2\/pages\/16624","targetHints":{"allow":["GET"]}}],"collection":[{"href":"https:\/\/enroll-hd.org\/fr\/wp-json\/wp\/v2\/pages"}],"about":[{"href":"https:\/\/enroll-hd.org\/fr\/wp-json\/wp\/v2\/types\/page"}],"author":[{"embeddable":true,"href":"https:\/\/enroll-hd.org\/fr\/wp-json\/wp\/v2\/users\/2"}],"replies":[{"embeddable":true,"href":"https:\/\/enroll-hd.org\/fr\/wp-json\/wp\/v2\/comments?post=16624"}],"version-history":[{"count":2,"href":"https:\/\/enroll-hd.org\/fr\/wp-json\/wp\/v2\/pages\/16624\/revisions"}],"predecessor-version":[{"id":16626,"href":"https:\/\/enroll-hd.org\/fr\/wp-json\/wp\/v2\/pages\/16624\/revisions\/16626"}],"wp:attachment":[{"href":"https:\/\/enroll-hd.org\/fr\/wp-json\/wp\/v2\/media?parent=16624"}],"curies":[{"name":"wp","href":"https:\/\/api.w.org\/{rel}","templated":true}]}}