{"id":4126,"date":"2021-09-09T10:05:38","date_gmt":"2021-09-09T14:05:38","guid":{"rendered":"https:\/\/platform.enroll-hd.org\/?page_id=4126"},"modified":"2021-11-19T13:24:44","modified_gmt":"2021-11-19T18:24:44","slug":"about-hd","status":"publish","type":"page","link":"https:\/\/enroll-hd.org\/es\/for-hd-families\/about-hd\/","title":{"rendered":"Acerca de la EH"},"content":{"rendered":"<style>.elementor-4126 .elementor-element.elementor-element-ac7e2bb > .elementor-container{max-width:500px;}.elementor-4126 .elementor-element.elementor-element-ac7e2bb:not(.elementor-motion-effects-element-type-background), .elementor-4126 .elementor-element.elementor-element-ac7e2bb > .elementor-motion-effects-container > .elementor-motion-effects-layer{background-image:url(\"https:\/\/enroll-hd.org\/wp-content\/uploads\/2021\/11\/about-hd-header-1.jpg\");background-position:center center;background-repeat:no-repeat;background-size:cover;}.elementor-4126 .elementor-element.elementor-element-ac7e2bb > .elementor-background-overlay{background-color:#063089;opacity:0.3;transition:background 0.3s, border-radius 0.3s, opacity 0.3s;}.elementor-4126 .elementor-element.elementor-element-ac7e2bb{transition:background 0.3s, border 0.3s, border-radius 0.3s, box-shadow 0.3s;margin-top:0px;margin-bottom:0px;padding:5% 0% 5% 0%;}.elementor-4126 .elementor-element.elementor-element-b549693.elementor-column > .elementor-widget-wrap{justify-content:center;}.elementor-4126 .elementor-element.elementor-element-b549693 > .elementor-element-populated >  .elementor-background-overlay{background-color:var( --e-global-color-primary );opacity:0.8;}.elementor-4126 .elementor-element.elementor-element-b549693 > .elementor-element-populated{transition:background 0.3s, border 0.3s, border-radius 0.3s, box-shadow 0.3s;padding:40px 0px 40px 0px;}.elementor-4126 .elementor-element.elementor-element-b549693 > .elementor-element-populated > .elementor-background-overlay{transition:background 0.3s, border-radius 0.3s, opacity 0.3s;}.elementor-4126 .elementor-element.elementor-element-74185ad{text-align:center;}.elementor-4126 .elementor-element.elementor-element-74185ad .elementor-heading-title{font-family:var( --e-global-typography-51cde77-font-family ), Sans-serif;font-size:var( --e-global-typography-51cde77-font-size );font-weight:var( --e-global-typography-51cde77-font-weight );line-height:var( --e-global-typography-51cde77-line-height );letter-spacing:var( --e-global-typography-51cde77-letter-spacing );word-spacing:var( --e-global-typography-51cde77-word-spacing );color:#FFFFFF;}.elementor-4126 .elementor-element.elementor-element-eb2a925 .jeg-elementor-kit.jkit-button{text-align:center;}.elementor-4126 .elementor-element.elementor-element-eb2a925 .jeg-elementor-kit.jkit-button .jkit-button-wrapper{padding:0px 0px 0px 0px;font-family:var( --e-global-typography-6cb29b0-font-family ), Sans-serif;font-size:var( --e-global-typography-6cb29b0-font-size );font-weight:var( --e-global-typography-6cb29b0-font-weight );line-height:var( --e-global-typography-6cb29b0-line-height );letter-spacing:var( --e-global-typography-6cb29b0-letter-spacing );word-spacing:var( --e-global-typography-6cb29b0-word-spacing );color:#FFFFFF;background-color:#02010100;}.elementor-4126 .elementor-element.elementor-element-eb2a925 .jeg-elementor-kit.jkit-button .jkit-button-wrapper svg{fill:#FFFFFF;width:15px;}.elementor-4126 .elementor-element.elementor-element-eb2a925 .jeg-elementor-kit.jkit-button .jkit-button-wrapper i{font-size:15px;}.elementor-4126 .elementor-element.elementor-element-eb2a925 .jeg-elementor-kit.jkit-button.icon-position-before .jkit-button-wrapper i, .elementor-4126 .elementor-element.elementor-element-eb2a925 .jeg-elementor-kit.jkit-button.icon-position-before .jkit-button-wrapper svg{margin-right:10px;}.elementor-4126 .elementor-element.elementor-element-eb2a925 .jeg-elementor-kit.jkit-button.icon-position-after .jkit-button-wrapper i, .elementor-4126 .elementor-element.elementor-element-eb2a925 .jeg-elementor-kit.jkit-button.icon-position-after .jkit-button-wrapper svg{margin-left:10px;}.elementor-4126 .elementor-element.elementor-element-eb2a925 > .elementor-widget-container{margin:0px 10px 0px 0px;}.elementor-4126 .elementor-element.elementor-element-eb2a925{width:auto;max-width:auto;}.elementor-4126 .elementor-element.elementor-element-445ef07 .jeg-elementor-kit.jkit-button{text-align:center;}.elementor-4126 .elementor-element.elementor-element-445ef07 .jeg-elementor-kit.jkit-button .jkit-button-wrapper{padding:0px 0px 0px 0px;font-family:var( --e-global-typography-6cb29b0-font-family ), Sans-serif;font-size:var( --e-global-typography-6cb29b0-font-size );font-weight:var( --e-global-typography-6cb29b0-font-weight );line-height:var( --e-global-typography-6cb29b0-line-height );letter-spacing:var( --e-global-typography-6cb29b0-letter-spacing );word-spacing:var( --e-global-typography-6cb29b0-word-spacing );color:#FFFFFF;background-color:#02010100;}.elementor-4126 .elementor-element.elementor-element-445ef07 .jeg-elementor-kit.jkit-button .jkit-button-wrapper svg{fill:#FFFFFF;width:15px;}.elementor-4126 .elementor-element.elementor-element-445ef07 .jeg-elementor-kit.jkit-button .jkit-button-wrapper i{font-size:15px;}.elementor-4126 .elementor-element.elementor-element-445ef07 .jeg-elementor-kit.jkit-button.icon-position-before .jkit-button-wrapper i, .elementor-4126 .elementor-element.elementor-element-445ef07 .jeg-elementor-kit.jkit-button.icon-position-before .jkit-button-wrapper svg{margin-right:10px;}.elementor-4126 .elementor-element.elementor-element-445ef07 .jeg-elementor-kit.jkit-button.icon-position-after .jkit-button-wrapper i, .elementor-4126 .elementor-element.elementor-element-445ef07 .jeg-elementor-kit.jkit-button.icon-position-after .jkit-button-wrapper svg{margin-left:10px;}.elementor-4126 .elementor-element.elementor-element-445ef07 > .elementor-widget-container{margin:0px 10px 0px 0px;}.elementor-4126 .elementor-element.elementor-element-445ef07{width:auto;max-width:auto;}.elementor-4126 .elementor-element.elementor-element-7c0e0bc .elementor-heading-title{font-family:var( --e-global-typography-6cb29b0-font-family ), Sans-serif;font-size:var( --e-global-typography-6cb29b0-font-size );font-weight:var( --e-global-typography-6cb29b0-font-weight );line-height:var( --e-global-typography-6cb29b0-line-height );letter-spacing:var( --e-global-typography-6cb29b0-letter-spacing );word-spacing:var( --e-global-typography-6cb29b0-word-spacing );color:#FFFFFF;}.elementor-4126 .elementor-element.elementor-element-7c0e0bc{width:auto;max-width:auto;align-self:center;}.elementor-4126 .elementor-element.elementor-element-c2392cb{color:var( --e-global-color-text );padding:50px 0px 50px 0px;}.elementor-4126 .elementor-element.elementor-element-c2392cb a{color:var( --e-global-color-primary );}.elementor-4126 .elementor-element.elementor-element-72184db .elementor-heading-title{font-family:var( --e-global-typography-45ff652-font-family ), Sans-serif;font-size:var( --e-global-typography-45ff652-font-size );font-weight:var( --e-global-typography-45ff652-font-weight );text-transform:var( --e-global-typography-45ff652-text-transform );line-height:var( --e-global-typography-45ff652-line-height );letter-spacing:var( --e-global-typography-45ff652-letter-spacing );word-spacing:var( --e-global-typography-45ff652-word-spacing );color:var( --e-global-color-primary );}.elementor-4126 .elementor-element.elementor-element-72184db > .elementor-widget-container{padding:25px 0px 0px 0px;}:root{--page-title-display:none;}@media(max-width:1024px) and (min-width:768px){.elementor-4126 .elementor-element.elementor-element-b549693{width:100%;}}@media(max-width:1024px){.elementor-4126 .elementor-element.elementor-element-ac7e2bb:not(.elementor-motion-effects-element-type-background), .elementor-4126 .elementor-element.elementor-element-ac7e2bb > .elementor-motion-effects-container > .elementor-motion-effects-layer{background-position:center center;}.elementor-4126 .elementor-element.elementor-element-ac7e2bb{padding:10% 0% 10% 0%;}.elementor-4126 .elementor-element.elementor-element-b549693 > .elementor-element-populated{margin:0px 0px 0px 0px;--e-column-margin-right:0px;--e-column-margin-left:0px;}.elementor-4126 .elementor-element.elementor-element-74185ad .elementor-heading-title{font-size:var( --e-global-typography-51cde77-font-size );line-height:var( --e-global-typography-51cde77-line-height );letter-spacing:var( --e-global-typography-51cde77-letter-spacing );word-spacing:var( --e-global-typography-51cde77-word-spacing );}.elementor-4126 .elementor-element.elementor-element-eb2a925 .jeg-elementor-kit.jkit-button .jkit-button-wrapper{font-size:var( --e-global-typography-6cb29b0-font-size );line-height:var( --e-global-typography-6cb29b0-line-height );letter-spacing:var( --e-global-typography-6cb29b0-letter-spacing );word-spacing:var( --e-global-typography-6cb29b0-word-spacing );}.elementor-4126 .elementor-element.elementor-element-eb2a925 .jeg-elementor-kit.jkit-button.icon-position-before .jkit-button-wrapper i, .elementor-4126 .elementor-element.elementor-element-eb2a925 .jeg-elementor-kit.jkit-button.icon-position-before .jkit-button-wrapper svg{margin-right:10px;}.elementor-4126 .elementor-element.elementor-element-eb2a925 .jeg-elementor-kit.jkit-button.icon-position-after .jkit-button-wrapper i, .elementor-4126 .elementor-element.elementor-element-eb2a925 .jeg-elementor-kit.jkit-button.icon-position-after .jkit-button-wrapper svg{margin-left:10px;}.elementor-4126 .elementor-element.elementor-element-445ef07 .jeg-elementor-kit.jkit-button .jkit-button-wrapper{font-size:var( --e-global-typography-6cb29b0-font-size );line-height:var( --e-global-typography-6cb29b0-line-height );letter-spacing:var( --e-global-typography-6cb29b0-letter-spacing );word-spacing:var( --e-global-typography-6cb29b0-word-spacing );}.elementor-4126 .elementor-element.elementor-element-445ef07 .jeg-elementor-kit.jkit-button.icon-position-before .jkit-button-wrapper i, .elementor-4126 .elementor-element.elementor-element-445ef07 .jeg-elementor-kit.jkit-button.icon-position-before .jkit-button-wrapper svg{margin-right:10px;}.elementor-4126 .elementor-element.elementor-element-445ef07 .jeg-elementor-kit.jkit-button.icon-position-after .jkit-button-wrapper i, .elementor-4126 .elementor-element.elementor-element-445ef07 .jeg-elementor-kit.jkit-button.icon-position-after .jkit-button-wrapper svg{margin-left:10px;}.elementor-4126 .elementor-element.elementor-element-7c0e0bc .elementor-heading-title{font-size:var( --e-global-typography-6cb29b0-font-size );line-height:var( --e-global-typography-6cb29b0-line-height );letter-spacing:var( --e-global-typography-6cb29b0-letter-spacing );word-spacing:var( --e-global-typography-6cb29b0-word-spacing );}.elementor-4126 .elementor-element.elementor-element-7c0e0bc > .elementor-widget-container{margin:2px 0px 0px 0px;}.elementor-4126 .elementor-element.elementor-element-72184db .elementor-heading-title{font-size:var( --e-global-typography-45ff652-font-size );line-height:var( --e-global-typography-45ff652-line-height );letter-spacing:var( --e-global-typography-45ff652-letter-spacing );word-spacing:var( --e-global-typography-45ff652-word-spacing );}}@media(max-width:767px){.elementor-4126 .elementor-element.elementor-element-ac7e2bb:not(.elementor-motion-effects-element-type-background), .elementor-4126 .elementor-element.elementor-element-ac7e2bb > .elementor-motion-effects-container > .elementor-motion-effects-layer{background-position:center center;}.elementor-4126 .elementor-element.elementor-element-ac7e2bb{margin-top:0px;margin-bottom:0px;padding:15% 0% 15% 0%;}.elementor-4126 .elementor-element.elementor-element-b549693 > .elementor-element-populated{margin:0px 20px 0px 20px;--e-column-margin-right:20px;--e-column-margin-left:20px;}.elementor-4126 .elementor-element.elementor-element-74185ad .elementor-heading-title{font-size:var( --e-global-typography-51cde77-font-size );line-height:var( --e-global-typography-51cde77-line-height );letter-spacing:var( --e-global-typography-51cde77-letter-spacing );word-spacing:var( --e-global-typography-51cde77-word-spacing );}.elementor-4126 .elementor-element.elementor-element-eb2a925 .jeg-elementor-kit.jkit-button .jkit-button-wrapper{font-size:var( --e-global-typography-6cb29b0-font-size );line-height:var( --e-global-typography-6cb29b0-line-height );letter-spacing:var( --e-global-typography-6cb29b0-letter-spacing );word-spacing:var( --e-global-typography-6cb29b0-word-spacing );}.elementor-4126 .elementor-element.elementor-element-eb2a925 .jeg-elementor-kit.jkit-button.icon-position-before .jkit-button-wrapper i, .elementor-4126 .elementor-element.elementor-element-eb2a925 .jeg-elementor-kit.jkit-button.icon-position-before .jkit-button-wrapper svg{margin-right:10px;}.elementor-4126 .elementor-element.elementor-element-eb2a925 .jeg-elementor-kit.jkit-button.icon-position-after .jkit-button-wrapper i, .elementor-4126 .elementor-element.elementor-element-eb2a925 .jeg-elementor-kit.jkit-button.icon-position-after .jkit-button-wrapper svg{margin-left:10px;}.elementor-4126 .elementor-element.elementor-element-445ef07 .jeg-elementor-kit.jkit-button .jkit-button-wrapper{font-size:var( --e-global-typography-6cb29b0-font-size );line-height:var( --e-global-typography-6cb29b0-line-height );letter-spacing:var( --e-global-typography-6cb29b0-letter-spacing );word-spacing:var( --e-global-typography-6cb29b0-word-spacing );}.elementor-4126 .elementor-element.elementor-element-445ef07 .jeg-elementor-kit.jkit-button.icon-position-before .jkit-button-wrapper i, .elementor-4126 .elementor-element.elementor-element-445ef07 .jeg-elementor-kit.jkit-button.icon-position-before .jkit-button-wrapper svg{margin-right:10px;}.elementor-4126 .elementor-element.elementor-element-445ef07 .jeg-elementor-kit.jkit-button.icon-position-after .jkit-button-wrapper i, .elementor-4126 .elementor-element.elementor-element-445ef07 .jeg-elementor-kit.jkit-button.icon-position-after .jkit-button-wrapper svg{margin-left:10px;}.elementor-4126 .elementor-element.elementor-element-7c0e0bc .elementor-heading-title{font-size:var( --e-global-typography-6cb29b0-font-size );line-height:var( --e-global-typography-6cb29b0-line-height );letter-spacing:var( --e-global-typography-6cb29b0-letter-spacing );word-spacing:var( --e-global-typography-6cb29b0-word-spacing );}.elementor-4126 .elementor-element.elementor-element-7c0e0bc > .elementor-widget-container{margin:0px 0px 0px 0px;}.elementor-4126 .elementor-element.elementor-element-72184db .elementor-heading-title{font-size:var( --e-global-typography-45ff652-font-size );line-height:var( --e-global-typography-45ff652-line-height );letter-spacing:var( --e-global-typography-45ff652-letter-spacing );word-spacing:var( --e-global-typography-45ff652-word-spacing );}}<\/style>\t\t<div data-elementor-type=\"wp-page\" data-elementor-id=\"4126\" class=\"elementor elementor-4126\" data-elementor-post-type=\"page\">\n\t\t\t\t\t\t<section class=\"elementor-section elementor-top-section elementor-element elementor-element-ac7e2bb elementor-section-boxed elementor-section-height-default elementor-section-height-default\" data-id=\"ac7e2bb\" data-element_type=\"section\" data-e-type=\"section\" data-settings=\"{&quot;background_background&quot;:&quot;classic&quot;}\">\n\t\t\t\t\t\t\t<div class=\"elementor-background-overlay\"><\/div>\n\t\t\t\t\t\t\t<div class=\"elementor-container elementor-column-gap-default\">\n\t\t\t\t\t<div class=\"elementor-column elementor-col-100 elementor-top-column elementor-element elementor-element-b549693\" data-id=\"b549693\" data-element_type=\"column\" data-e-type=\"column\" data-settings=\"{&quot;background_background&quot;:&quot;classic&quot;}\">\n\t\t\t<div class=\"elementor-widget-wrap elementor-element-populated\">\n\t\t\t\t\t<div class=\"elementor-background-overlay\"><\/div>\n\t\t\t\t\t\t<div class=\"elementor-element elementor-element-74185ad elementor-widget elementor-widget-heading\" data-id=\"74185ad\" data-element_type=\"widget\" data-e-type=\"widget\" data-widget_type=\"heading.default\">\n\t\t\t\t<div class=\"elementor-widget-container\">\n\t\t\t\t\t<h2 class=\"elementor-heading-title elementor-size-default\">Acerca de la EH<\/h2>\t\t\t\t<\/div>\n\t\t\t\t<\/div>\n\t\t\t\t<div class=\"elementor-element elementor-element-eb2a925 elementor-widget__width-auto elementor-widget elementor-widget-jkit_button\" data-id=\"eb2a925\" data-element_type=\"widget\" data-e-type=\"widget\" data-widget_type=\"jkit_button.default\">\n\t\t\t\t<div class=\"elementor-widget-container\">\n\t\t\t\t\t<div  class=\"jeg-elementor-kit jkit-button  icon-position-after jeg_module___69e4a0d2e76ad\" ><a href=\"https:\/\/enroll-hd.org\/es\/for-participants\/\" class=\"jkit-button-wrapper\">Familias HD<i aria-hidden=\"true\" class=\"fas fa-chevron-right\"><\/i><\/a><\/div>\t\t\t\t<\/div>\n\t\t\t\t<\/div>\n\t\t\t\t<div class=\"elementor-element elementor-element-445ef07 elementor-widget__width-auto elementor-widget elementor-widget-jkit_button\" data-id=\"445ef07\" data-element_type=\"widget\" data-e-type=\"widget\" data-widget_type=\"jkit_button.default\">\n\t\t\t\t<div class=\"elementor-widget-container\">\n\t\t\t\t\t<div  class=\"jeg-elementor-kit jkit-button  icon-position-after jeg_module__1_69e4a0d2e861a\" ><a href=\"#\" class=\"jkit-button-wrapper\">Aprender<i aria-hidden=\"true\" class=\"fas fa-chevron-right\"><\/i><\/a><\/div>\t\t\t\t<\/div>\n\t\t\t\t<\/div>\n\t\t\t\t<div class=\"elementor-element elementor-element-7c0e0bc elementor-widget__width-auto elementor-widget elementor-widget-heading\" data-id=\"7c0e0bc\" data-element_type=\"widget\" data-e-type=\"widget\" data-widget_type=\"heading.default\">\n\t\t\t\t<div class=\"elementor-widget-container\">\n\t\t\t\t\t<h2 class=\"elementor-heading-title elementor-size-default\">Acerca de la EH<\/h2>\t\t\t\t<\/div>\n\t\t\t\t<\/div>\n\t\t\t\t\t<\/div>\n\t\t<\/div>\n\t\t\t\t\t<\/div>\n\t\t<\/section>\n\t\t\t\t<section class=\"elementor-section elementor-top-section elementor-element elementor-element-c2392cb elementor-section-boxed elementor-section-height-default elementor-section-height-default\" data-id=\"c2392cb\" data-element_type=\"section\" data-e-type=\"section\">\n\t\t\t\t\t\t<div class=\"elementor-container elementor-column-gap-default\">\n\t\t\t\t\t<div class=\"elementor-column elementor-col-100 elementor-top-column elementor-element elementor-element-4620bc6\" data-id=\"4620bc6\" data-element_type=\"column\" data-e-type=\"column\">\n\t\t\t<div class=\"elementor-widget-wrap elementor-element-populated\">\n\t\t\t\t\t\t<div class=\"elementor-element elementor-element-0acae51 elementor-widget elementor-widget-text-editor\" data-id=\"0acae51\" data-element_type=\"widget\" data-e-type=\"widget\" data-widget_type=\"text-editor.default\">\n\t\t\t\t<div class=\"elementor-widget-container\">\n\t\t\t\t\t\t\t\t\t<h3>\u00bfQu\u00e9 es EH?<\/h3><p>La enfermedad de Huntington es un trastorno cerebral causado por una mutaci\u00f3n que expande el tama\u00f1o de la repetici\u00f3n CAG en el gen de la Huntingtina. Esta mutaci\u00f3n del gen de la Huntingtina\nhace que las c\u00e9lulas nerviosas de determinadas zonas del cerebro mueran gradualmente, afectando tanto a la mente como al cuerpo. Los s\u00edntomas de la EH suelen aparecer por primera vez en personas de entre 30 y 50 a\u00f1os y progresan hasta volverse m\u00e1s graves con el tiempo.<\/p><h3><br \/>\u00bfCuales son los sintomas?<\/h3><p>La EH afecta al cuerpo provocando problemas de movimiento como torpeza, falta de equilibrio, gestos involuntarios y, posteriormente, dificultad para hablar y tragar. Puede afectar la cognici\u00f3n, como la capacidad de comprender y retener informaci\u00f3n. Las personas con EH pueden volverse olvidadizas y tener problemas para concentrarse y tomar decisiones. La EH tambi\u00e9n puede causar problemas del estado de \u00e1nimo como depresi\u00f3n, ira e irritabilidad. Diferentes personas presentan s\u00edntomas diferentes, incluso dentro de la misma familia, y los problemas pueden cambiar con el tiempo. La EH generalmente empeora en un per\u00edodo de 10 a 25 a\u00f1os y eventualmente es fatal.<\/p><h3><br \/>\u00bfQuien Obtiene EH?<\/h3><p>Tanto hombres como mujeres y personas de cualquier origen racial o \u00e9tnico pueden contraer la EH, aunque es m\u00e1s com\u00fan entre personas de origen europeo. No se puede \"contraer\" ni transmitir por contacto de persona a persona porque es causada por una mutaci\u00f3n en el gen de la Huntingtina. Casi todas las personas con EH heredaron el gen defectuoso de uno de sus padres, aunque en casos muy raros la mutaci\u00f3n gen\u00e9tica ocurre en una persona que no tiene antecedentes familiares de la enfermedad. Las personas que padecen la EH nacen con el gen de la Huntingtina mutado, pero generalmente no causa signos ni s\u00edntomas hasta la edad adulta por razones que a\u00fan no comprendemos del todo.<\/p><h3><br \/>\u00bfC\u00f3mo s\u00e9 si estoy en riesgo?<\/h3><p>Si uno de tus padres tiene o tuvo EH, tienes una probabilidad de 50 a 50 de heredar el gen. Una prueba gen\u00e9tica puede indicarle si es portador del gen o no, pero no puede indicarle cu\u00e1ndo desarrollar\u00e1 s\u00edntomas.<\/p><h3><br \/>Como es tratado?<\/h3><p>Actualmente, no existen medicamentos que puedan prevenir o ralentizar la progresi\u00f3n de la enfermedad. Sin embargo, algunos medicamentos y otras terapias pueden ayudar con algunos de los signos y s\u00edntomas de la EH, por lo que es importante ser tratado por un m\u00e9dico que tenga experiencia en el tratamiento de personas con EH. El objetivo del Enroll-HD es acelerar el progreso de la investigaci\u00f3n para que lo antes posible haya nuevos tratamientos m\u00e1s eficaces y se mejore la atenci\u00f3n a los pacientes en EH.<\/p>\t\t\t\t\t\t\t\t<\/div>\n\t\t\t\t<\/div>\n\t\t\t\t<div class=\"elementor-element elementor-element-72184db elementor-widget elementor-widget-heading\" data-id=\"72184db\" data-element_type=\"widget\" data-e-type=\"widget\" data-widget_type=\"heading.default\">\n\t\t\t\t<div class=\"elementor-widget-container\">\n\t\t\t\t\t<h5 class=\"elementor-heading-title elementor-size-default\">RECURSOS<\/h5>\t\t\t\t<\/div>\n\t\t\t\t<\/div>\n\t\t\t\t<div class=\"elementor-element elementor-element-32779a3 elementor-widget elementor-widget-text-editor\" data-id=\"32779a3\" data-element_type=\"widget\" data-e-type=\"widget\" data-widget_type=\"text-editor.default\">\n\t\t\t\t<div class=\"elementor-widget-container\">\n\t\t\t\t\t\t\t\t\t<h3>Informaci\u00f3n adicional sobre EH<\/h3><p class=\"translation-block\">Para obtener m\u00e1s informaci\u00f3n sobre HD, visite los sitios web de las organizaciones que figuran en la p\u00e1gina <a href=\"\/es\/for-participants\/resources\/\" target=\"_self\">de Recursos<\/a> .<\/p>\t\t\t\t\t\t\t\t<\/div>\n\t\t\t\t<\/div>\n\t\t\t\t\t<\/div>\n\t\t<\/div>\n\t\t\t\t\t<\/div>\n\t\t<\/section>\n\t\t\t\t<\/div>","protected":false},"excerpt":{"rendered":"<p>About HD HD Families Learn About HD What is HD? Huntington\u2019s disease is a brain disorder caused by a mutation that expands the size of the CAG repeat in the huntingtin gene. This mutated huntingtin gene causes nerve cells in particular areas of the brain to gradually die off, affecting both the mind and the [&hellip;]<\/p>\n","protected":false},"author":1,"featured_media":0,"parent":697,"menu_order":0,"comment_status":"closed","ping_status":"closed","template":"","meta":{"footnotes":"","_links_to":"","_links_to_target":""},"class_list":["post-4126","page","type-page","status-publish","hentry"],"_links":{"self":[{"href":"https:\/\/enroll-hd.org\/es\/wp-json\/wp\/v2\/pages\/4126","targetHints":{"allow":["GET"]}}],"collection":[{"href":"https:\/\/enroll-hd.org\/es\/wp-json\/wp\/v2\/pages"}],"about":[{"href":"https:\/\/enroll-hd.org\/es\/wp-json\/wp\/v2\/types\/page"}],"author":[{"embeddable":true,"href":"https:\/\/enroll-hd.org\/es\/wp-json\/wp\/v2\/users\/1"}],"replies":[{"embeddable":true,"href":"https:\/\/enroll-hd.org\/es\/wp-json\/wp\/v2\/comments?post=4126"}],"version-history":[{"count":61,"href":"https:\/\/enroll-hd.org\/es\/wp-json\/wp\/v2\/pages\/4126\/revisions"}],"predecessor-version":[{"id":11032,"href":"https:\/\/enroll-hd.org\/es\/wp-json\/wp\/v2\/pages\/4126\/revisions\/11032"}],"up":[{"embeddable":true,"href":"https:\/\/enroll-hd.org\/es\/wp-json\/wp\/v2\/pages\/697"}],"wp:attachment":[{"href":"https:\/\/enroll-hd.org\/es\/wp-json\/wp\/v2\/media?parent=4126"}],"curies":[{"name":"gracias","href":"https:\/\/api.w.org\/{rel}","templated":true}]}}