{"id":18016,"date":"2025-06-24T15:57:06","date_gmt":"2025-06-24T19:57:06","guid":{"rendered":"https:\/\/3.84.221.207\/?page_id=18016"},"modified":"2025-09-03T14:28:44","modified_gmt":"2025-09-03T18:28:44","slug":"data-support-documentation","status":"publish","type":"page","link":"https:\/\/enroll-hd.org\/es\/for-researchers\/data-support-documentation\/","title":{"rendered":"Documentaci\u00f3n de soporte de datos"},"content":{"rendered":"<style>.elementor-18016 .elementor-element.elementor-element-3f723b18 > .elementor-container{max-width:600px;}.elementor-18016 .elementor-element.elementor-element-3f723b18:not(.elementor-motion-effects-element-type-background), .elementor-18016 .elementor-element.elementor-element-3f723b18 > .elementor-motion-effects-container > .elementor-motion-effects-layer{background-image:url(\"https:\/\/enroll-hd.org\/wp-content\/uploads\/2021\/11\/documentation_pheader.jpg\");background-position:0px 12%;background-repeat:no-repeat;background-size:cover;}.elementor-18016 .elementor-element.elementor-element-3f723b18 > .elementor-background-overlay{background-color:#063089;opacity:0.3;transition:background 0.3s, border-radius 0.3s, opacity 0.3s;}.elementor-18016 .elementor-element.elementor-element-3f723b18{transition:background 0.3s, border 0.3s, border-radius 0.3s, box-shadow 0.3s;margin-top:0px;margin-bottom:0px;padding:5% 0% 5% 0%;}.elementor-18016 .elementor-element.elementor-element-698c0707.elementor-column > .elementor-widget-wrap{justify-content:center;}.elementor-18016 .elementor-element.elementor-element-698c0707 > .elementor-element-populated >  .elementor-background-overlay{background-color:var( --e-global-color-primary );opacity:0.8;}.elementor-18016 .elementor-element.elementor-element-698c0707 > .elementor-element-populated{transition:background 0.3s, border 0.3s, border-radius 0.3s, box-shadow 0.3s;padding:40px 0px 40px 0px;}.elementor-18016 .elementor-element.elementor-element-698c0707 > .elementor-element-populated > .elementor-background-overlay{transition:background 0.3s, border-radius 0.3s, opacity 0.3s;}.elementor-18016 .elementor-element.elementor-element-545b1ba{text-align:center;}.elementor-18016 .elementor-element.elementor-element-545b1ba .elementor-heading-title{font-family:var( --e-global-typography-51cde77-font-family ), Sans-serif;font-size:var( --e-global-typography-51cde77-font-size );font-weight:var( --e-global-typography-51cde77-font-weight );line-height:var( --e-global-typography-51cde77-line-height );letter-spacing:var( --e-global-typography-51cde77-letter-spacing );word-spacing:var( --e-global-typography-51cde77-word-spacing );color:#FFFFFF;}.elementor-18016 .elementor-element.elementor-element-6c9736e4 .jeg-elementor-kit.jkit-button{text-align:center;}.elementor-18016 .elementor-element.elementor-element-6c9736e4 .jeg-elementor-kit.jkit-button .jkit-button-wrapper{padding:0px 0px 0px 0px;font-family:var( --e-global-typography-6cb29b0-font-family ), Sans-serif;font-size:var( --e-global-typography-6cb29b0-font-size );font-weight:var( --e-global-typography-6cb29b0-font-weight );line-height:var( --e-global-typography-6cb29b0-line-height );letter-spacing:var( --e-global-typography-6cb29b0-letter-spacing );word-spacing:var( --e-global-typography-6cb29b0-word-spacing );color:#FFFFFF;background-color:#02010100;}.elementor-18016 .elementor-element.elementor-element-6c9736e4 .jeg-elementor-kit.jkit-button .jkit-button-wrapper svg{fill:#FFFFFF;width:15px;}.elementor-18016 .elementor-element.elementor-element-6c9736e4 .jeg-elementor-kit.jkit-button .jkit-button-wrapper i{font-size:15px;}.elementor-18016 .elementor-element.elementor-element-6c9736e4 .jeg-elementor-kit.jkit-button.icon-position-before .jkit-button-wrapper i, .elementor-18016 .elementor-element.elementor-element-6c9736e4 .jeg-elementor-kit.jkit-button.icon-position-before .jkit-button-wrapper svg{margin-right:10px;}.elementor-18016 .elementor-element.elementor-element-6c9736e4 .jeg-elementor-kit.jkit-button.icon-position-after .jkit-button-wrapper i, .elementor-18016 .elementor-element.elementor-element-6c9736e4 .jeg-elementor-kit.jkit-button.icon-position-after .jkit-button-wrapper svg{margin-left:10px;}.elementor-18016 .elementor-element.elementor-element-6c9736e4 > .elementor-widget-container{margin:0px 10px 0px 0px;}.elementor-18016 .elementor-element.elementor-element-6c9736e4{width:auto;max-width:auto;}.elementor-18016 .elementor-element.elementor-element-3e7c4fe .jeg-elementor-kit.jkit-button{text-align:center;}.elementor-18016 .elementor-element.elementor-element-3e7c4fe .jeg-elementor-kit.jkit-button .jkit-button-wrapper{padding:0px 0px 0px 0px;font-family:var( --e-global-typography-6cb29b0-font-family ), Sans-serif;font-size:var( --e-global-typography-6cb29b0-font-size );font-weight:var( --e-global-typography-6cb29b0-font-weight );line-height:var( --e-global-typography-6cb29b0-line-height );letter-spacing:var( --e-global-typography-6cb29b0-letter-spacing );word-spacing:var( --e-global-typography-6cb29b0-word-spacing );color:#FFFFFF;background-color:#02010100;}.elementor-18016 .elementor-element.elementor-element-3e7c4fe .jeg-elementor-kit.jkit-button .jkit-button-wrapper svg{fill:#FFFFFF;width:15px;}.elementor-18016 .elementor-element.elementor-element-3e7c4fe .jeg-elementor-kit.jkit-button .jkit-button-wrapper i{font-size:15px;}.elementor-18016 .elementor-element.elementor-element-3e7c4fe .jeg-elementor-kit.jkit-button.icon-position-before .jkit-button-wrapper i, .elementor-18016 .elementor-element.elementor-element-3e7c4fe .jeg-elementor-kit.jkit-button.icon-position-before .jkit-button-wrapper svg{margin-right:10px;}.elementor-18016 .elementor-element.elementor-element-3e7c4fe .jeg-elementor-kit.jkit-button.icon-position-after .jkit-button-wrapper i, .elementor-18016 .elementor-element.elementor-element-3e7c4fe .jeg-elementor-kit.jkit-button.icon-position-after .jkit-button-wrapper svg{margin-left:10px;}.elementor-18016 .elementor-element.elementor-element-3e7c4fe > .elementor-widget-container{margin:0px 10px 0px 0px;}.elementor-18016 .elementor-element.elementor-element-3e7c4fe{width:auto;max-width:auto;}.elementor-18016 .elementor-element.elementor-element-1e346e31 .elementor-heading-title{font-family:var( --e-global-typography-6cb29b0-font-family ), Sans-serif;font-size:var( --e-global-typography-6cb29b0-font-size );font-weight:var( --e-global-typography-6cb29b0-font-weight );line-height:var( --e-global-typography-6cb29b0-line-height );letter-spacing:var( --e-global-typography-6cb29b0-letter-spacing );word-spacing:var( --e-global-typography-6cb29b0-word-spacing );color:#FFFFFF;}.elementor-18016 .elementor-element.elementor-element-1e346e31{width:auto;max-width:auto;align-self:center;}.elementor-18016 .elementor-element.elementor-element-8d0b715{color:var( --e-global-color-text );padding:80px 0px 80px 0px;}.elementor-18016 .elementor-element.elementor-element-8d0b715 a{color:var( --e-global-color-primary );}.elementor-18016 .elementor-element.elementor-element-674a244 .elementor-heading-title{font-family:var( --e-global-typography-secondary-font-family ), Sans-serif;font-size:var( --e-global-typography-secondary-font-size );font-weight:var( --e-global-typography-secondary-font-weight );color:var( --e-global-color-secondary );}.elementor-18016 .elementor-element.elementor-element-674a244 > .elementor-widget-container{padding:0px 0px 0px 0px;}:root{--page-title-display:none;}@media(max-width:1024px) and (min-width:768px){.elementor-18016 .elementor-element.elementor-element-698c0707{width:100%;}}@media(max-width:1024px){.elementor-18016 .elementor-element.elementor-element-3f723b18:not(.elementor-motion-effects-element-type-background), .elementor-18016 .elementor-element.elementor-element-3f723b18 > .elementor-motion-effects-container > .elementor-motion-effects-layer{background-position:center center;}.elementor-18016 .elementor-element.elementor-element-3f723b18{padding:10% 0% 10% 0%;}.elementor-18016 .elementor-element.elementor-element-698c0707 > .elementor-element-populated{margin:0px 0px 0px 0px;--e-column-margin-right:0px;--e-column-margin-left:0px;}.elementor-18016 .elementor-element.elementor-element-545b1ba .elementor-heading-title{font-size:var( --e-global-typography-51cde77-font-size );line-height:var( --e-global-typography-51cde77-line-height );letter-spacing:var( --e-global-typography-51cde77-letter-spacing );word-spacing:var( --e-global-typography-51cde77-word-spacing );}.elementor-18016 .elementor-element.elementor-element-6c9736e4 .jeg-elementor-kit.jkit-button .jkit-button-wrapper{font-size:var( --e-global-typography-6cb29b0-font-size );line-height:var( --e-global-typography-6cb29b0-line-height );letter-spacing:var( --e-global-typography-6cb29b0-letter-spacing );word-spacing:var( --e-global-typography-6cb29b0-word-spacing );}.elementor-18016 .elementor-element.elementor-element-6c9736e4 .jeg-elementor-kit.jkit-button.icon-position-before .jkit-button-wrapper i, .elementor-18016 .elementor-element.elementor-element-6c9736e4 .jeg-elementor-kit.jkit-button.icon-position-before .jkit-button-wrapper svg{margin-right:10px;}.elementor-18016 .elementor-element.elementor-element-6c9736e4 .jeg-elementor-kit.jkit-button.icon-position-after .jkit-button-wrapper i, .elementor-18016 .elementor-element.elementor-element-6c9736e4 .jeg-elementor-kit.jkit-button.icon-position-after .jkit-button-wrapper svg{margin-left:10px;}.elementor-18016 .elementor-element.elementor-element-3e7c4fe .jeg-elementor-kit.jkit-button .jkit-button-wrapper{font-size:var( --e-global-typography-6cb29b0-font-size );line-height:var( --e-global-typography-6cb29b0-line-height );letter-spacing:var( --e-global-typography-6cb29b0-letter-spacing );word-spacing:var( --e-global-typography-6cb29b0-word-spacing );}.elementor-18016 .elementor-element.elementor-element-3e7c4fe .jeg-elementor-kit.jkit-button.icon-position-before .jkit-button-wrapper i, .elementor-18016 .elementor-element.elementor-element-3e7c4fe .jeg-elementor-kit.jkit-button.icon-position-before .jkit-button-wrapper svg{margin-right:10px;}.elementor-18016 .elementor-element.elementor-element-3e7c4fe .jeg-elementor-kit.jkit-button.icon-position-after .jkit-button-wrapper i, .elementor-18016 .elementor-element.elementor-element-3e7c4fe .jeg-elementor-kit.jkit-button.icon-position-after .jkit-button-wrapper svg{margin-left:10px;}.elementor-18016 .elementor-element.elementor-element-1e346e31 .elementor-heading-title{font-size:var( --e-global-typography-6cb29b0-font-size );line-height:var( --e-global-typography-6cb29b0-line-height );letter-spacing:var( --e-global-typography-6cb29b0-letter-spacing );word-spacing:var( --e-global-typography-6cb29b0-word-spacing );}.elementor-18016 .elementor-element.elementor-element-1e346e31 > .elementor-widget-container{margin:2px 0px 0px 0px;}.elementor-18016 .elementor-element.elementor-element-674a244 .elementor-heading-title{font-size:var( --e-global-typography-secondary-font-size );}}@media(max-width:767px){.elementor-18016 .elementor-element.elementor-element-3f723b18:not(.elementor-motion-effects-element-type-background), .elementor-18016 .elementor-element.elementor-element-3f723b18 > .elementor-motion-effects-container > .elementor-motion-effects-layer{background-position:center center;}.elementor-18016 .elementor-element.elementor-element-3f723b18{margin-top:0px;margin-bottom:0px;padding:15% 0% 15% 0%;}.elementor-18016 .elementor-element.elementor-element-698c0707 > .elementor-element-populated{margin:0px 20px 0px 20px;--e-column-margin-right:20px;--e-column-margin-left:20px;}.elementor-18016 .elementor-element.elementor-element-545b1ba .elementor-heading-title{font-size:var( --e-global-typography-51cde77-font-size );line-height:var( --e-global-typography-51cde77-line-height );letter-spacing:var( --e-global-typography-51cde77-letter-spacing );word-spacing:var( --e-global-typography-51cde77-word-spacing );}.elementor-18016 .elementor-element.elementor-element-6c9736e4 .jeg-elementor-kit.jkit-button .jkit-button-wrapper{font-size:var( --e-global-typography-6cb29b0-font-size );line-height:var( --e-global-typography-6cb29b0-line-height );letter-spacing:var( --e-global-typography-6cb29b0-letter-spacing );word-spacing:var( --e-global-typography-6cb29b0-word-spacing );}.elementor-18016 .elementor-element.elementor-element-6c9736e4 .jeg-elementor-kit.jkit-button.icon-position-before .jkit-button-wrapper i, .elementor-18016 .elementor-element.elementor-element-6c9736e4 .jeg-elementor-kit.jkit-button.icon-position-before .jkit-button-wrapper svg{margin-right:10px;}.elementor-18016 .elementor-element.elementor-element-6c9736e4 .jeg-elementor-kit.jkit-button.icon-position-after .jkit-button-wrapper i, .elementor-18016 .elementor-element.elementor-element-6c9736e4 .jeg-elementor-kit.jkit-button.icon-position-after .jkit-button-wrapper svg{margin-left:10px;}.elementor-18016 .elementor-element.elementor-element-3e7c4fe .jeg-elementor-kit.jkit-button .jkit-button-wrapper{font-size:var( --e-global-typography-6cb29b0-font-size );line-height:var( --e-global-typography-6cb29b0-line-height );letter-spacing:var( --e-global-typography-6cb29b0-letter-spacing );word-spacing:var( --e-global-typography-6cb29b0-word-spacing );}.elementor-18016 .elementor-element.elementor-element-3e7c4fe .jeg-elementor-kit.jkit-button.icon-position-before .jkit-button-wrapper i, .elementor-18016 .elementor-element.elementor-element-3e7c4fe .jeg-elementor-kit.jkit-button.icon-position-before .jkit-button-wrapper svg{margin-right:10px;}.elementor-18016 .elementor-element.elementor-element-3e7c4fe .jeg-elementor-kit.jkit-button.icon-position-after .jkit-button-wrapper i, .elementor-18016 .elementor-element.elementor-element-3e7c4fe .jeg-elementor-kit.jkit-button.icon-position-after .jkit-button-wrapper svg{margin-left:10px;}.elementor-18016 .elementor-element.elementor-element-1e346e31 .elementor-heading-title{font-size:var( --e-global-typography-6cb29b0-font-size );line-height:var( --e-global-typography-6cb29b0-line-height );letter-spacing:var( --e-global-typography-6cb29b0-letter-spacing );word-spacing:var( --e-global-typography-6cb29b0-word-spacing );}.elementor-18016 .elementor-element.elementor-element-1e346e31 > .elementor-widget-container{margin:0px 0px 0px 0px;}.elementor-18016 .elementor-element.elementor-element-674a244 .elementor-heading-title{font-size:var( --e-global-typography-secondary-font-size );}}<\/style>\t\t<div data-elementor-type=\"wp-page\" data-elementor-id=\"18016\" class=\"elementor elementor-18016\" data-elementor-post-type=\"page\">\n\t\t\t\t\t\t<section class=\"elementor-section elementor-top-section elementor-element elementor-element-3f723b18 elementor-section-boxed elementor-section-height-default elementor-section-height-default\" data-id=\"3f723b18\" data-element_type=\"section\" data-e-type=\"section\" data-settings=\"{&quot;background_background&quot;:&quot;classic&quot;}\">\n\t\t\t\t\t\t\t<div class=\"elementor-background-overlay\"><\/div>\n\t\t\t\t\t\t\t<div class=\"elementor-container elementor-column-gap-default\">\n\t\t\t\t\t<div class=\"elementor-column elementor-col-100 elementor-top-column elementor-element elementor-element-698c0707\" data-id=\"698c0707\" data-element_type=\"column\" data-e-type=\"column\" data-settings=\"{&quot;background_background&quot;:&quot;classic&quot;}\">\n\t\t\t<div class=\"elementor-widget-wrap elementor-element-populated\">\n\t\t\t\t\t<div class=\"elementor-background-overlay\"><\/div>\n\t\t\t\t\t\t<div class=\"elementor-element elementor-element-545b1ba elementor-widget elementor-widget-heading\" data-id=\"545b1ba\" data-element_type=\"widget\" data-e-type=\"widget\" data-widget_type=\"heading.default\">\n\t\t\t\t<div class=\"elementor-widget-container\">\n\t\t\t\t\t<h1 class=\"elementor-heading-title elementor-size-default\">Documentaci\u00f3n<\/h1>\t\t\t\t<\/div>\n\t\t\t\t<\/div>\n\t\t\t\t<div class=\"elementor-element elementor-element-6c9736e4 elementor-widget__width-auto elementor-widget elementor-widget-jkit_button\" data-id=\"6c9736e4\" data-element_type=\"widget\" data-e-type=\"widget\" data-widget_type=\"jkit_button.default\">\n\t\t\t\t<div class=\"elementor-widget-container\">\n\t\t\t\t\t<div  class=\"jeg-elementor-kit jkit-button  icon-position-after jeg_module___69d16d96c233c\" ><a href=\"\/es\/for-researchers\/\" class=\"jkit-button-wrapper\">Para investigadores<i aria-hidden=\"true\" class=\"fas fa-chevron-right\"><\/i><\/a><\/div>\t\t\t\t<\/div>\n\t\t\t\t<\/div>\n\t\t\t\t<div class=\"elementor-element elementor-element-3e7c4fe elementor-widget__width-auto elementor-widget elementor-widget-jkit_button\" data-id=\"3e7c4fe\" data-element_type=\"widget\" data-e-type=\"widget\" data-widget_type=\"jkit_button.default\">\n\t\t\t\t<div class=\"elementor-widget-container\">\n\t\t\t\t\t<div  class=\"jeg-elementor-kit jkit-button  icon-position-after jeg_module__1_69d16d96c3253\" ><a href=\"\/es\/for-researchers\/\" class=\"jkit-button-wrapper\">Estudios, Datos, Biomuestras<i aria-hidden=\"true\" class=\"fas fa-chevron-right\"><\/i><\/a><\/div>\t\t\t\t<\/div>\n\t\t\t\t<\/div>\n\t\t\t\t<div class=\"elementor-element elementor-element-1e346e31 elementor-widget__width-auto elementor-widget elementor-widget-heading\" data-id=\"1e346e31\" data-element_type=\"widget\" data-e-type=\"widget\" data-widget_type=\"heading.default\">\n\t\t\t\t<div class=\"elementor-widget-container\">\n\t\t\t\t\t<h1 class=\"elementor-heading-title elementor-size-default\">Documentaci\u00f3n<\/h1>\t\t\t\t<\/div>\n\t\t\t\t<\/div>\n\t\t\t\t\t<\/div>\n\t\t<\/div>\n\t\t\t\t\t<\/div>\n\t\t<\/section>\n\t\t\t\t<section class=\"elementor-section elementor-top-section elementor-element elementor-element-8d0b715 no-tp elementor-section-boxed elementor-section-height-default elementor-section-height-default\" data-id=\"8d0b715\" data-element_type=\"section\" data-e-type=\"section\" data-no-translation=\"\">\n\t\t\t\t\t\t<div class=\"elementor-container elementor-column-gap-default\">\n\t\t\t\t\t<div class=\"elementor-column elementor-col-100 elementor-top-column elementor-element elementor-element-cd59fa1\" data-id=\"cd59fa1\" data-element_type=\"column\" data-e-type=\"column\">\n\t\t\t<div class=\"elementor-widget-wrap elementor-element-populated\">\n\t\t\t\t\t\t<div class=\"elementor-element elementor-element-674a244 elementor-widget elementor-widget-heading\" data-id=\"674a244\" data-element_type=\"widget\" data-e-type=\"widget\" data-widget_type=\"heading.default\">\n\t\t\t\t<div class=\"elementor-widget-container\">\n\t\t\t\t\t<h1 class=\"elementor-heading-title elementor-size-default\">Documentation<\/h1>\t\t\t\t<\/div>\n\t\t\t\t<\/div>\n\t\t\t\t<div class=\"elementor-element elementor-element-efd621e elementor-widget elementor-widget-text-editor\" data-id=\"efd621e\" data-element_type=\"widget\" data-e-type=\"widget\" data-widget_type=\"text-editor.default\">\n\t\t\t\t<div class=\"elementor-widget-container\">\n\t\t\t\t\t\t\t\t\t<p>This page houses study specific documentation (e.g., protocols, data dictionaries, data handling guides), alongside documents related to data and biosample access and publishing.<\/p><p>Please review this information in advance of accessing and analyzing data.<\/p>\t\t\t\t\t\t\t\t<\/div>\n\t\t\t\t<\/div>\n\t\t\t\t<div class=\"elementor-element elementor-element-4402209 elementor-widget elementor-widget-html\" data-id=\"4402209\" data-element_type=\"widget\" data-e-type=\"widget\" data-widget_type=\"html.default\">\n\t\t\t\t<div class=\"elementor-widget-container\">\n\t\t\t\t\t<script type=\"text\/javascript\">app_id=\"5f7b81b6f3812900183d69b9\";distribution_key=\"dist_6\";<\/script><script type=\"text\/javascript\" src=\"https:\/\/loader.knack.com\/5f7b81b6f3812900183d69b9\/dist_6\/knack.js\"><\/script><div id=\"knack-dist_6\">Loading...<\/div>\t\t\t\t<\/div>\n\t\t\t\t<\/div>\n\t\t\t\t\t<\/div>\n\t\t<\/div>\n\t\t\t\t\t<\/div>\n\t\t<\/section>\n\t\t\t\t<\/div>","protected":false},"excerpt":{"rendered":"<p>Documentaci\u00f3n para investigadores: Estudios, datos, biomuestras. Documentaci\u00f3n. Esta p\u00e1gina contiene documentaci\u00f3n espec\u00edfica del estudio (p. ej., protocolos, diccionarios de datos, gu\u00edas de manejo de datos), as\u00ed como documentos relacionados con el acceso y la publicaci\u00f3n de datos y biomuestras. Por favor, revise esta informaci\u00f3n antes de acceder y analizar los datos. Cargando\u2026<\/p>","protected":false},"author":5,"featured_media":0,"parent":1060,"menu_order":0,"comment_status":"closed","ping_status":"closed","template":"","meta":{"footnotes":"","_links_to":"","_links_to_target":""},"class_list":["post-18016","page","type-page","status-publish","hentry"],"_links":{"self":[{"href":"https:\/\/enroll-hd.org\/es\/wp-json\/wp\/v2\/pages\/18016","targetHints":{"allow":["GET"]}}],"collection":[{"href":"https:\/\/enroll-hd.org\/es\/wp-json\/wp\/v2\/pages"}],"about":[{"href":"https:\/\/enroll-hd.org\/es\/wp-json\/wp\/v2\/types\/page"}],"author":[{"embeddable":true,"href":"https:\/\/enroll-hd.org\/es\/wp-json\/wp\/v2\/users\/5"}],"replies":[{"embeddable":true,"href":"https:\/\/enroll-hd.org\/es\/wp-json\/wp\/v2\/comments?post=18016"}],"version-history":[{"count":14,"href":"https:\/\/enroll-hd.org\/es\/wp-json\/wp\/v2\/pages\/18016\/revisions"}],"predecessor-version":[{"id":18492,"href":"https:\/\/enroll-hd.org\/es\/wp-json\/wp\/v2\/pages\/18016\/revisions\/18492"}],"up":[{"embeddable":true,"href":"https:\/\/enroll-hd.org\/es\/wp-json\/wp\/v2\/pages\/1060"}],"wp:attachment":[{"href":"https:\/\/enroll-hd.org\/es\/wp-json\/wp\/v2\/media?parent=18016"}],"curies":[{"name":"gracias","href":"https:\/\/api.w.org\/{rel}","templated":true}]}}