{"id":16624,"date":"2024-06-03T13:34:29","date_gmt":"2024-06-03T17:34:29","guid":{"rendered":"https:\/\/3.84.221.207\/?page_id=16624"},"modified":"2024-06-03T13:38:30","modified_gmt":"2024-06-03T17:38:30","slug":"terms-of-use","status":"publish","type":"page","link":"https:\/\/enroll-hd.org\/es\/terms-of-use\/","title":{"rendered":"Condiciones de uso"},"content":{"rendered":"<p><strong>Condiciones de uso<\/strong><\/p>\n\n\n\n<p>Estos T\u00e9rminos de uso se aplican a su uso de Enroll-HD.org, todos sus subdominios y todos los servicios asociados, incluidos, entre otros, los correos electr\u00f3nicos recibidos de Enroll-HD.org, cualquiera de nuestros sistemas inform\u00e1ticos, bases de datos o redes conectadas a Enroll-HD. .org y todos sus subdominios (colectivamente, el \u201cSitio web\u201d). El sitio web est\u00e1 disponible para su uso por <a href=\"https:\/\/chdifoundation.org\" target=\"_blank\" rel=\"noreferrer noopener\">Fundaci\u00f3n CHDI, Inc.<\/a> Si navega o utiliza el sitio web de otra manera, acepta estos T\u00e9rminos de uso.&nbsp;<\/p>\n\n\n\n<p>Su uso de ciertas \u00e1reas y\/o subdominios del sitio web puede estar sujeto a t\u00e9rminos de uso adicionales, t\u00e9rminos que reemplazan estos T\u00e9rminos de uso u otros acuerdos (colectivamente, los \u201cT\u00e9rminos de uso adicionales\u201d). Se le informar\u00e1 sobre dichos T\u00e9rminos de uso adicionales cuando visite dichas \u00e1reas y\/o subdominios del sitio web. Al utilizar dichas \u00e1reas y\/o subdominios, o cualquier parte de los mismos, usted acepta estar sujeto a dichos T\u00e9rminos de uso adicionales.<\/p>\n\n\n\n<p>Nos reservamos el derecho de modificar estos T\u00e9rminos de uso y cualquier T\u00e9rminos de uso adicionales en cualquier momento mediante la publicaci\u00f3n de dichas modificaciones en estos T\u00e9rminos de uso o en dichos T\u00e9rminos de uso adicionales, seg\u00fan corresponda. Su uso continuado del sitio web o de otras \u00e1reas y\/o subdominios, seg\u00fan corresponda, despu\u00e9s de realizar dichas modificaciones constituye su aceptaci\u00f3n y acuerdo de estar sujeto a los T\u00e9rminos de uso y\/o cualquier T\u00e9rminos de uso adicionales. seg\u00fan modificado. Si no est\u00e1 de acuerdo con estos T\u00e9rminos de uso y\/o cualesquiera T\u00e9rminos de uso adicionales, no acceda ni utilice el sitio web ni otras \u00e1reas y\/o subdominios, seg\u00fan corresponda.<\/p>\n\n\n\n<p><strong>Limitaciones de uso<\/strong><\/p>\n\n\n\n<p>Nos reservamos el derecho, a nuestro exclusivo criterio, sin ninguna obligaci\u00f3n ni requisito de notificaci\u00f3n, de suspender o denegar su acceso al sitio web por cualquier motivo, incluido el mantenimiento, actualizaciones, mejoras o correcciones programados o no programados.<\/p>\n\n\n\n<p>No puede intentar obtener acceso no autorizado al sitio web mediante pirater\u00eda, extracci\u00f3n de contrase\u00f1as o cualquier otro medio para eludir los procedimientos de seguridad del sitio web. No puede utilizar el sitio web (i) de ninguna manera que pueda da\u00f1ar, deshabilitar, sobrecargar o perjudicar el sitio web o cualquier servicio proporcionado a trav\u00e9s del sitio web, o interferir con el uso y disfrute del sitio web o cualquier servicio proporcionado a trav\u00e9s del sitio web por parte de cualquier otro usuario. o (ii) para cualquier prop\u00f3sito que sea ilegal o est\u00e9 prohibido por estos T\u00e9rminos de uso o, seg\u00fan corresponda, cualesquiera T\u00e9rminos de uso adicionales. No puede hacer uso del sitio web ni de ning\u00fan servicio proporcionado a trav\u00e9s del sitio web para falsificar encabezados de correo electr\u00f3nico o enviar mensajes de correo electr\u00f3nico masivos no solicitados.<\/p>\n\n\n\n<p><strong>pol\u00edtica de privacidad<\/strong><\/p>\n\n\n\n<p>Estos T\u00e9rminos de uso incluyen nuestro <a href=\"https:\/\/enroll-hd.org\/es\/privacy-policy\/\" data-type=\"page\" data-id=\"3\" target=\"_blank\" rel=\"noreferrer noopener\">pol\u00edtica de privacidad<\/a>, que describe c\u00f3mo utilizamos su informaci\u00f3n personal.<\/p>\n\n\n\n<p><strong>Precisi\u00f3n del contenido<\/strong><\/p>\n\n\n\n<p>Cualquier contenido que proporcionemos o publiquemos en el sitio web puede contener errores o inexactitudes, incluidos errores tipogr\u00e1ficos y sustantivos. Nos reservamos el derecho, a nuestro exclusivo criterio y por cualquier motivo, sin obligaci\u00f3n ni requisito de previo aviso, de descontinuar, cambiar, mejorar o corregir el contenido que proporcionamos o publicamos en el sitio web. Cualquier contenido fechado que proporcionemos o publiquemos en el sitio web se publica \u00fanicamente a partir de su fecha y no tenemos ninguna responsabilidad de actualizar o modificar dicho contenido.<\/p>\n\n\n\n<p>Es su exclusiva responsabilidad evaluar la exactitud, integridad o utilidad de cualquier contenido proporcionado o publicado en el sitio web.<\/p>\n\n\n\n<p><strong>Enlaces a otros sitios web<\/strong><\/p>\n\n\n\n<p>Estos T\u00e9rminos de uso y cualquier T\u00e9rminos de uso adicionales se aplican \u00fanicamente al sitio web. Proporcionamos enlaces a otros sitios web, pero no controlamos el contenido de esos sitios web ni sus pr\u00e1cticas. No somos responsables del contenido de otros sitios web, de las pr\u00e1cticas de recopilaci\u00f3n de informaci\u00f3n ni del uso de la informaci\u00f3n que recopilan. Los enlaces a otros sitios web no constituyen un respaldo por nuestra parte de esos sitios web ni de su contenido, propietarios o carteles.<\/p>\n\n\n\n<p><strong>Su uso del contenido contenido en el sitio web<\/strong><\/p>\n\n\n\n<p>Todo el sitio web tiene derechos de autor. Cierto contenido, como art\u00edculos y\/u otros materiales que pueda encontrar en el sitio web, tambi\u00e9n pueden tener derechos de autor separados de nosotros o de otros.<\/p>\n\n\n\n<p>Excepto que se indique o contemple expresamente lo contrario, todo el contenido proporcionado o publicado en el sitio web se pone a su disposici\u00f3n \u00fanicamente con el fin de brindarle informaci\u00f3n sobre Enroll-HD y sus pr\u00e1cticas y progreso o para brindarle acceso a datos y\/o materiales.<\/p>\n\n\n\n<p>Salvo que se indique o contemple expresamente lo contrario en el sitio web o en los T\u00e9rminos de uso adicionales, le otorgamos una licencia para usar cualquier contenido que hayamos proporcionado o publicado en el sitio web bajo una licencia Creative Commons Attribution 3.0. Cierto contenido que hemos proporcionado o publicado en el sitio web tambi\u00e9n puede estar sujeto a que usted acepte T\u00e9rminos de uso adicionales que cubran espec\u00edficamente dicho contenido.<\/p>\n\n\n\n<p>Usted reconoce y acepta que el permiso otorgado en esta secci\u00f3n no constituye un respaldo por nuestra parte hacia usted o su uso de dicho contenido. Comun\u00edquese con nosotros directamente para obtener permisos de derechos de autor distintos de los otorgados expresamente en estos T\u00e9rminos de uso o en cualquier T\u00e9rminos de uso adicionales.<\/p>\n\n\n\n<p><strong>Contrase\u00f1as<\/strong><\/p>\n\n\n\n<p>El uso de ciertas partes del sitio web y el acceso a cierto contenido requiere una contrase\u00f1a. Al crear dicha contrase\u00f1a, deber\u00e1 proporcionar cierta informaci\u00f3n personal. Cualquier persona que conozca su contrase\u00f1a puede obtener acceso a dichas partes restringidas del sitio web y al contenido restringido, as\u00ed como a su informaci\u00f3n personal. En consecuencia, debe mantener su contrase\u00f1a en secreto. Al aceptar estos T\u00e9rminos de uso y cualquier T\u00e9rminos de uso adicionales, usted acepta ser el \u00fanico responsable de la confidencialidad y el uso de su contrase\u00f1a, as\u00ed como de cualquier comunicaci\u00f3n ingresada a trav\u00e9s del sitio web utilizando su contrase\u00f1a. Usted acepta notificarnos inmediatamente si tiene conocimiento de cualquier p\u00e9rdida o robo de su contrase\u00f1a o de cualquier uso no autorizado de su contrase\u00f1a. Nos reservamos el derecho de eliminar o cambiar una contrase\u00f1a en cualquier momento y por cualquier motivo.<\/p>\n\n\n\n<p><strong>Exenci\u00f3n de responsabilidad de garant\u00edas, no sustituye al asesoramiento m\u00e9dico ni limitaci\u00f3n de responsabilidad<\/strong><\/p>\n\n\n\n<p>EL SITIO WEB SE PROPORCIONA \u201cTAL CUAL\u201d Y \u201cSEG\u00daN DISPONIBILIDAD\u201d. NOSOTROS Y NUESTROS AFILIADOS Y AGENTES NO HACEMOS DECLARACIONES, GARANT\u00cdAS O CONDICIONES DE NING\u00daN TIPO, EXPRESAS O IMPL\u00cdCITAS, INCLUYENDO GARANT\u00cdAS DE COMERCIABILIDAD, IDONEIDAD PARA UN PROP\u00d3SITO PARTICULAR, NO INFRACCI\u00d3N O DE OTRA MANERA, EN CUANTO AL FUNCIONAMIENTO DEL SITIO WEB O LA EXACTITUD, ACTUALIDAD O INTEGRIDAD DEL CONTENIDO O SERVICIOS INCLUIDOS EN EL SITIO WEB. USTED ACEPTA EXPRESAMENTE QUE EL USO DEL SITIO WEB Y DE CUALQUIER CONTENIDO O SERVICIO INCLUIDO EN EL SITIO WEB ES BAJO SU PROPIO RIESGO.<\/p>\n\n\n\n<p>TODO EL CONTENIDO INCLUIDO EN EL SITIO WEB, COMO TEXTO, TRATAMIENTOS, DATOS, DOSIS, RESULTADOS, GR\u00c1FICOS, PERFILES DE PACIENTES, GR\u00c1FICOS, FOTOGRAF\u00cdAS, IM\u00c1GENES, CONSEJOS, MENSAJES, PUBLICACIONES EN FOROS Y CUALQUIER OTRO CONTENIDO PROPORCIONADO EN EL SITIO WEB SON S\u00d3LO PARA FINES INFORMATIVOS Y NO SUSTITUYEN EL CONSEJO O TRATAMIENTO M\u00c9DICO PROFESIONAL. SIEMPRE DEBE BUSCAR EL CONSEJO DE SU M\u00c9DICO U OTRO PROVEEDOR DE SALUD CALIFICADO CON CUALQUIER PREGUNTA QUE PUEDA TENER SOBRE SU SALUD. NUNCA DESCONECTE EL CONSEJO M\u00c9DICO PROFESIONAL NI DEMORE BUSCARLO POR ALGO QUE HA LE\u00cdDO EN ESTE SITIO WEB. SI CREE QUE PUEDE TENER UNA EMERGENCIA M\u00c9DICA, LLAME A SU M\u00c9DICO O AL 911 INMEDIATAMENTE. NO RECOMENDAMOS NI RESPALDAMOS NINGUNA PRUEBA, M\u00c9DICO, PRODUCTO, PROCEDIMIENTO, OPINI\u00d3N U OTRO CONTENIDO ESPEC\u00cdFICO QUE PUEDA MENCIONARSE EN EL SITIO WEB.<\/p>\n\n\n\n<p>USTED ACEPTA EXPRESAMENTE QUE NI NOSOTROS NI NUESTROS AFILIADOS Y AGENTES SON RESPONSABLES DE NING\u00daN DA\u00d1O DE NING\u00daN TIPO QUE SURJA O RESULTE DE SU USO DEL SITIO WEB O DE CUALQUIER CONTENIDO O SERVICIOS INCLUIDOS EN EL SITIO WEB, INCLUYENDO, PERO NO LIMITADO A, DIRECTO, INDIRECTO, INCIDENTAL. , PUNITIVOS Y CONSECUENCIALES.<\/p>\n\n\n\n<p><strong>Pol\u00edtica de derechos de autor<\/strong><\/p>\n\n\n\n<p>Respetamos la propiedad intelectual de otros y pedimos a los usuarios del sitio web que hagan lo mismo. De acuerdo con la Ley de Derechos de Autor del Milenio Digital (\u201cDMCA\u201d) y otras leyes aplicables, hemos adoptado una pol\u00edtica de, en circunstancias apropiadas y a nuestra entera discreci\u00f3n, cancelar a los usuarios del sitio web que se consideren infractores reincidentes. Tambi\u00e9n podemos, a nuestro exclusivo criterio, limitar el acceso al sitio web de cualquier usuario del sitio web que infrinja cualquier derecho de propiedad intelectual de otros, haya o no una infracci\u00f3n repetida.<br><br><em><strong>Procedimiento para notificarnos sobre reclamaciones por infracci\u00f3n de derechos de autor<\/strong><\/em><\/p>\n\n\n\n<p>Si cree que cualquier contenido proporcionado o publicado en el sitio web infringe cualquier derecho de autor que usted posee o controla, o que cualquier enlace en este sitio web dirige a los usuarios a otro sitio web que contiene contenido o descripciones que infringe cualquier derecho de autor que usted posee o controla, usted puede presentarnos una notificaci\u00f3n de dicha infracci\u00f3n como se establece a continuaci\u00f3n. Las notificaciones de presuntas infracciones de derechos de autor deben enviarse a la atenci\u00f3n de: CHDI Foundation, Inc., c\/o CHDI Management, 350 Seventh Avenue, Suite 200, New York, NY 10001, Atenci\u00f3n: David P. Rankin, director jur\u00eddico.<\/p>\n\n\n\n<p><em><strong>Ley que rige<\/strong><\/em><\/p>\n\n\n\n<p>Estos T\u00e9rminos de uso y cualesquiera T\u00e9rminos de uso adicionales se regir\u00e1n e interpretar\u00e1n de acuerdo con las leyes nacionales del Estado de Nueva York, EE. UU., sin dar efecto a ninguna disposici\u00f3n o regla de elecci\u00f3n o conflicto de leyes (ya sea del Estado de Nueva York). York, EE. UU. o cualquier otra jurisdicci\u00f3n) que causar\u00eda la aplicaci\u00f3n de las leyes de cualquier jurisdicci\u00f3n que no sea el Estado de Nueva York, EE. UU.<\/p>\n\n\n\n<p><a href=\"https:\/\/chdifoundation.org\" target=\"_blank\" rel=\"noreferrer noopener\">Fundaci\u00f3n CHDI, Inc.<\/a>  \u2013 <a href=\"https:\/\/enroll-hd.org\/es\/\">www.Enroll-HD.org<\/a> - Condiciones de uso<\/p>\n\n\n\n<p>Revisi\u00f3n No. 004 (Efectiva 08\/09\/2016)<\/p>\n\n\n\n<p><a href=\"https:\/\/enroll-hd.org\/enrollhd_documents\/Enroll-HDWebsite_TermsOfUse_RevNo004.pdf\" target=\"_blank\" rel=\"noreferrer noopener\">Descargue esta pol\u00edtica<\/a><\/p>","protected":false},"excerpt":{"rendered":"<p>T\u00e9rminos de uso Estos T\u00e9rminos de uso se aplican a su uso de Enroll-HD.org, todos sus subdominios y todos los servicios asociados, incluidos, entre otros, los correos electr\u00f3nicos recibidos de Enroll-HD.org, cualquiera de nuestros sistemas inform\u00e1ticos, bases de datos o redes. conectado a Enroll-HD.org y todos sus subdominios (colectivamente, el &quot;Sitio web&quot;). El sitio web est\u00e1 disponible para su [\u2026]<\/p>","protected":false},"author":2,"featured_media":0,"parent":0,"menu_order":0,"comment_status":"closed","ping_status":"closed","template":"","meta":{"footnotes":"","_links_to":"","_links_to_target":""},"class_list":["post-16624","page","type-page","status-publish","hentry"],"_links":{"self":[{"href":"https:\/\/enroll-hd.org\/es\/wp-json\/wp\/v2\/pages\/16624","targetHints":{"allow":["GET"]}}],"collection":[{"href":"https:\/\/enroll-hd.org\/es\/wp-json\/wp\/v2\/pages"}],"about":[{"href":"https:\/\/enroll-hd.org\/es\/wp-json\/wp\/v2\/types\/page"}],"author":[{"embeddable":true,"href":"https:\/\/enroll-hd.org\/es\/wp-json\/wp\/v2\/users\/2"}],"replies":[{"embeddable":true,"href":"https:\/\/enroll-hd.org\/es\/wp-json\/wp\/v2\/comments?post=16624"}],"version-history":[{"count":2,"href":"https:\/\/enroll-hd.org\/es\/wp-json\/wp\/v2\/pages\/16624\/revisions"}],"predecessor-version":[{"id":16626,"href":"https:\/\/enroll-hd.org\/es\/wp-json\/wp\/v2\/pages\/16624\/revisions\/16626"}],"wp:attachment":[{"href":"https:\/\/enroll-hd.org\/es\/wp-json\/wp\/v2\/media?parent=16624"}],"curies":[{"name":"gracias","href":"https:\/\/api.w.org\/{rel}","templated":true}]}}