{"id":9790,"date":"2021-11-04T11:45:18","date_gmt":"2021-11-04T15:45:18","guid":{"rendered":"https:\/\/platform.enroll-hd.org\/?page_id=9790"},"modified":"2024-06-17T15:28:32","modified_gmt":"2024-06-17T19:28:32","slug":"mailing-list-signup","status":"publish","type":"page","link":"https:\/\/enroll-hd.org\/de\/mailing-list-signup\/","title":{"rendered":"Mailingliste anmelden"},"content":{"rendered":"<style>.elementor-9790 .elementor-element.elementor-element-de25fc4 > .elementor-container{max-width:500px;}.elementor-9790 .elementor-element.elementor-element-de25fc4:not(.elementor-motion-effects-element-type-background), .elementor-9790 .elementor-element.elementor-element-de25fc4 > .elementor-motion-effects-container > .elementor-motion-effects-layer{background-image:url(\"https:\/\/enroll-hd.org\/wp-content\/uploads\/2021\/10\/newsletter_h1.jpg\");background-position:0px 60%;background-repeat:no-repeat;background-size:cover;}.elementor-9790 .elementor-element.elementor-element-de25fc4 > .elementor-background-overlay{background-color:#063089;opacity:0.3;transition:background 0.3s, border-radius 0.3s, opacity 0.3s;}.elementor-9790 .elementor-element.elementor-element-de25fc4{transition:background 0.3s, border 0.3s, border-radius 0.3s, box-shadow 0.3s;margin-top:0px;margin-bottom:0px;padding:5% 0% 5% 0%;}.elementor-9790 .elementor-element.elementor-element-ded475c.elementor-column > .elementor-widget-wrap{justify-content:center;}.elementor-9790 .elementor-element.elementor-element-ded475c > .elementor-element-populated >  .elementor-background-overlay{background-color:var( --e-global-color-primary );opacity:0.8;}.elementor-9790 .elementor-element.elementor-element-ded475c > .elementor-element-populated{transition:background 0.3s, border 0.3s, border-radius 0.3s, box-shadow 0.3s;padding:40px 0px 40px 0px;}.elementor-9790 .elementor-element.elementor-element-ded475c > .elementor-element-populated > .elementor-background-overlay{transition:background 0.3s, border-radius 0.3s, opacity 0.3s;}.elementor-9790 .elementor-element.elementor-element-24920c4{text-align:center;}.elementor-9790 .elementor-element.elementor-element-24920c4 .elementor-heading-title{font-family:var( --e-global-typography-51cde77-font-family ), Sans-serif;font-size:var( --e-global-typography-51cde77-font-size );font-weight:var( --e-global-typography-51cde77-font-weight );line-height:var( --e-global-typography-51cde77-line-height );letter-spacing:var( --e-global-typography-51cde77-letter-spacing );word-spacing:var( --e-global-typography-51cde77-word-spacing );color:#FFFFFF;}.elementor-9790 .elementor-element.elementor-element-132d5f7 a{color:var( --e-global-color-primary );}:root{--page-title-display:none;}@media(max-width:1024px) and (min-width:768px){.elementor-9790 .elementor-element.elementor-element-ded475c{width:100%;}}@media(max-width:1024px){.elementor-9790 .elementor-element.elementor-element-de25fc4:not(.elementor-motion-effects-element-type-background), .elementor-9790 .elementor-element.elementor-element-de25fc4 > .elementor-motion-effects-container > .elementor-motion-effects-layer{background-position:center center;}.elementor-9790 .elementor-element.elementor-element-de25fc4{padding:10% 0% 10% 0%;}.elementor-9790 .elementor-element.elementor-element-ded475c > .elementor-element-populated{margin:0px 0px 0px 0px;--e-column-margin-right:0px;--e-column-margin-left:0px;}.elementor-9790 .elementor-element.elementor-element-24920c4 .elementor-heading-title{font-size:var( --e-global-typography-51cde77-font-size );line-height:var( --e-global-typography-51cde77-line-height );letter-spacing:var( --e-global-typography-51cde77-letter-spacing );word-spacing:var( --e-global-typography-51cde77-word-spacing );}}@media(max-width:767px){.elementor-9790 .elementor-element.elementor-element-de25fc4:not(.elementor-motion-effects-element-type-background), .elementor-9790 .elementor-element.elementor-element-de25fc4 > .elementor-motion-effects-container > .elementor-motion-effects-layer{background-position:center center;}.elementor-9790 .elementor-element.elementor-element-de25fc4{margin-top:0px;margin-bottom:0px;padding:15% 0% 15% 0%;}.elementor-9790 .elementor-element.elementor-element-ded475c > .elementor-element-populated{margin:0px 20px 0px 20px;--e-column-margin-right:20px;--e-column-margin-left:20px;}.elementor-9790 .elementor-element.elementor-element-24920c4 .elementor-heading-title{font-size:var( --e-global-typography-51cde77-font-size );line-height:var( --e-global-typography-51cde77-line-height );letter-spacing:var( --e-global-typography-51cde77-letter-spacing );word-spacing:var( --e-global-typography-51cde77-word-spacing );}}<\/style>\t\t<div data-elementor-type=\"wp-page\" data-elementor-id=\"9790\" class=\"elementor elementor-9790\" data-elementor-post-type=\"page\">\n\t\t\t\t\t\t<section class=\"elementor-section elementor-top-section elementor-element elementor-element-de25fc4 elementor-section-boxed elementor-section-height-default elementor-section-height-default\" data-id=\"de25fc4\" data-element_type=\"section\" data-e-type=\"section\" data-settings=\"{&quot;background_background&quot;:&quot;classic&quot;}\">\n\t\t\t\t\t\t\t<div class=\"elementor-background-overlay\"><\/div>\n\t\t\t\t\t\t\t<div class=\"elementor-container elementor-column-gap-default\">\n\t\t\t\t\t<div class=\"elementor-column elementor-col-100 elementor-top-column elementor-element elementor-element-ded475c\" data-id=\"ded475c\" data-element_type=\"column\" data-e-type=\"column\" data-settings=\"{&quot;background_background&quot;:&quot;classic&quot;}\">\n\t\t\t<div class=\"elementor-widget-wrap elementor-element-populated\">\n\t\t\t\t\t<div class=\"elementor-background-overlay\"><\/div>\n\t\t\t\t\t\t<div class=\"elementor-element elementor-element-24920c4 elementor-widget elementor-widget-heading\" data-id=\"24920c4\" data-element_type=\"widget\" data-e-type=\"widget\" data-widget_type=\"heading.default\">\n\t\t\t\t<div class=\"elementor-widget-container\">\n\t\t\t\t\t<h2 class=\"elementor-heading-title elementor-size-default\">Tragen Sie sich in unsere Mailingliste ein<\/h2>\t\t\t\t<\/div>\n\t\t\t\t<\/div>\n\t\t\t\t\t<\/div>\n\t\t<\/div>\n\t\t\t\t\t<\/div>\n\t\t<\/section>\n\t\t\t\t<section class=\"elementor-section elementor-top-section elementor-element elementor-element-132d5f7 elementor-section-boxed elementor-section-height-default elementor-section-height-default\" data-id=\"132d5f7\" data-element_type=\"section\" data-e-type=\"section\">\n\t\t\t\t\t\t<div class=\"elementor-container elementor-column-gap-default\">\n\t\t\t\t\t<div class=\"elementor-column elementor-col-100 elementor-top-column elementor-element elementor-element-e5fd435\" data-id=\"e5fd435\" data-element_type=\"column\" data-e-type=\"column\">\n\t\t\t<div class=\"elementor-widget-wrap elementor-element-populated\">\n\t\t\t\t\t\t<div class=\"elementor-element elementor-element-a5e258a elementor-widget elementor-widget-html\" data-id=\"a5e258a\" data-element_type=\"widget\" data-e-type=\"widget\" data-widget_type=\"html.default\">\n\t\t\t\t<div class=\"elementor-widget-container\">\n\t\t\t\t\t<div id=\"mc_embed_shell\">\r\n      <link href=\"\/\/cdn-images.mailchimp.com\/embedcode\/classic-061523.css\" rel=\"stylesheet\" type=\"text\/css\">\r\n  <style type=\"text\/css\">\r\n        #mc_embed_signup{background:#fff; false;clear:left; font:14px Helvetica,Arial,sans-serif; width: 960px;}\r\n        \/* Add your own Mailchimp form style overrides in your site stylesheet or in this style block.\r\n           We recommend moving this block and the preceding CSS link to the HEAD of your HTML file. *\/\r\n<\/style><style type=\"text\/css\">\r\n        #mc-embedded-subscribe-form input[type=checkbox]{display: inline; width: auto;margin-right: 10px;}\r\n#mergeRow-gdpr {margin-top: 20px;}\r\n#mergeRow-gdpr fieldset label {font-weight: normal;}\r\n#mc-embedded-subscribe-form .mc_fieldset{border:none;min-height: 0px;padding-bottom:0px;}\r\n<\/style>\r\n<div id=\"mc_embed_signup\">\r\n    <form action=\"https:\/\/enroll-hd.us11.list-manage.com\/subscribe\/post?u=5ec8ddec08418d33554777318&amp;id=e40c9186d6&amp;f_id=005bcae3f0\" method=\"post\" id=\"mc-embedded-subscribe-form\" name=\"mc-embedded-subscribe-form\" class=\"validate\" target=\"_blank\">\r\n        <div id=\"mc_embed_signup_scroll\"><h3>Abonnieren Sie unsere Mailing-Liste<\/h3>\r\n            <div class=\"content__gdprLegal\"><p>Wenn Sie sich in unsere Mailingliste eintragen, senden wir Ihnen gelegentlich E-Mails zur Huntington-Krankheitsforschung, darunter den Enroll!-Newsletter und Ank\u00fcndigungen zur Enroll-HD-Studie und -Plattform, zu den Aktivit\u00e4ten und Veranstaltungen von CHDI (einschlie\u00dflich Konferenzen), zu forschungsbezogenen Ressourcen (wie klinische Daten und Bioproben) und Informationen zu Forschungsfinanzierungsquellen.<\/p><\/div><br \/>\r\n            <div class=\"indicates-required\"><span class=\"asterisk\">*<\/span> zeigt an, dass es erforderlich ist<\/div>\r\n            <div class=\"mc-field-group\"><label for=\"mce-EMAIL\">E-Mail-Adresse <span class=\"asterisk\">*<\/span><\/label><input type=\"email\" name=\"EMAIL\" class=\"required email\" id=\"mce-EMAIL\" required=\"\" value=\"\"><\/div><div id=\"mergeRow-gdpr\" class=\"mergeRow gdpr-mergeRow content__gdprBlock mc-field-group\"><div class=\"content__gdpr\"><label>Kontaktberechtigungen <span class=\"asterisk\">*<\/span><\/label><p>Bitte best\u00e4tigen Sie, dass wir Sie kontaktieren d\u00fcrfen:<\/p><fieldset class=\"mc_fieldset gdprRequired mc-field-group\" name=\"interestgroup_field\"><label class=\"checkbox subfield\" for=\"gdpr47108\"><input type=\"checkbox\" id=\"gdpr_47108\" name=\"gdpr[47108]\" class=\"gdpr\" value=\"Y\"><span>Best\u00e4tigen<\/span><\/label><\/fieldset><br \/><p>Sie k\u00f6nnen sich jederzeit abmelden, indem Sie auf den Link in der Fu\u00dfzeile unserer E-Mails klicken. Informationen zu unseren Datenschutzpraktiken finden Sie in unserer <a href=\"\/de\/privacy-policy\/\" target=\"_blank\">Datenschutzrichtlinie<\/a>.<\/p><\/div><div class=\"content__gdprLegal\"><p>Wir nutzen Mailchimp als unsere Marketingplattform. Indem Sie unten klicken, um sich anzumelden, best\u00e4tigen Sie, dass Ihre Daten zur Verarbeitung an Mailchimp \u00fcbertragen werden. <a href=\"https:\/\/www.intuit.com\/privacy\/statement\/\">Erfahren Sie mehr<\/a> \u00fcber die Datenschutzpraktiken von Mailchimp \u00fcber deren Muttergesellschaft Intuit.<\/p><\/div><\/div>\r\n<div hidden=\"\"><input type=\"hidden\" name=\"tags\" value=\"10229552\"><\/div>\r\n        <div id=\"mce-responses\" class=\"clear\">\r\n            <div class=\"response\" id=\"mce-error-response\" style=\"display: none;\"><\/div>\r\n            <div class=\"response\" id=\"mce-success-response\" style=\"display: none;\"><\/div>\r\n        <\/div><div aria-hidden=\"true\" style=\"position: absolute; left: -5000px;\"><input type=\"text\" name=\"b_5ec8ddec08418d33554777318_e40c9186d6\" tabindex=\"-1\" value=\"\"><\/div><div class=\"clear\"><input type=\"submit\" name=\"subscribe\" id=\"mc-embedded-subscribe\" class=\"button\" value=\"Abonnieren\"><\/div>\r\n    <\/div>\r\n<\/form>\r\n<\/div>\r\n<script type=\"text\/javascript\" src=\"\/\/s3.amazonaws.com\/downloads.mailchimp.com\/js\/mc-validate.js\"><\/script><script type=\"text\/javascript\">(function($) {window.fnames = new Array(); window.ftypes = new Array();fnames[0]='EMAIL';ftypes[0]='email';fnames[1]='FNAME';ftypes[1]='text';fnames[2]='LNAME';ftypes[2]='text';fnames[3]='ADDRESS';ftypes[3]='address';fnames[4]='PHONE';ftypes[4]='phone';}(jQuery));var $mcj = jQuery.noConflict(true);<\/script><\/div>\r\n\t\t\t\t<\/div>\n\t\t\t\t<\/div>\n\t\t\t\t\t<\/div>\n\t\t<\/div>\n\t\t\t\t\t<\/div>\n\t\t<\/section>\n\t\t\t\t<\/div>","protected":false},"excerpt":{"rendered":"<p>Tragen Sie sich in unsere Mailingliste ein Abonnieren Sie unsere Mailingliste Wenn Sie sich in unsere Mailingliste eintragen, senden wir Ihnen gelegentlich E-Mails zur Huntington-Krankheitsforschung, darunter den Enroll!-Newsletter und Ank\u00fcndigungen zur Enroll-HD-Studie und -Plattform, zu Aktivit\u00e4ten und Veranstaltungen von CHDI (einschlie\u00dflich Konferenzen), forschungsbezogenen Ressourcen (wie klinische Daten und Bioproben) und Informationen zu Quellen [\u2026]<\/p>","protected":false},"author":1,"featured_media":0,"parent":0,"menu_order":0,"comment_status":"closed","ping_status":"closed","template":"","meta":{"footnotes":"","_links_to":"","_links_to_target":""},"class_list":["post-9790","page","type-page","status-publish","hentry"],"_links":{"self":[{"href":"https:\/\/enroll-hd.org\/de\/wp-json\/wp\/v2\/pages\/9790","targetHints":{"allow":["GET"]}}],"collection":[{"href":"https:\/\/enroll-hd.org\/de\/wp-json\/wp\/v2\/pages"}],"about":[{"href":"https:\/\/enroll-hd.org\/de\/wp-json\/wp\/v2\/types\/page"}],"author":[{"embeddable":true,"href":"https:\/\/enroll-hd.org\/de\/wp-json\/wp\/v2\/users\/1"}],"replies":[{"embeddable":true,"href":"https:\/\/enroll-hd.org\/de\/wp-json\/wp\/v2\/comments?post=9790"}],"version-history":[{"count":76,"href":"https:\/\/enroll-hd.org\/de\/wp-json\/wp\/v2\/pages\/9790\/revisions"}],"predecessor-version":[{"id":16710,"href":"https:\/\/enroll-hd.org\/de\/wp-json\/wp\/v2\/pages\/9790\/revisions\/16710"}],"wp:attachment":[{"href":"https:\/\/enroll-hd.org\/de\/wp-json\/wp\/v2\/media?parent=9790"}],"curies":[{"name":"wp","href":"https:\/\/api.w.org\/{rel}","templated":true}]}}