{"id":16849,"date":"2024-08-06T09:34:35","date_gmt":"2024-08-06T13:34:35","guid":{"rendered":"https:\/\/3.84.221.207\/?page_id=16849"},"modified":"2024-09-04T12:43:24","modified_gmt":"2024-09-04T16:43:24","slug":"gsid","status":"publish","type":"page","link":"https:\/\/enroll-hd.org\/de\/gsid\/","title":{"rendered":"GSID"},"content":{"rendered":"<style>.elementor-16849 .elementor-element.elementor-element-c3c3af6 a{color:var( --e-global-color-primary );}.elementor-16849 .elementor-element.elementor-element-b05d391{padding:0px 0px 50px 0px;}.elementor-16849 .elementor-element.elementor-element-bfea09d .jeg-elementor-kit.jkit-button{text-align:center;}.elementor-16849 .elementor-element.elementor-element-bfea09d .jeg-elementor-kit.jkit-button .jkit-button-wrapper{background-color:var( --e-global-color-primary );}.elementor-16849 .elementor-element.elementor-element-bfea09d .jeg-elementor-kit.jkit-button.icon-position-before .jkit-button-wrapper i, .elementor-16849 .elementor-element.elementor-element-bfea09d .jeg-elementor-kit.jkit-button.icon-position-before .jkit-button-wrapper svg{margin-right:5px;}.elementor-16849 .elementor-element.elementor-element-bfea09d .jeg-elementor-kit.jkit-button.icon-position-after .jkit-button-wrapper i, .elementor-16849 .elementor-element.elementor-element-bfea09d .jeg-elementor-kit.jkit-button.icon-position-after .jkit-button-wrapper svg{margin-left:5px;}:root{--page-title-display:none;}<\/style>\t\t<div data-elementor-type=\"wp-page\" data-elementor-id=\"16849\" class=\"elementor elementor-16849\" data-elementor-post-type=\"page\">\n\t\t\t\t\t\t<section class=\"elementor-section elementor-top-section elementor-element elementor-element-c3c3af6 elementor-section-boxed elementor-section-height-default elementor-section-height-default\" data-id=\"c3c3af6\" data-element_type=\"section\" data-e-type=\"section\">\n\t\t\t\t\t\t<div class=\"elementor-container elementor-column-gap-default\">\n\t\t\t\t\t<div class=\"elementor-column elementor-col-100 elementor-top-column elementor-element elementor-element-3feaf65\" data-id=\"3feaf65\" data-element_type=\"column\" data-e-type=\"column\">\n\t\t\t<div class=\"elementor-widget-wrap elementor-element-populated\">\n\t\t\t\t\t\t<div class=\"elementor-element elementor-element-6c93611 elementor-widget elementor-widget-heading\" data-id=\"6c93611\" data-element_type=\"widget\" data-e-type=\"widget\" data-widget_type=\"heading.default\">\n\t\t\t\t<div class=\"elementor-widget-container\">\n\t\t\t\t\t<h2 class=\"elementor-heading-title elementor-size-default\">Globale Site Investigator-Datenbank f\u00fcr die Huntington-Krankheit (GSID)<\/h2>\t\t\t\t<\/div>\n\t\t\t\t<\/div>\n\t\t\t\t<div class=\"elementor-element elementor-element-de75b56 elementor-widget elementor-widget-text-editor\" data-id=\"de75b56\" data-element_type=\"widget\" data-e-type=\"widget\" data-widget_type=\"text-editor.default\">\n\t\t\t\t<div class=\"elementor-widget-container\">\n\t\t\t\t\t\t\t\t\t<p>Die Global Site Investigator Database for Huntington&#039;s disease (GSID) ist ein von der CHDI Foundation, Inc (CHDI) verwaltetes Tool. Es wurde entwickelt, um klinischen Sponsoren von Huntington-Studien dabei zu helfen, Standorte mit geeigneten Ressourcen f\u00fcr die Teilnahme an bestimmten Studien und Tests zu identifizieren, In-silico-Machbarkeitsanalysen durchzuf\u00fchren, bei der Einrichtung von Standorten zu helfen und die Bewertung der Eignung von Standorten f\u00fcr die Teilnahme am Enroll-HD HD Clinical Trial Site Certification-Programm zu erm\u00f6glichen.<\/p><p>GSID wird durch Studienstandorte bef\u00fcllt und deckt mehrere zentrale Ressourcenbereiche ab, darunter: Allgemeines (mit Informationen \u00fcber die Einrichtung und die Huntington-Klinik), Kontakte, Erfahrungen mit Versuchen und Studien, Huntington-Population, Einrichtungen und Verfahren, Neurobildgebung sowie Genehmigungen und Vertragsabschluss.<\/p><p>GSID enth\u00e4lt au\u00dferdem separate, studienspezifische Machbarkeitsfrageb\u00f6gen, die die in den Kernabschnitten enthaltenen Informationen nutzen und darauf aufbauen k\u00f6nnen.<\/p><p><strong>Warum sollten Standorte die GSID ausf\u00fcllen?<\/strong><\/p><p>Das Ziel von GSID besteht darin, eine umfassende Datenbank der Standortfunktionen zu erstellen. Der Abschluss von GSID kann Ihrem Standort bessere M\u00f6glichkeiten zur Teilnahme an zuk\u00fcnftigen Forschungsvorhaben bieten. <br \/>Die Standorte werden gebeten, Fragen in jedem der Kernabschnitte zu beantworten. Dies kann einige Zeit in Anspruch nehmen, aber sobald dies abgeschlossen ist, m\u00fcssen Aktualisierungen nur vorgenommen werden, wenn sich an Ihrem Standort etwas \u00e4ndert (eine j\u00e4hrliche Erinnerung zur \u00dcberpr\u00fcfung der Details wird von den GSID-Managern gesendet) oder wenn bestimmte zus\u00e4tzliche Informationen von Ihnen ben\u00f6tigt werden. Beispielsweise k\u00f6nnen die Standorte aufgefordert werden, zus\u00e4tzliche Abschnitte des GSID f\u00fcr studienspezifische Machbarkeit auszuf\u00fcllen (z. B. Enroll-HD 2.0; Plattformstudien), abh\u00e4ngig von den Studienanforderungen.<\/p><p><em>Bitte beachten Sie: Der Abschluss der GSID ist eine Voraussetzung f\u00fcr alle Enroll-HD-Standorte, einschlie\u00dflich Standorte, die daran interessiert sind, ein Enroll-HD-Standort zu werden.<\/em><\/p><p><strong>Wer hat Zugriff auf die GSID?<\/strong><\/p><p>Informationen im GSID stehen den Enroll-HD- und CHDI-Studienteams direkt zur Verf\u00fcgung. Jeder Standort hat auch Zugriff auf seine eigenen Daten. Studien- und Versuchssponsoren und -pr\u00fcfer aus der Industrie und der Wissenschaft m\u00fcssen einen Zugriff auf das GSID beantragen. Dieser Zugriff muss vom Enroll-HD Governance Committee genehmigt werden und muss dem Zweck dienen, Standorte zu identifizieren, die \u00fcber geeignete Einrichtungen, Erfahrung und Ressourcen f\u00fcr eine bestimmte Studie oder einen bestimmten Versuch verf\u00fcgen.<\/p><p><strong>Weitere Hinweise<\/strong><\/p><p><em>Enroll-HD-Standorte:<\/em><\/p><p>Wir haben die GSID vor Kurzem auf eine neue Plattform (Core GSID) umgestellt. Wenn Ihre Site bereits \u00fcber ein GSID-Profil verf\u00fcgt, werden die relevanten Informationen auf die neue Core GSID migriert. Bei Fragen wenden Sie sich bitte an Ihren Enroll-HD Site Manager oder an LANCO. Wenn Ihre Site keinen GSID-Eintrag hat, senden Sie uns bitte eine Nachricht \u00fcber das <a href=\"\/de\/contact-us\/\">Kontaktformular<\/a>.<\/p><p>Wenn Sie Probleme beim Zugriff auf Ihr GSID-Profil haben oder Fragen haben, wenden Sie sich bitte an <a href=\"mailto:gsid@enroll-hd.org\">gsid@enroll-hd.org<\/a>.<\/p><p><em>Sponsoren klinischer Studien:<\/em><\/p><p>Um den Zugriff auf die in der GSID enthaltenen Informationen zu besprechen, senden Sie uns bitte eine Nachricht \u00fcber das <a href=\"\/de\/contact-us\/\">Kontaktformular<\/a>.<\/p>\t\t\t\t\t\t\t\t<\/div>\n\t\t\t\t<\/div>\n\t\t\t\t\t<\/div>\n\t\t<\/div>\n\t\t\t\t\t<\/div>\n\t\t<\/section>\n\t\t\t\t<section class=\"elementor-section elementor-top-section elementor-element elementor-element-b05d391 elementor-section-boxed elementor-section-height-default elementor-section-height-default\" data-id=\"b05d391\" data-element_type=\"section\" data-e-type=\"section\">\n\t\t\t\t\t\t<div class=\"elementor-container elementor-column-gap-default\">\n\t\t\t\t\t<div class=\"elementor-column elementor-col-100 elementor-top-column elementor-element elementor-element-7cd5bfb\" data-id=\"7cd5bfb\" data-element_type=\"column\" data-e-type=\"column\">\n\t\t\t<div class=\"elementor-widget-wrap elementor-element-populated\">\n\t\t\t\t\t\t<div class=\"elementor-element elementor-element-bfea09d elementor-widget elementor-widget-jkit_button\" data-id=\"bfea09d\" data-element_type=\"widget\" data-e-type=\"widget\" data-widget_type=\"jkit_button.default\">\n\t\t\t\t<div class=\"elementor-widget-container\">\n\t\t\t\t\t<div  class=\"jeg-elementor-kit jkit-button  icon-position-before jeg_module___69da30b5d033a\" ><a href=\"https:\/\/i.knack.com\/clinic-locations#gsid-login\/auth\/Auth\" class=\"jkit-button-wrapper\" target=\"_blank\">GSID in neuem Fenster \u00f6ffnen<\/a><\/div>\t\t\t\t<\/div>\n\t\t\t\t<\/div>\n\t\t\t\t\t<\/div>\n\t\t<\/div>\n\t\t\t\t\t<\/div>\n\t\t<\/section>\n\t\t\t\t<\/div>","protected":false},"excerpt":{"rendered":"<p>Global Site Investigator Database for Huntington\u2019s Disease (GSID) The Global Site Investigator Database for Huntington\u2019s disease (GSID) is a tool maintained by CHDI Foundation, Inc (CHDI). It is designed to assist clinical sponsors of HD studies in identifying sites with appropriate resources for participating in specific studies and trials, support in silico feasibility analyses, assist [&hellip;]<\/p>\n","protected":false},"author":5,"featured_media":0,"parent":0,"menu_order":0,"comment_status":"closed","ping_status":"closed","template":"","meta":{"footnotes":"","_links_to":"","_links_to_target":""},"class_list":["post-16849","page","type-page","status-publish","hentry"],"_links":{"self":[{"href":"https:\/\/enroll-hd.org\/de\/wp-json\/wp\/v2\/pages\/16849","targetHints":{"allow":["GET"]}}],"collection":[{"href":"https:\/\/enroll-hd.org\/de\/wp-json\/wp\/v2\/pages"}],"about":[{"href":"https:\/\/enroll-hd.org\/de\/wp-json\/wp\/v2\/types\/page"}],"author":[{"embeddable":true,"href":"https:\/\/enroll-hd.org\/de\/wp-json\/wp\/v2\/users\/5"}],"replies":[{"embeddable":true,"href":"https:\/\/enroll-hd.org\/de\/wp-json\/wp\/v2\/comments?post=16849"}],"version-history":[{"count":61,"href":"https:\/\/enroll-hd.org\/de\/wp-json\/wp\/v2\/pages\/16849\/revisions"}],"predecessor-version":[{"id":16962,"href":"https:\/\/enroll-hd.org\/de\/wp-json\/wp\/v2\/pages\/16849\/revisions\/16962"}],"wp:attachment":[{"href":"https:\/\/enroll-hd.org\/de\/wp-json\/wp\/v2\/media?parent=16849"}],"curies":[{"name":"wp","href":"https:\/\/api.w.org\/{rel}","templated":true}]}}