{"id":16624,"date":"2024-06-03T13:34:29","date_gmt":"2024-06-03T17:34:29","guid":{"rendered":"https:\/\/3.84.221.207\/?page_id=16624"},"modified":"2024-06-03T13:38:30","modified_gmt":"2024-06-03T17:38:30","slug":"terms-of-use","status":"publish","type":"page","link":"https:\/\/enroll-hd.org\/de\/terms-of-use\/","title":{"rendered":"Nutzungsbedingungen"},"content":{"rendered":"<p><strong>Nutzungsbedingungen<\/strong><\/p>\n\n\n\n<p>Diese Nutzungsbedingungen gelten f\u00fcr Ihre Nutzung von Enroll-HD.org, allen seinen Subdomains und allen damit verbundenen Diensten, einschlie\u00dflich, aber nicht beschr\u00e4nkt auf E-Mails, die von Enroll-HD.org empfangen werden, sowie f\u00fcr alle unsere Computersysteme, Datenbanken oder Netzwerke, die mit Enroll-HD.org und allen seinen Subdomains verbunden sind (zusammengefasst die \u201eWebsite\u201c). Die Website wird Ihnen zur Nutzung zur Verf\u00fcgung gestellt von <a href=\"https:\/\/chdifoundation.org\" target=\"_blank\" rel=\"noreferrer noopener\">CHDI Foundation, Inc.<\/a> Wenn Sie die Website durchsuchen oder anderweitig verwenden, akzeptieren Sie diese Nutzungsbedingungen.&nbsp;<\/p>\n\n\n\n<p>Ihre Nutzung bestimmter Bereiche und\/oder Subdomains der Website kann zus\u00e4tzlichen Nutzungsbedingungen unterliegen, Bedingungen, die diese Nutzungsbedingungen oder andere Vereinbarungen ersetzen (zusammengefasst die \u201eZus\u00e4tzlichen Nutzungsbedingungen\u201c). Sie werden \u00fcber solche zus\u00e4tzlichen Nutzungsbedingungen informiert, wenn Sie solche Bereiche und\/oder Subdomains der Website besuchen. Indem Sie solche Bereiche und\/oder Subdomains oder Teile davon nutzen, erkl\u00e4ren Sie sich mit der Verbindlichkeit dieser zus\u00e4tzlichen Nutzungsbedingungen einverstanden.<\/p>\n\n\n\n<p>Wir behalten uns das Recht vor, diese Nutzungsbedingungen und alle zus\u00e4tzlichen Nutzungsbedingungen jederzeit zu \u00e4ndern, indem wir solche \u00c4nderungen in diesen Nutzungsbedingungen oder in den zus\u00e4tzlichen Nutzungsbedingungen ver\u00f6ffentlichen. Ihre fortgesetzte Nutzung der Website oder anderer Bereiche und\/oder Subdomains nach solchen \u00c4nderungen gilt als Ihre Zustimmung zu den ge\u00e4nderten Nutzungsbedingungen und\/oder zus\u00e4tzlichen Nutzungsbedingungen und Ihre Zustimmung, an diese gebunden zu sein. Wenn Sie mit diesen Nutzungsbedingungen und\/oder zus\u00e4tzlichen Nutzungsbedingungen nicht einverstanden sind, greifen Sie bitte nicht auf die Website oder andere Bereiche und\/oder Subdomains zu und nutzen Sie sie nicht.<\/p>\n\n\n\n<p><strong>Nutzungsbeschr\u00e4nkungen<\/strong><\/p>\n\n\n\n<p>Wir behalten uns das Recht vor, nach eigenem Ermessen und ohne Verpflichtung oder Ank\u00fcndigung Ihren Zugriff auf die Website aus beliebigen Gr\u00fcnden auszusetzen oder zu verweigern, einschlie\u00dflich f\u00fcr geplante oder ungeplante Wartungsarbeiten, Upgrades, Verbesserungen oder Korrekturen.<\/p>\n\n\n\n<p>Sie d\u00fcrfen nicht versuchen, sich durch Hacking, Passwort-Mining oder auf andere Weise unbefugten Zugriff auf die Website zu verschaffen, um die Sicherheitsverfahren der Website zu umgehen. Sie d\u00fcrfen die Website (i) nicht in einer Weise nutzen, die die Website oder einen \u00fcber die Website bereitgestellten Dienst besch\u00e4digen, deaktivieren, \u00fcberlasten oder beeintr\u00e4chtigen oder die Nutzung und Freude anderer Benutzer an der Website oder einem \u00fcber die Website bereitgestellten Dienst st\u00f6ren k\u00f6nnte, oder (ii) f\u00fcr einen gesetzwidrigen oder durch diese Nutzungsbedingungen oder gegebenenfalls zus\u00e4tzliche Nutzungsbedingungen verbotenen Zweck. Sie d\u00fcrfen die Website oder einen \u00fcber die Website bereitgestellten Dienst nicht nutzen, um E-Mail-Header zu f\u00e4lschen oder unerw\u00fcnschte Massen-E-Mails zu versenden.<\/p>\n\n\n\n<p><strong>Datenschutzrichtlinie<\/strong><\/p>\n\n\n\n<p>Diese Nutzungsbedingungen umfassen unsere <a href=\"https:\/\/enroll-hd.org\/de\/privacy-policy\/\" data-type=\"page\" data-id=\"3\" target=\"_blank\" rel=\"noreferrer noopener\">Datenschutzrichtlinie<\/a>, in der beschrieben wird, wie wir Ihre personenbezogenen Daten verwenden.<\/p>\n\n\n\n<p><strong>Richtigkeit des Inhalts<\/strong><\/p>\n\n\n\n<p>Alle von uns bereitgestellten oder auf der Website ver\u00f6ffentlichten Inhalte k\u00f6nnen Fehler oder Ungenauigkeiten enthalten, darunter sowohl typografische als auch inhaltliche Fehler. Wir behalten uns das Recht vor, nach eigenem Ermessen und aus beliebigem Grund ohne jegliche Verpflichtung oder Ank\u00fcndigungspflicht die von uns bereitgestellten oder auf der Website ver\u00f6ffentlichten Inhalte einzustellen, zu \u00e4ndern, zu verbessern oder zu korrigieren. Alle von uns bereitgestellten oder auf der Website ver\u00f6ffentlichten veralteten Inhalte werden nur mit dem Datum ver\u00f6ffentlicht und wir sind nicht verpflichtet, solche Inhalte zu aktualisieren oder zu \u00e4ndern.<\/p>\n\n\n\n<p>Es liegt in Ihrer alleinigen Verantwortung, die Richtigkeit, Vollst\u00e4ndigkeit oder N\u00fctzlichkeit aller auf der Website bereitgestellten oder ver\u00f6ffentlichten Inhalte zu beurteilen.<\/p>\n\n\n\n<p><strong>Links zu anderen Websites<\/strong><\/p>\n\n\n\n<p>Diese Nutzungsbedingungen und alle zus\u00e4tzlichen Nutzungsbedingungen gelten nur f\u00fcr die Website. Wir stellen Links zu anderen Websites bereit, kontrollieren jedoch weder den Inhalt noch die Praktiken dieser Websites. Wir sind nicht f\u00fcr den Inhalt, die Praktiken zur Informationserfassung oder die Verwendung der von ihnen erfassten Informationen anderer Websites verantwortlich. Links zu anderen Websites stellen keine Billigung dieser Websites oder ihrer Inhalte, Eigent\u00fcmer oder Verfasser durch uns dar.<\/p>\n\n\n\n<p><strong>Ihre Nutzung der auf der Website enthaltenen Inhalte<\/strong><\/p>\n\n\n\n<p>Die gesamte Website ist urheberrechtlich gesch\u00fctzt. Bestimmte Inhalte, wie Artikel und\/oder andere Materialien, die Sie auf der Website finden, k\u00f6nnen auch separat von uns oder anderen urheberrechtlich gesch\u00fctzt sein.<\/p>\n\n\n\n<p>Sofern nicht ausdr\u00fccklich anders angegeben oder vorgesehen, werden Ihnen s\u00e4mtliche auf der Website bereitgestellten oder ver\u00f6ffentlichten Inhalte ausschlie\u00dflich zu dem Zweck zur Verf\u00fcgung gestellt, Informationen \u00fcber Enroll-HD und seine Praktiken und Fortschritte bereitzustellen oder Ihnen Zugriff auf Daten und\/oder Materialien zu gew\u00e4hren.<\/p>\n\n\n\n<p>Sofern auf der Website oder in zus\u00e4tzlichen Nutzungsbedingungen nicht ausdr\u00fccklich etwas anderes angegeben oder vorgesehen ist, gew\u00e4hren wir Ihnen eine Lizenz zur Nutzung aller von uns bereitgestellten oder auf der Website ver\u00f6ffentlichten Inhalte unter einer Creative Commons Attribution 3.0-Lizenz. Bestimmte von uns bereitgestellte oder auf der Website ver\u00f6ffentlichte Inhalte k\u00f6nnen au\u00dferdem Ihrer Zustimmung zu zus\u00e4tzlichen Nutzungsbedingungen unterliegen, die speziell f\u00fcr diese Inhalte gelten.<\/p>\n\n\n\n<p>Sie erkennen an und stimmen zu, dass die in diesem Abschnitt erteilte Genehmigung keine Billigung Ihrer Person oder Ihrer Nutzung solcher Inhalte durch uns darstellt. Bitte kontaktieren Sie uns direkt f\u00fcr andere als die in diesen Nutzungsbedingungen oder zus\u00e4tzlichen Nutzungsbedingungen ausdr\u00fccklich erteilten Urheberrechtsgenehmigungen.<\/p>\n\n\n\n<p><strong>Passw\u00f6rter<\/strong><\/p>\n\n\n\n<p>F\u00fcr die Nutzung bestimmter Bereiche der Website und den Zugriff auf bestimmte Inhalte ist ein Passwort erforderlich. Beim Erstellen eines solchen Passworts m\u00fcssen Sie bestimmte pers\u00f6nliche Daten angeben. Jeder, der Ihr Passwort kennt, kann auf solche eingeschr\u00e4nkten Bereiche der Website und eingeschr\u00e4nkten Inhalte sowie auf Ihre pers\u00f6nlichen Daten zugreifen. Dementsprechend m\u00fcssen Sie Ihr Passwort geheim halten. Indem Sie diesen Nutzungsbedingungen und allen zus\u00e4tzlichen Nutzungsbedingungen zustimmen, erkl\u00e4ren Sie sich damit einverstanden, allein f\u00fcr die Vertraulichkeit und Verwendung Ihres Passworts sowie f\u00fcr alle Mitteilungen verantwortlich zu sein, die unter Verwendung Ihres Passworts \u00fcber die Website erfolgen. Sie erkl\u00e4ren sich damit einverstanden, uns unverz\u00fcglich zu benachrichtigen, wenn Sie Kenntnis von einem Verlust oder Diebstahl Ihres Passworts oder einer unbefugten Verwendung Ihres Passworts erhalten. Wir behalten uns das Recht vor, ein Passwort jederzeit und aus beliebigem Grund zu l\u00f6schen oder zu \u00e4ndern.<\/p>\n\n\n\n<p><strong>Gew\u00e4hrleistungsausschluss, kein Ersatz f\u00fcr \u00e4rztlichen Rat und Haftungsbeschr\u00e4nkung<\/strong><\/p>\n\n\n\n<p>DIE WEBSITE WIRD \u201eWIE BESEHEN\u201c UND \u201eWIE VERF\u00dcGBAR\u201c BEREITGESTELLT. WIR UND UNSERE VERBUNDENEN UNTERNEHMEN UND VERTRETER GEBEN KEINE ZUSICHERUNGEN, GARANTIEN ODER BEDINGUNGEN JEGLICHER ART, WEDER AUSDR\u00dcCKLICH NOCH STILLSCHWEIGEND, EINSCHLIESSLICH GARANTIEN DER MARKTG\u00c4NGIGKEIT, EIGNUNG F\u00dcR EINEN BESTIMMTEN ZWECK, NICHTVERLETZUNG ODER ANDERWEITIG, HINSICHTLICH DES BETRIEBS DER WEBSITE ODER DER GENAUIGKEIT, AKTUALIT\u00c4T ODER VOLLST\u00c4NDIGKEIT DER AUF DER WEBSITE ENTHALTENEN INHALTE ODER DIENSTE. SIE STIMMEN AUSDR\u00dcCKLICH ZU, DASS IHRE NUTZUNG DER WEBSITE UND ALLER AUF DER WEBSITE ENTHALTENEN INHALTE ODER DIENSTE AUF IHR ALLEINIGES RISIKO ERFOLGT.<\/p>\n\n\n\n<p>ALLE AUF DER WEBSITE ENTHALTENEN INHALTE, WIE TEXT, BEHANDLUNGEN, DATEN, DOSIERUNGEN, ERGEBNISSE, DIAGRAMME, PATIENTENPROFILE, GRAFIKEN, FOTOS, BILDER, RATSCHL\u00c4GE, NACHRICHTEN, FORENBEITR\u00c4GE UND ALLE ANDEREN AUF DER WEBSITE BEREITGESTELLTEN INHALTE DIENEN NUR ZU INFORMATIONSZWECKEN UND SIND KEIN ERSATZ F\u00dcR PROFESSIONELLE MEDIZINISCHE BERATUNG ODER BEHANDLUNG. BEI ALLEN FRAGEN ZU IHRER GESUNDHEIT SOLLTEN SIE IMMER DEN RAT IHRES ARZTES ODER EINES ANDEREN QUALIFIZIERTEN GESUNDHEITSDIENSTES EINHOLEN. MISSACHTEN SIE NIEMALS PROFESSIONELLE MEDIZINISCHE BERATUNG ODER VERZ\u00d6GERN SIE DIE EINHOLUNG DIESES RATES WEGEN ETWAS, DAS SIE AUF DIESER WEBSITE GELESEN HABEN. WENN SIE GLAUBEN, DASS ES SICH UM EINEN MEDIZINISCHEN NOTFALL HANDELT, RUFEN SIE SOFORT IHREN ARZT ODER 911 AN. WIR EMPFEHLEN ODER BILLIGEN KEINE BESTIMMTEN TESTS, \u00c4RZTE, PRODUKTE, VERFAHREN, MEINUNGEN ODER ANDERE INHALTE, DIE AUF DER WEBSITE ERW\u00c4HNT WERDEN.<\/p>\n\n\n\n<p>SIE STIMMEN AUSDR\u00dcCKLICH ZU, DASS WEDER WIR NOCH UNSERE VERBUNDENEN UNTERNEHMEN UND VERTRETER F\u00dcR SCH\u00c4DEN JEGLICHER ART HAFTBAR SIND, DIE AUS IHRER NUTZUNG DER WEBSITE ODER DER AUF DER WEBSITE ENTHALTENEN INHALTE ODER DIENSTE ENTSTEHEN ODER RESULTIEREN, EINSCHLIESSLICH, ABER NICHT BESCHR\u00c4NKT AUF DIREKTE, INDIREKTE, ZUF\u00c4LLIGE, STRAF- UND FOLGESCH\u00c4DEN.<\/p>\n\n\n\n<p><strong>Urheberrechtsrichtlinie<\/strong><\/p>\n\n\n\n<p>Wir respektieren das geistige Eigentum anderer und bitten die Benutzer der Website, dies ebenfalls zu tun. In \u00dcbereinstimmung mit dem Digital Millennium Copyright Act (\u201eDMCA\u201c) und anderen geltenden Gesetzen haben wir eine Richtlinie eingef\u00fchrt, die es uns unter angemessenen Umst\u00e4nden und nach unserem alleinigen Ermessen erm\u00f6glicht, Benutzer der Website zu sperren, die als Wiederholungst\u00e4ter gelten. Wir k\u00f6nnen au\u00dferdem nach unserem alleinigen Ermessen den Zugriff auf die Website f\u00fcr Benutzer der Website beschr\u00e4nken, die die geistigen Eigentumsrechte anderer verletzen, unabh\u00e4ngig davon, ob es sich um eine Wiederholungsverletzung handelt oder nicht.<br><br><em><strong>Verfahren zur Benachrichtigung \u00fcber Anspr\u00fcche wegen Urheberrechtsverletzungen<\/strong><\/em><\/p>\n\n\n\n<p>Wenn Sie der Meinung sind, dass auf der Website bereitgestellte oder ver\u00f6ffentlichte Inhalte Urheberrechte verletzen, die Sie besitzen oder kontrollieren, oder dass ein Link auf dieser Website Benutzer auf eine andere Website weiterleitet, die Inhalte oder Beschreibungen enth\u00e4lt, die Urheberrechte verletzen, die Sie besitzen oder kontrollieren, k\u00f6nnen Sie uns eine Benachrichtigung \u00fcber eine solche Verletzung wie unten beschrieben zukommen lassen. Benachrichtigungen \u00fcber behauptete Urheberrechtsverletzungen m\u00fcssen an folgende Adresse gesendet werden: CHDI Foundation, Inc., c\/o CHDI Management, 350 Seventh Avenue, Suite 200, New York, NY 10001, Attention: David P. Rankin, Chief Legal Officer.<\/p>\n\n\n\n<p><em><strong>Geltendes Recht<\/strong><\/em><\/p>\n\n\n\n<p>Diese Nutzungsbedingungen und alle zus\u00e4tzlichen Nutzungsbedingungen unterliegen den Gesetzen des US-Bundesstaates New York und werden gem\u00e4\u00df diesen Gesetzen ausgelegt. Dabei wird jegliche Rechtswahl- oder Kollisionsnorm (sei es des US-Bundesstaates New York oder einer anderen Rechtsordnung) au\u00dfer Acht gelassen, die zur Anwendung der Gesetze einer anderen Rechtsordnung als dem US-Bundesstaat New York f\u00fchren w\u00fcrde.<\/p>\n\n\n\n<p><a href=\"https:\/\/chdifoundation.org\" target=\"_blank\" rel=\"noreferrer noopener\">CHDI Foundation, Inc.<\/a>  \u2013 <a href=\"https:\/\/enroll-hd.org\/de\/\">www.Enroll-HD.org<\/a> - Nutzungsbedingungen<\/p>\n\n\n\n<p>Revision Nr. 004 (g\u00fcltig ab 08.09.2016)<\/p>\n\n\n\n<p><a href=\"https:\/\/enroll-hd.org\/enrollhd_documents\/Enroll-HDWebsite_TermsOfUse_RevNo004.pdf\" target=\"_blank\" rel=\"noreferrer noopener\">Laden Sie diese Richtlinie herunter<\/a><\/p>","protected":false},"excerpt":{"rendered":"<p>Terms of Use These Terms of Use apply to your use of Enroll-HD.org, all its sub-domains and all associated services including, but not limited to, e-mail received from Enroll-HD.org, any of our computer systems, databases or networks connected to Enroll-HD.org and all its sub-domains (collectively, the &#8220;Website&#8221;). The Website is being made available for your [&hellip;]<\/p>\n","protected":false},"author":2,"featured_media":0,"parent":0,"menu_order":0,"comment_status":"closed","ping_status":"closed","template":"","meta":{"footnotes":"","_links_to":"","_links_to_target":""},"class_list":["post-16624","page","type-page","status-publish","hentry"],"_links":{"self":[{"href":"https:\/\/enroll-hd.org\/de\/wp-json\/wp\/v2\/pages\/16624","targetHints":{"allow":["GET"]}}],"collection":[{"href":"https:\/\/enroll-hd.org\/de\/wp-json\/wp\/v2\/pages"}],"about":[{"href":"https:\/\/enroll-hd.org\/de\/wp-json\/wp\/v2\/types\/page"}],"author":[{"embeddable":true,"href":"https:\/\/enroll-hd.org\/de\/wp-json\/wp\/v2\/users\/2"}],"replies":[{"embeddable":true,"href":"https:\/\/enroll-hd.org\/de\/wp-json\/wp\/v2\/comments?post=16624"}],"version-history":[{"count":2,"href":"https:\/\/enroll-hd.org\/de\/wp-json\/wp\/v2\/pages\/16624\/revisions"}],"predecessor-version":[{"id":16626,"href":"https:\/\/enroll-hd.org\/de\/wp-json\/wp\/v2\/pages\/16624\/revisions\/16626"}],"wp:attachment":[{"href":"https:\/\/enroll-hd.org\/de\/wp-json\/wp\/v2\/media?parent=16624"}],"curies":[{"name":"wp","href":"https:\/\/api.w.org\/{rel}","templated":true}]}}