{"id":1605,"date":"2021-05-28T21:28:39","date_gmt":"2021-05-29T01:28:39","guid":{"rendered":"http:\/\/54.163.87.178\/?page_id=1605"},"modified":"2021-06-02T12:57:14","modified_gmt":"2021-06-02T16:57:14","slug":"protocol-advice","status":"publish","type":"page","link":"https:\/\/enroll-hd.org\/de\/for-researchers\/protocol-advice\/","title":{"rendered":"Protokollberatung"},"content":{"rendered":"<style>.elementor-1605 .elementor-element.elementor-element-c59240f .elementor-flip-box__front{background-color:var( --e-global-color-primary );}.elementor-1605 .elementor-element.elementor-element-c59240f .elementor-flip-box__front .elementor-flip-box__layer__overlay{text-align:center;}.elementor-1605 .elementor-element.elementor-element-c59240f .elementor-icon i{transform:rotate(0deg);}.elementor-1605 .elementor-element.elementor-element-c59240f .elementor-icon svg{transform:rotate(0deg);}.elementor-1605 .elementor-element.elementor-element-c59240f .elementor-flip-box__back{background-color:var( --e-global-color-f4dfc26 );}.elementor-1605 .elementor-element.elementor-element-c59240f .elementor-flip-box__back .elementor-flip-box__layer__overlay{text-align:center;}.elementor-1605 .elementor-element.elementor-element-c59240f .elementor-flip-box__button{margin-inline-center:0;}.elementor-1605 .elementor-element.elementor-element-c59240f .elementor-flip-box__button:hover{color:var( --e-global-color-secondary );}.elementor-1605 .elementor-element.elementor-element-79db8ae .elementor-flip-box__front{background-color:var( --e-global-color-primary );}.elementor-1605 .elementor-element.elementor-element-79db8ae .elementor-flip-box__front .elementor-flip-box__layer__overlay{text-align:center;}.elementor-1605 .elementor-element.elementor-element-79db8ae .elementor-icon i{transform:rotate(0deg);}.elementor-1605 .elementor-element.elementor-element-79db8ae .elementor-icon svg{transform:rotate(0deg);}.elementor-1605 .elementor-element.elementor-element-79db8ae .elementor-flip-box__back{background-color:var( --e-global-color-f4dfc26 );}.elementor-1605 .elementor-element.elementor-element-79db8ae .elementor-flip-box__back .elementor-flip-box__layer__overlay{text-align:center;}.elementor-1605 .elementor-element.elementor-element-79db8ae .elementor-flip-box__button{margin-inline-center:0;}.elementor-1605 .elementor-element.elementor-element-79db8ae .elementor-flip-box__button:hover{color:var( --e-global-color-secondary );}:root{--page-title-display:none;}<\/style>\t\t<div data-elementor-type=\"wp-page\" data-elementor-id=\"1605\" class=\"elementor elementor-1605\" data-elementor-post-type=\"page\">\n\t\t\t\t\t\t<section class=\"elementor-section elementor-top-section elementor-element elementor-element-2c518e2 elementor-section-boxed elementor-section-height-default elementor-section-height-default\" data-id=\"2c518e2\" data-element_type=\"section\" data-e-type=\"section\">\n\t\t\t\t\t\t<div class=\"elementor-container elementor-column-gap-default\">\n\t\t\t\t\t<div class=\"elementor-column elementor-col-50 elementor-top-column elementor-element elementor-element-e281bd2\" data-id=\"e281bd2\" data-element_type=\"column\" data-e-type=\"column\">\n\t\t\t<div class=\"elementor-widget-wrap elementor-element-populated\">\n\t\t\t\t\t\t<div class=\"elementor-element elementor-element-c59240f elementor-flip-box--effect-flip elementor-flip-box--direction-up elementor-widget elementor-widget-flip-box\" data-id=\"c59240f\" data-element_type=\"widget\" data-e-type=\"widget\" data-widget_type=\"flip-box.default\">\n\t\t\t\t<div class=\"elementor-widget-container\">\n\t\t\t\t\t\t\t<div class=\"elementor-flip-box\" tabindex=\"0\">\n\t\t\t<div class=\"elementor-flip-box__layer elementor-flip-box__front\">\n\t\t\t\t<div class=\"elementor-flip-box__layer__overlay\">\n\t\t\t\t\t<div class=\"elementor-flip-box__layer__inner\">\n\t\t\t\t\t\t\t\t\t\t\t\t\t<div class=\"elementor-icon-wrapper elementor-view-default\">\n\t\t\t\t\t\t\t\t<div class=\"elementor-icon\">\n\t\t\t\t\t\t\t\t\t<i aria-hidden=\"true\" class=\"icon icon-medicine\"><\/i>\t\t\t\t\t\t\t\t<\/div>\n\t\t\t\t\t\t\t<\/div>\n\t\t\t\t\t\t\n\t\t\t\t\t\t\t\t\t\t\t\t\t<h3 class=\"elementor-flip-box__layer__title\">\n\t\t\t\t\t\t\t\tUnterst\u00fctzung bei interventionellen Studien\t\t\t\t\t\t\t<\/h3>\n\t\t\t\t\t\t\n\t\t\t\t\t\t\t\t\t\t\t\t\t<div class=\"elementor-flip-box__layer__description\">\n\t\t\t\t\t\t\t\tLorem ipsum dolor sit amet consectetur adipiscing elit dolor\t\t\t\t\t\t\t<\/div>\n\t\t\t\t\t\t\t\t\t\t\t<\/div>\n\t\t\t\t<\/div>\n\t\t\t<\/div>\n\t\t\t<div class=\"elementor-flip-box__layer elementor-flip-box__back\">\n\t\t\t<div class=\"elementor-flip-box__layer__overlay\">\n\t\t\t\t<div class=\"elementor-flip-box__layer__inner\">\n\t\t\t\t\t\t\t\t\t\t\t<h3 class=\"elementor-flip-box__layer__title\">\n\t\t\t\t\t\t\tUnterst\u00fctzung bei interventionellen Studien\t\t\t\t\t\t<\/h3>\n\t\t\t\t\t\n\t\t\t\t\t\t\t\t\t\t\t<div class=\"elementor-flip-box__layer__description\">\n\t\t\t\t\t\t\tLorem ipsum dolor sit amet consectetur adipiscing elit dolor\t\t\t\t\t\t<\/div>\n\t\t\t\t\t\n\t\t\t\t\t\t\t\t\t\t\t<a class=\"elementor-flip-box__button elementor-button elementor-size-sm\">\n\t\t\t\t\t\t\tMehr lesen\t\t\t\t\t\t<\/a>\n\t\t\t\t\t\t\t\t<\/div>\n\t\t<\/div>\n\t\t<\/div>\n\t\t<\/div>\n\t\t\t\t\t\t<\/div>\n\t\t\t\t<\/div>\n\t\t\t\t\t<\/div>\n\t\t<\/div>\n\t\t\t\t<div class=\"elementor-column elementor-col-50 elementor-top-column elementor-element elementor-element-5dfb892\" data-id=\"5dfb892\" data-element_type=\"column\" data-e-type=\"column\">\n\t\t\t<div class=\"elementor-widget-wrap elementor-element-populated\">\n\t\t\t\t\t\t<div class=\"elementor-element elementor-element-79db8ae elementor-flip-box--effect-flip elementor-flip-box--direction-up elementor-widget elementor-widget-flip-box\" data-id=\"79db8ae\" data-element_type=\"widget\" data-e-type=\"widget\" data-widget_type=\"flip-box.default\">\n\t\t\t\t<div class=\"elementor-widget-container\">\n\t\t\t\t\t\t\t<div class=\"elementor-flip-box\" tabindex=\"0\">\n\t\t\t<div class=\"elementor-flip-box__layer elementor-flip-box__front\">\n\t\t\t\t<div class=\"elementor-flip-box__layer__overlay\">\n\t\t\t\t\t<div class=\"elementor-flip-box__layer__inner\">\n\t\t\t\t\t\t\t\t\t\t\t\t\t<div class=\"elementor-icon-wrapper elementor-view-default\">\n\t\t\t\t\t\t\t\t<div class=\"elementor-icon\">\n\t\t\t\t\t\t\t\t\t<i aria-hidden=\"true\" class=\"jki jki-eye\"><\/i>\t\t\t\t\t\t\t\t<\/div>\n\t\t\t\t\t\t\t<\/div>\n\t\t\t\t\t\t\n\t\t\t\t\t\t\t\t\t\t\t\t\t<h3 class=\"elementor-flip-box__layer__title\">\n\t\t\t\t\t\t\t\tNicht-interventionelle Studienunterst\u00fctzung\t\t\t\t\t\t\t<\/h3>\n\t\t\t\t\t\t\n\t\t\t\t\t\t\t\t\t\t\t\t\t<div class=\"elementor-flip-box__layer__description\">\n\t\t\t\t\t\t\t\tLorem ipsum dolor sit amet consectetur adipiscing elit dolor\t\t\t\t\t\t\t<\/div>\n\t\t\t\t\t\t\t\t\t\t\t<\/div>\n\t\t\t\t<\/div>\n\t\t\t<\/div>\n\t\t\t<div class=\"elementor-flip-box__layer elementor-flip-box__back\">\n\t\t\t<div class=\"elementor-flip-box__layer__overlay\">\n\t\t\t\t<div class=\"elementor-flip-box__layer__inner\">\n\t\t\t\t\t\t\t\t\t\t\t<h3 class=\"elementor-flip-box__layer__title\">\n\t\t\t\t\t\t\tNicht-interventionelle Studienunterst\u00fctzung\t\t\t\t\t\t<\/h3>\n\t\t\t\t\t\n\t\t\t\t\t\t\t\t\t\t\t<div class=\"elementor-flip-box__layer__description\">\n\t\t\t\t\t\t\tLorem ipsum dolor sit amet consectetur adipiscing elit dolor\t\t\t\t\t\t<\/div>\n\t\t\t\t\t\n\t\t\t\t\t\t\t\t\t\t\t<a class=\"elementor-flip-box__button elementor-button elementor-size-sm\">\n\t\t\t\t\t\t\tMehr lesen\t\t\t\t\t\t<\/a>\n\t\t\t\t\t\t\t\t<\/div>\n\t\t<\/div>\n\t\t<\/div>\n\t\t<\/div>\n\t\t\t\t\t\t<\/div>\n\t\t\t\t<\/div>\n\t\t\t\t\t<\/div>\n\t\t<\/div>\n\t\t\t\t\t<\/div>\n\t\t<\/section>\n\t\t\t\t<\/div>","protected":false},"excerpt":{"rendered":"<p>Unterst\u00fctzung bei interventionellen Studien Lorem ipsum dolor sit amet consectetur adipiscing elit dolor Unterst\u00fctzung bei interventionellen Studien Lorem ipsum dolor sit amet consectetur adipiscing elit dolor Mehr dazu Unterst\u00fctzung bei nicht-interventionellen Studien Lorem ipsum dolor sit amet consectetur adipiscing elit dolor Unterst\u00fctzung bei nicht-interventionellen Studien Lorem ipsum dolor sit amet consectetur adipiscing elit dolor Mehr dazu<\/p>","protected":false},"author":1,"featured_media":0,"parent":1060,"menu_order":0,"comment_status":"closed","ping_status":"closed","template":"","meta":{"footnotes":"","_links_to":"","_links_to_target":""},"class_list":["post-1605","page","type-page","status-publish","hentry"],"_links":{"self":[{"href":"https:\/\/enroll-hd.org\/de\/wp-json\/wp\/v2\/pages\/1605","targetHints":{"allow":["GET"]}}],"collection":[{"href":"https:\/\/enroll-hd.org\/de\/wp-json\/wp\/v2\/pages"}],"about":[{"href":"https:\/\/enroll-hd.org\/de\/wp-json\/wp\/v2\/types\/page"}],"author":[{"embeddable":true,"href":"https:\/\/enroll-hd.org\/de\/wp-json\/wp\/v2\/users\/1"}],"replies":[{"embeddable":true,"href":"https:\/\/enroll-hd.org\/de\/wp-json\/wp\/v2\/comments?post=1605"}],"version-history":[{"count":16,"href":"https:\/\/enroll-hd.org\/de\/wp-json\/wp\/v2\/pages\/1605\/revisions"}],"predecessor-version":[{"id":1773,"href":"https:\/\/enroll-hd.org\/de\/wp-json\/wp\/v2\/pages\/1605\/revisions\/1773"}],"up":[{"embeddable":true,"href":"https:\/\/enroll-hd.org\/de\/wp-json\/wp\/v2\/pages\/1060"}],"wp:attachment":[{"href":"https:\/\/enroll-hd.org\/de\/wp-json\/wp\/v2\/media?parent=1605"}],"curies":[{"name":"wp","href":"https:\/\/api.w.org\/{rel}","templated":true}]}}