{"id":12126,"date":"2022-01-14T13:13:27","date_gmt":"2022-01-14T18:13:27","guid":{"rendered":"https:\/\/3.84.221.207\/?page_id=12126"},"modified":"2023-11-30T16:31:57","modified_gmt":"2023-11-30T21:31:57","slug":"apply-for-an-account","status":"publish","type":"page","link":"https:\/\/enroll-hd.org\/de\/for-researchers\/apply-for-an-account\/","title":{"rendered":"Beantragen Sie ein Konto"},"content":{"rendered":"<style>.elementor-12126 .elementor-element.elementor-element-d8f9236 > .elementor-container{max-width:700px;}.elementor-12126 .elementor-element.elementor-element-d8f9236:not(.elementor-motion-effects-element-type-background), .elementor-12126 .elementor-element.elementor-element-d8f9236 > .elementor-motion-effects-container > .elementor-motion-effects-layer{background-image:url(\"https:\/\/enroll-hd.org\/wp-content\/uploads\/2021\/12\/newsletter_4.jpg\");background-position:0px 65%;background-repeat:no-repeat;background-size:cover;}.elementor-12126 .elementor-element.elementor-element-d8f9236 > .elementor-background-overlay{background-color:#063089;opacity:0.3;transition:background 0.3s, border-radius 0.3s, opacity 0.3s;}.elementor-12126 .elementor-element.elementor-element-d8f9236{transition:background 0.3s, border 0.3s, border-radius 0.3s, box-shadow 0.3s;margin-top:0px;margin-bottom:0px;padding:5% 0% 5% 0%;}.elementor-12126 .elementor-element.elementor-element-7e76b89.elementor-column > .elementor-widget-wrap{justify-content:center;}.elementor-12126 .elementor-element.elementor-element-7e76b89 > .elementor-element-populated >  .elementor-background-overlay{background-color:var( --e-global-color-primary );opacity:0.8;}.elementor-12126 .elementor-element.elementor-element-7e76b89 > .elementor-element-populated{transition:background 0.3s, border 0.3s, border-radius 0.3s, box-shadow 0.3s;padding:40px 0px 40px 0px;}.elementor-12126 .elementor-element.elementor-element-7e76b89 > .elementor-element-populated > .elementor-background-overlay{transition:background 0.3s, border-radius 0.3s, opacity 0.3s;}.elementor-12126 .elementor-element.elementor-element-fad79eb{text-align:center;}.elementor-12126 .elementor-element.elementor-element-fad79eb .elementor-heading-title{font-family:var( --e-global-typography-51cde77-font-family ), Sans-serif;font-size:var( --e-global-typography-51cde77-font-size );font-weight:var( --e-global-typography-51cde77-font-weight );line-height:var( --e-global-typography-51cde77-line-height );letter-spacing:var( --e-global-typography-51cde77-letter-spacing );word-spacing:var( --e-global-typography-51cde77-word-spacing );color:#FFFFFF;}.elementor-12126 .elementor-element.elementor-element-4523918 .jeg-elementor-kit.jkit-button{text-align:center;}.elementor-12126 .elementor-element.elementor-element-4523918 .jeg-elementor-kit.jkit-button .jkit-button-wrapper{padding:0px 0px 0px 0px;font-family:var( --e-global-typography-6cb29b0-font-family ), Sans-serif;font-size:var( --e-global-typography-6cb29b0-font-size );font-weight:var( --e-global-typography-6cb29b0-font-weight );line-height:var( --e-global-typography-6cb29b0-line-height );letter-spacing:var( --e-global-typography-6cb29b0-letter-spacing );word-spacing:var( --e-global-typography-6cb29b0-word-spacing );color:#FFFFFF;background-color:#02010100;}.elementor-12126 .elementor-element.elementor-element-4523918 .jeg-elementor-kit.jkit-button .jkit-button-wrapper svg{fill:#FFFFFF;width:15px;}.elementor-12126 .elementor-element.elementor-element-4523918 .jeg-elementor-kit.jkit-button .jkit-button-wrapper i{font-size:15px;}.elementor-12126 .elementor-element.elementor-element-4523918 .jeg-elementor-kit.jkit-button.icon-position-before .jkit-button-wrapper i, .elementor-12126 .elementor-element.elementor-element-4523918 .jeg-elementor-kit.jkit-button.icon-position-before .jkit-button-wrapper svg{margin-right:10px;}.elementor-12126 .elementor-element.elementor-element-4523918 .jeg-elementor-kit.jkit-button.icon-position-after .jkit-button-wrapper i, .elementor-12126 .elementor-element.elementor-element-4523918 .jeg-elementor-kit.jkit-button.icon-position-after .jkit-button-wrapper svg{margin-left:10px;}.elementor-12126 .elementor-element.elementor-element-4523918 > .elementor-widget-container{margin:0px 10px 0px 0px;}.elementor-12126 .elementor-element.elementor-element-4523918{width:auto;max-width:auto;}.elementor-12126 .elementor-element.elementor-element-394fb50 .elementor-heading-title{font-family:var( --e-global-typography-6cb29b0-font-family ), Sans-serif;font-size:var( --e-global-typography-6cb29b0-font-size );font-weight:var( --e-global-typography-6cb29b0-font-weight );line-height:var( --e-global-typography-6cb29b0-line-height );letter-spacing:var( --e-global-typography-6cb29b0-letter-spacing );word-spacing:var( --e-global-typography-6cb29b0-word-spacing );color:#FFFFFF;}.elementor-12126 .elementor-element.elementor-element-394fb50{width:auto;max-width:auto;align-self:center;}.elementor-12126 .elementor-element.elementor-element-a77eed4{color:var( --e-global-color-text );margin-top:50px;margin-bottom:0px;}.elementor-12126 .elementor-element.elementor-element-a77eed4 a{color:var( --e-global-color-primary );}:root{--page-title-display:none;}@media(max-width:1024px) and (min-width:768px){.elementor-12126 .elementor-element.elementor-element-7e76b89{width:100%;}}@media(max-width:1024px){.elementor-12126 .elementor-element.elementor-element-d8f9236:not(.elementor-motion-effects-element-type-background), .elementor-12126 .elementor-element.elementor-element-d8f9236 > .elementor-motion-effects-container > .elementor-motion-effects-layer{background-position:center center;}.elementor-12126 .elementor-element.elementor-element-d8f9236{padding:10% 0% 10% 0%;}.elementor-12126 .elementor-element.elementor-element-7e76b89 > .elementor-element-populated{margin:0px 0px 0px 0px;--e-column-margin-right:0px;--e-column-margin-left:0px;}.elementor-12126 .elementor-element.elementor-element-fad79eb .elementor-heading-title{font-size:var( --e-global-typography-51cde77-font-size );line-height:var( --e-global-typography-51cde77-line-height );letter-spacing:var( --e-global-typography-51cde77-letter-spacing );word-spacing:var( --e-global-typography-51cde77-word-spacing );}.elementor-12126 .elementor-element.elementor-element-4523918 .jeg-elementor-kit.jkit-button .jkit-button-wrapper{font-size:var( --e-global-typography-6cb29b0-font-size );line-height:var( --e-global-typography-6cb29b0-line-height );letter-spacing:var( --e-global-typography-6cb29b0-letter-spacing );word-spacing:var( --e-global-typography-6cb29b0-word-spacing );}.elementor-12126 .elementor-element.elementor-element-4523918 .jeg-elementor-kit.jkit-button.icon-position-before .jkit-button-wrapper i, .elementor-12126 .elementor-element.elementor-element-4523918 .jeg-elementor-kit.jkit-button.icon-position-before .jkit-button-wrapper svg{margin-right:10px;}.elementor-12126 .elementor-element.elementor-element-4523918 .jeg-elementor-kit.jkit-button.icon-position-after .jkit-button-wrapper i, .elementor-12126 .elementor-element.elementor-element-4523918 .jeg-elementor-kit.jkit-button.icon-position-after .jkit-button-wrapper svg{margin-left:10px;}.elementor-12126 .elementor-element.elementor-element-394fb50 .elementor-heading-title{font-size:var( --e-global-typography-6cb29b0-font-size );line-height:var( --e-global-typography-6cb29b0-line-height );letter-spacing:var( --e-global-typography-6cb29b0-letter-spacing );word-spacing:var( --e-global-typography-6cb29b0-word-spacing );}.elementor-12126 .elementor-element.elementor-element-394fb50 > .elementor-widget-container{margin:2px 0px 0px 0px;}}@media(max-width:767px){.elementor-12126 .elementor-element.elementor-element-d8f9236:not(.elementor-motion-effects-element-type-background), .elementor-12126 .elementor-element.elementor-element-d8f9236 > .elementor-motion-effects-container > .elementor-motion-effects-layer{background-position:center center;}.elementor-12126 .elementor-element.elementor-element-d8f9236{margin-top:0px;margin-bottom:0px;padding:15% 0% 15% 0%;}.elementor-12126 .elementor-element.elementor-element-7e76b89 > .elementor-element-populated{margin:0px 20px 0px 20px;--e-column-margin-right:20px;--e-column-margin-left:20px;}.elementor-12126 .elementor-element.elementor-element-fad79eb .elementor-heading-title{font-size:var( --e-global-typography-51cde77-font-size );line-height:var( --e-global-typography-51cde77-line-height );letter-spacing:var( --e-global-typography-51cde77-letter-spacing );word-spacing:var( --e-global-typography-51cde77-word-spacing );}.elementor-12126 .elementor-element.elementor-element-4523918 .jeg-elementor-kit.jkit-button .jkit-button-wrapper{font-size:var( --e-global-typography-6cb29b0-font-size );line-height:var( --e-global-typography-6cb29b0-line-height );letter-spacing:var( --e-global-typography-6cb29b0-letter-spacing );word-spacing:var( --e-global-typography-6cb29b0-word-spacing );}.elementor-12126 .elementor-element.elementor-element-4523918 .jeg-elementor-kit.jkit-button.icon-position-before .jkit-button-wrapper i, .elementor-12126 .elementor-element.elementor-element-4523918 .jeg-elementor-kit.jkit-button.icon-position-before .jkit-button-wrapper svg{margin-right:10px;}.elementor-12126 .elementor-element.elementor-element-4523918 .jeg-elementor-kit.jkit-button.icon-position-after .jkit-button-wrapper i, .elementor-12126 .elementor-element.elementor-element-4523918 .jeg-elementor-kit.jkit-button.icon-position-after .jkit-button-wrapper svg{margin-left:10px;}.elementor-12126 .elementor-element.elementor-element-394fb50 .elementor-heading-title{font-size:var( --e-global-typography-6cb29b0-font-size );line-height:var( --e-global-typography-6cb29b0-line-height );letter-spacing:var( --e-global-typography-6cb29b0-letter-spacing );word-spacing:var( --e-global-typography-6cb29b0-word-spacing );}.elementor-12126 .elementor-element.elementor-element-394fb50 > .elementor-widget-container{margin:0px 0px 0px 0px;}}<\/style>\t\t<div data-elementor-type=\"wp-page\" data-elementor-id=\"12126\" class=\"elementor elementor-12126\" data-elementor-post-type=\"page\">\n\t\t\t\t\t\t<section class=\"elementor-section elementor-top-section elementor-element elementor-element-d8f9236 elementor-section-boxed elementor-section-height-default elementor-section-height-default\" data-id=\"d8f9236\" data-element_type=\"section\" data-e-type=\"section\" data-settings=\"{&quot;background_background&quot;:&quot;classic&quot;}\">\n\t\t\t\t\t\t\t<div class=\"elementor-background-overlay\"><\/div>\n\t\t\t\t\t\t\t<div class=\"elementor-container elementor-column-gap-default\">\n\t\t\t\t\t<div class=\"elementor-column elementor-col-100 elementor-top-column elementor-element elementor-element-7e76b89\" data-id=\"7e76b89\" data-element_type=\"column\" data-e-type=\"column\" data-settings=\"{&quot;background_background&quot;:&quot;classic&quot;}\">\n\t\t\t<div class=\"elementor-widget-wrap elementor-element-populated\">\n\t\t\t\t\t<div class=\"elementor-background-overlay\"><\/div>\n\t\t\t\t\t\t<div class=\"elementor-element elementor-element-fad79eb elementor-widget elementor-widget-heading\" data-id=\"fad79eb\" data-element_type=\"widget\" data-e-type=\"widget\" data-widget_type=\"heading.default\">\n\t\t\t\t<div class=\"elementor-widget-container\">\n\t\t\t\t\t<h2 class=\"elementor-heading-title elementor-size-default\">Beantragen Sie ein Trainingskonto<\/h2>\t\t\t\t<\/div>\n\t\t\t\t<\/div>\n\t\t\t\t<div class=\"elementor-element elementor-element-4523918 elementor-widget__width-auto elementor-widget elementor-widget-jkit_button\" data-id=\"4523918\" data-element_type=\"widget\" data-e-type=\"widget\" data-widget_type=\"jkit_button.default\">\n\t\t\t\t<div class=\"elementor-widget-container\">\n\t\t\t\t\t<div  class=\"jeg-elementor-kit jkit-button  icon-position-after jeg_module___69d5dececcdf7\" ><a href=\"\/de\/for-researchers\/\" class=\"jkit-button-wrapper\">F\u00fcr Forscher<i aria-hidden=\"true\" class=\"fas fa-chevron-right\"><\/i><\/a><\/div>\t\t\t\t<\/div>\n\t\t\t\t<\/div>\n\t\t\t\t<div class=\"elementor-element elementor-element-394fb50 elementor-widget__width-auto elementor-widget elementor-widget-heading\" data-id=\"394fb50\" data-element_type=\"widget\" data-e-type=\"widget\" data-widget_type=\"heading.default\">\n\t\t\t\t<div class=\"elementor-widget-container\">\n\t\t\t\t\t<h2 class=\"elementor-heading-title elementor-size-default\">Beantragen Sie ein Trainingskonto<\/h2>\t\t\t\t<\/div>\n\t\t\t\t<\/div>\n\t\t\t\t\t<\/div>\n\t\t<\/div>\n\t\t\t\t\t<\/div>\n\t\t<\/section>\n\t\t\t\t<section class=\"elementor-section elementor-top-section elementor-element elementor-element-a77eed4 elementor-section-boxed elementor-section-height-default elementor-section-height-default\" data-id=\"a77eed4\" data-element_type=\"section\" data-e-type=\"section\">\n\t\t\t\t\t\t<div class=\"elementor-container elementor-column-gap-default\">\n\t\t\t\t\t<div class=\"elementor-column elementor-col-100 elementor-top-column elementor-element elementor-element-8663b27\" data-id=\"8663b27\" data-element_type=\"column\" data-e-type=\"column\">\n\t\t\t<div class=\"elementor-widget-wrap elementor-element-populated\">\n\t\t\t\t\t\t<div class=\"elementor-element elementor-element-6f4ac60 elementor-widget elementor-widget-shortcode\" data-id=\"6f4ac60\" data-element_type=\"widget\" data-e-type=\"widget\" data-widget_type=\"shortcode.default\">\n\t\t\t\t<div class=\"elementor-widget-container\">\n\t\t\t\t\t\t\t<div class=\"elementor-shortcode\"><div class=\"wpforms-container wpforms-container-full\" id=\"wpforms-15198\"><form id=\"wpforms-form-15198\" class=\"wpforms-validate wpforms-form\" data-formid=\"15198\" method=\"post\" enctype=\"multipart\/form-data\" action=\"\/de\/wp-json\/wp\/v2\/pages\/12126\" data-token=\"f6c3f696fdf0ddc0bc7ef69e8e03e0a6\" data-token-time=\"1775623886\" data-trp-original-action=\"\/de\/wp-json\/wp\/v2\/pages\/12126\"><noscript class=\"wpforms-error-noscript\">Bitte aktivieren Sie JavaScript in Ihrem Browser, um dieses Formular fertigzustellen.<\/noscript><div class=\"wpforms-field-container\"><div id=\"wpforms-15198-field_27-container\" class=\"wpforms-field wpforms-field-content\" data-field-id=\"27\"><div id=\"wpforms-15198-field_27\" class=\"wpforms-field-medium wpforms-field-row\"><h5><span style=\"color:#993300\">Wenn Sie Schulungszugang f\u00fcr die Bewertung von Teilnehmern der Enroll-HD-Studie ben\u00f6tigen oder ein Konto f\u00fcr die Enroll-HD-Studie haben und ein Passwort zur\u00fccksetzen m\u00fcssen, f\u00fcllen Sie bitte dieses Formular nicht aus und wenden Sie sich stattdessen an Ihren Site Manager\/Lanco.<\/span><\/h5>\n<div class=\"wpforms-field-content-display-frontend-clear\"><\/div><\/div><\/div><div id=\"wpforms-15198-field_21-container\" class=\"wpforms-field wpforms-field-name\" data-field-id=\"21\"><label class=\"wpforms-field-label\">Name <span class=\"wpforms-required-label\">*<\/span><\/label><div class=\"wpforms-field-row wpforms-field-medium\"><div class=\"wpforms-field-row-block wpforms-first wpforms-one-half\"><input type=\"text\" id=\"wpforms-15198-field_21\" class=\"wpforms-field-name-first wpforms-field-required\" name=\"wpforms[fields][21][first]\" required><label for=\"wpforms-15198-field_21\" class=\"wpforms-field-sublabel after\">Vorname<\/label><\/div><div class=\"wpforms-field-row-block wpforms-one-half\"><input type=\"text\" id=\"wpforms-15198-field_21-last\" class=\"wpforms-field-name-last wpforms-field-required\" name=\"wpforms[fields][21][last]\" required><label for=\"wpforms-15198-field_21-last\" class=\"wpforms-field-sublabel after\">Nachname<\/label><\/div><\/div><\/div><div id=\"wpforms-15198-field_15-container\" class=\"wpforms-field wpforms-field-email\" data-field-id=\"15\"><label class=\"wpforms-field-label\" for=\"wpforms-15198-field_15\">Email <span class=\"wpforms-required-label\">*<\/span><\/label><input type=\"email\" id=\"wpforms-15198-field_15\" class=\"wpforms-field-medium wpforms-field-required\" name=\"wpforms[fields][15]\" spellcheck=\"false\" required><div class=\"wpforms-field-description\">Bitte geben Sie die institutionelle E-Mail-Adresse an.<\/div><\/div><div id=\"wpforms-15198-field_16-container\" class=\"wpforms-field wpforms-field-text\" data-field-id=\"16\"><label class=\"wpforms-field-label\" for=\"wpforms-15198-field_16\">Berufsbezeichnung <span class=\"wpforms-required-label\">*<\/span><\/label><input type=\"text\" id=\"wpforms-15198-field_16\" class=\"wpforms-field-medium wpforms-field-required\" name=\"wpforms[fields][16]\" required><\/div><div id=\"wpforms-15198-field_17-container\" class=\"wpforms-field wpforms-field-text\" data-field-id=\"17\"><label class=\"wpforms-field-label\" for=\"wpforms-15198-field_17\">Organisation\/Arbeitgeber <span class=\"wpforms-required-label\">*<\/span><\/label><input type=\"text\" id=\"wpforms-15198-field_17\" class=\"wpforms-field-medium wpforms-field-required\" name=\"wpforms[fields][17]\" required><\/div><div id=\"wpforms-15198-field_28-container\" class=\"wpforms-field wpforms-field-select wpforms-field-select-style-classic\" data-field-id=\"28\"><label class=\"wpforms-field-label\" for=\"wpforms-15198-field_28\">Standort (Land) <span class=\"wpforms-required-label\">*<\/span><\/label><select id=\"wpforms-15198-field_28\" class=\"wpforms-field-medium wpforms-field-required\" name=\"wpforms[fields][28]\" required=\"required\"><option value=\"Albania\"  class=\"choice-4 depth-1\"  >Albanien<\/option><option value=\"Argentina\"  class=\"choice-5 depth-1\"  >Argentinien<\/option><option value=\"Armenia\"  class=\"choice-47 depth-1\"  >Armenien<\/option><option value=\"Australia\"  class=\"choice-6 depth-1\"  >Australien<\/option><option value=\"Austria\"  class=\"choice-7 depth-1\"  >\u00d6sterreich<\/option><option value=\"Belgium\"  class=\"choice-8 depth-1\"  >Belgien<\/option><option value=\"Brazil\"  class=\"choice-9 depth-1\"  >Brasilien<\/option><option value=\"Bulgaria\"  class=\"choice-10 depth-1\"  >Bulgarien<\/option><option value=\"Canada\"  class=\"choice-11 depth-1\"  >Kanada<\/option><option value=\"Chile\"  class=\"choice-12 depth-1\"  >Chile<\/option><option value=\"China\"  class=\"choice-13 depth-1\"  >China<\/option><option value=\"Colombia\"  class=\"choice-14 depth-1\"  >Kolumbien<\/option><option value=\"Czech Republic\"  class=\"choice-15 depth-1\"  >Tschechien<\/option><option value=\"Denmark\"  class=\"choice-16 depth-1\"  >D\u00e4nemark<\/option><option value=\"Ecuador\"  class=\"choice-17 depth-1\"  >Ecuador<\/option><option value=\"Estonia\"  class=\"choice-18 depth-1\"  >Estland<\/option><option value=\"Finland\"  class=\"choice-19 depth-1\"  >Finnland<\/option><option value=\"France\"  class=\"choice-20 depth-1\"  >Frankreich<\/option><option value=\"Georgia\"  class=\"choice-48 depth-1\"  >Georgia<\/option><option value=\"Germany\"  class=\"choice-21 depth-1\"  >Deutschland<\/option><option value=\"Greece\"  class=\"choice-22 depth-1\"  >Griechenland<\/option><option value=\"Hungary\"  class=\"choice-23 depth-1\"  >Ungarn<\/option><option value=\"Ireland\"  class=\"choice-24 depth-1\"  >Irland<\/option><option value=\"Israel\"  class=\"choice-45 depth-1\"  >Israel<\/option><option value=\"Italy\"  class=\"choice-25 depth-1\"  >Italien<\/option><option value=\"Japan\"  class=\"choice-49 depth-1\"  >Japan<\/option><option value=\"Latvia\"  class=\"choice-26 depth-1\"  >Lettland<\/option><option value=\"Lithuania\"  class=\"choice-27 depth-1\"  >Litauen<\/option><option value=\"Mexico\"  class=\"choice-46 depth-1\"  >Mexiko<\/option><option value=\"Netherlands\"  class=\"choice-28 depth-1\"  >Niederlande<\/option><option value=\"New Zealand\"  class=\"choice-29 depth-1\"  >Neuseeland<\/option><option value=\"Norway\"  class=\"choice-30 depth-1\"  >Norwegen<\/option><option value=\"Peru\"  class=\"choice-31 depth-1\"  >Peru<\/option><option value=\"Poland\"  class=\"choice-32 depth-1\"  >Polen<\/option><option value=\"Portugal\"  class=\"choice-33 depth-1\"  >Portugal<\/option><option value=\"Romania\"  class=\"choice-34 depth-1\"  >Rum\u00e4nien<\/option><option value=\"Saudi Arabia\"  class=\"choice-51 depth-1\"  >Saudi-Arabien<\/option><option value=\"Scotland\"  class=\"choice-36 depth-1\"  >Schottland<\/option><option value=\"Slovakia\"  class=\"choice-37 depth-1\"  >Slowakei<\/option><option value=\"South Korea\"  class=\"choice-50 depth-1\"  >S\u00fcdkorea<\/option><option value=\"Spain\"  class=\"choice-38 depth-1\"  >Spanien<\/option><option value=\"Sweden\"  class=\"choice-39 depth-1\"  >Schweden<\/option><option value=\"Switzerland\"  class=\"choice-40 depth-1\"  >Schweiz<\/option><option value=\"Taiwan\"  class=\"choice-52 depth-1\"  >Taiwan<\/option><option value=\"UK\"  class=\"choice-41 depth-1\"  >Vereinigtes K\u00f6nigreich<\/option><option value=\"Ukraine\"  class=\"choice-42 depth-1\"  >Ukraine<\/option><option value=\"United States\"  class=\"choice-43 depth-1\"  >Vereinigte Staaten<\/option><option value=\"Venezuela\"  class=\"choice-44 depth-1\"  >Venezuela<\/option><\/select><\/div><div id=\"wpforms-15198-field_20-container\" class=\"wpforms-field wpforms-field-radio wpforms-conditional-trigger\" data-field-id=\"20\"><label class=\"wpforms-field-label\">Ich beantrage Zugang zur Schulung, weil: <span class=\"wpforms-required-label\">*<\/span><\/label><ul id=\"wpforms-15198-field_20\" class=\"wpforms-field-required\"><li class=\"choice-1 depth-1\"><input type=\"radio\" id=\"wpforms-15198-field_20_1\" name=\"wpforms[fields][20]\" value=\"I am a rater for an Enroll-HD platform study (e.g., Enroll-HD, HDClarity, LSA, etc.)\" required><label class=\"wpforms-field-label-inline\" for=\"wpforms-15198-field_20_1\">Ich bin Bewerter f\u00fcr eine Enroll-HD-Plattformstudie (z. B. Enroll-HD, HDClarity, LSA usw.)<\/label><\/li><li class=\"choice-3 depth-1\"><input type=\"radio\" id=\"wpforms-15198-field_20_3\" name=\"wpforms[fields][20]\" value=\"I am a rater for an HSG\/academic (non-industry sponsored) study but not a rater for an Enroll-HD platform study\" required><label class=\"wpforms-field-label-inline\" for=\"wpforms-15198-field_20_3\">Ich bin Bewerter f\u00fcr eine HSG-\/akademische (nicht von der Industrie gesponserte) Studie, aber kein Bewerter f\u00fcr eine Enroll-HD-Plattformstudie<\/label><\/li><li class=\"choice-4 depth-1\"><input type=\"radio\" id=\"wpforms-15198-field_20_4\" name=\"wpforms[fields][20]\" value=\"I am working on an industry sponsored study\" required><label class=\"wpforms-field-label-inline\" for=\"wpforms-15198-field_20_4\">Ich arbeite an einer von der Industrie gef\u00f6rderten Studie<\/label><\/li><li class=\"choice-5 depth-1\"><input type=\"radio\" id=\"wpforms-15198-field_20_5\" name=\"wpforms[fields][20]\" value=\"I am a medical student\" required><label class=\"wpforms-field-label-inline\" for=\"wpforms-15198-field_20_5\">Ich bin ein Medizinstudent<\/label><\/li><li class=\"choice-6 depth-1\"><input type=\"radio\" id=\"wpforms-15198-field_20_6\" name=\"wpforms[fields][20]\" value=\"Other\" required><label class=\"wpforms-field-label-inline\" for=\"wpforms-15198-field_20_6\">Andere<\/label><\/li><\/ul><\/div><div id=\"wpforms-15198-field_22-container\" class=\"wpforms-field wpforms-field-textarea wpforms-conditional-field wpforms-conditional-hide\" data-field-id=\"22\"><label class=\"wpforms-field-label\" for=\"wpforms-15198-field_22\">Geben Sie unten die folgenden erforderlichen Informationen zu Ihrer Zugangsanfrage an (Name der Studie\/Studie und Name des Studien-\/Studienstandorts). <span class=\"wpforms-required-label\">*<\/span><\/label><textarea id=\"wpforms-15198-field_22\" class=\"wpforms-field-medium wpforms-field-required\" name=\"wpforms[fields][22]\" required><\/textarea><div class=\"wpforms-field-description\">Bitte geben Sie ggf. den Studien-\/Studienstandort oder den Namen Ihrer Institution an.<\/div><\/div><div id=\"wpforms-15198-field_25-container\" class=\"wpforms-field wpforms-field-html\" data-field-id=\"25\"><div id=\"wpforms-15198-field_25\"><p>Indem Sie dieses Formular zur Bereitstellung Ihrer Daten absenden, erkennen Sie an, dass Ihre Daten \u00fcbertragen werden, und stimmen der Verarbeitung durch uns zu.<\/p>\r\n<\/div><\/div><\/div><!-- .wpforms-field-container --><div class=\"wpforms-recaptcha-container wpforms-is-recaptcha wpforms-is-recaptcha-type-v3\" ><input type=\"hidden\" name=\"wpforms[recaptcha]\" value=\"\"><\/div><div class=\"wpforms-submit-container\" ><input type=\"hidden\" name=\"wpforms[id]\" value=\"15198\"><input type=\"hidden\" name=\"page_title\" value=\"\"><input type=\"hidden\" name=\"page_url\" value=\"https:\/\/enroll-hd.org\/de\/wp-json\/wp\/v2\/pages\/12126\"><input type=\"hidden\" name=\"url_referer\" value=\"\"><button type=\"submit\" name=\"wpforms[submit]\" id=\"wpforms-submit-15198\" class=\"wpforms-submit\" data-alt-text=\"Sending...\" data-submit-text=\"Submit\" aria-live=\"assertive\" value=\"wpforms-submit\">Absenden<\/button><\/div><input type=\"hidden\" name=\"trp-form-language\" value=\"de\"\/><\/form><\/div>  <!-- .wpforms-container --><\/div>\n\t\t\t\t\t\t<\/div>\n\t\t\t\t<\/div>\n\t\t\t\t\t<\/div>\n\t\t<\/div>\n\t\t\t\t\t<\/div>\n\t\t<\/section>\n\t\t\t\t<\/div>","protected":false},"excerpt":{"rendered":"<p>Beantragen Sie ein Schulungskonto. F\u00fcr Forscher Beantragen Sie ein Schulungskonto<\/p>","protected":false},"author":1,"featured_media":0,"parent":1060,"menu_order":0,"comment_status":"closed","ping_status":"closed","template":"","meta":{"footnotes":"","_links_to":"","_links_to_target":""},"class_list":["post-12126","page","type-page","status-publish","hentry"],"_links":{"self":[{"href":"https:\/\/enroll-hd.org\/de\/wp-json\/wp\/v2\/pages\/12126","targetHints":{"allow":["GET"]}}],"collection":[{"href":"https:\/\/enroll-hd.org\/de\/wp-json\/wp\/v2\/pages"}],"about":[{"href":"https:\/\/enroll-hd.org\/de\/wp-json\/wp\/v2\/types\/page"}],"author":[{"embeddable":true,"href":"https:\/\/enroll-hd.org\/de\/wp-json\/wp\/v2\/users\/1"}],"replies":[{"embeddable":true,"href":"https:\/\/enroll-hd.org\/de\/wp-json\/wp\/v2\/comments?post=12126"}],"version-history":[{"count":64,"href":"https:\/\/enroll-hd.org\/de\/wp-json\/wp\/v2\/pages\/12126\/revisions"}],"predecessor-version":[{"id":15245,"href":"https:\/\/enroll-hd.org\/de\/wp-json\/wp\/v2\/pages\/12126\/revisions\/15245"}],"up":[{"embeddable":true,"href":"https:\/\/enroll-hd.org\/de\/wp-json\/wp\/v2\/pages\/1060"}],"wp:attachment":[{"href":"https:\/\/enroll-hd.org\/de\/wp-json\/wp\/v2\/media?parent=12126"}],"curies":[{"name":"wp","href":"https:\/\/api.w.org\/{rel}","templated":true}]}}